{"id":729733,"date":"2025-08-27T21:01:34","date_gmt":"2025-08-27T18:01:34","guid":{"rendered":"https:\/\/roveyayinevi.com.tr\/index.php\/urun\/kardorobot\/"},"modified":"2025-11-21T06:41:54","modified_gmt":"2025-11-21T03:41:54","slug":"kardorobot","status":"publish","type":"product","link":"https:\/\/roveyayinevi.com.tr\/index.php\/urun\/kardorobot\/","title":{"rendered":"Kardorobot"},"content":{"rendered":"<p>Sally, d\u00fcnya genelinde on iki ya\u015f\u0131ndan k\u00fc\u00e7\u00fck mucitler aras\u0131nda en iyisi, \u00f6d\u00fclleri bile var! Ve bu k\u00fc\u00e7\u00fck mucit; her yeri da\u011f\u0131tan, pis kokulu, yap\u0131\u015f yap\u0131\u015f erkek karde\u015finden \u00e7ok daha iyisini icat edebilece\u011fini d\u00fc\u015f\u00fcn\u00fcyor ve Kardorobot\u2019u yap\u0131yor! Kardorobot harika bir erkek karde\u015f; da\u011f\u0131n\u0131kl\u0131\u011f\u0131 toplayabiliyor, bozuk \u015feyleri onarabiliyor ve muhte\u015fem mini kekler pi\u015firiyor! Fakat bir g\u00fcn i\u015fler kontrolden \u00e7\u0131k\u0131nca olanlar oluyor\u2026 Sally, karde\u015fi Joe ve Kardorobot\u2019un bu e\u011flenceli hik\u00e2yesi sizi g\u00fclmekten k\u0131r\u0131p ge\u00e7irecek! <\/p>\n","protected":false},"excerpt":{"rendered":"<p>Sally, d\u00fcnya genelinde on iki ya\u015f\u0131ndan k\u00fc\u00e7\u00fck mucitler aras\u0131nda en iyisi, \u00f6d\u00fclleri bile var! Ve bu k\u00fc\u00e7\u00fck mucit; her yeri da\u011f\u0131tan, pis kokulu, yap\u0131\u015f yap\u0131\u015f erkek<span class=\"excerpt-hellip\"> [\u2026]<\/span><\/p>\n","protected":false},"featured_media":0,"template":"","meta":{"_monsterinsights_skip_tracking":false,"_monsterinsights_sitenote_active":false,"_monsterinsights_sitenote_note":"","_monsterinsights_sitenote_category":0},"product_brand":[],"product_cat":[12275,12274],"product_tag":[],"class_list":{"0":"post-729733","1":"product","2":"type-product","3":"status-publish","5":"product_cat-6-12-yas-kitaplari","6":"product_cat-cocuk-ve-genclik-kitaplari","7":"pa_cilt-ciltsiz","8":"pa_tur-kitap","9":"pa_yayinevi-ithaki-yayinlari","10":"pa_yazar-james-foley","12":"first","13":"instock","14":"sale","15":"shipping-taxable","16":"purchasable","17":"product-type-simple"},"_links":{"self":[{"href":"https:\/\/roveyayinevi.com.tr\/index.php\/wp-json\/wp\/v2\/product\/729733","targetHints":{"allow":["GET"]}}],"collection":[{"href":"https:\/\/roveyayinevi.com.tr\/index.php\/wp-json\/wp\/v2\/product"}],"about":[{"href":"https:\/\/roveyayinevi.com.tr\/index.php\/wp-json\/wp\/v2\/types\/product"}],"wp:attachment":[{"href":"https:\/\/roveyayinevi.com.tr\/index.php\/wp-json\/wp\/v2\/media?parent=729733"}],"wp:term":[{"taxonomy":"product_brand","embeddable":true,"href":"https:\/\/roveyayinevi.com.tr\/index.php\/wp-json\/wp\/v2\/product_brand?post=729733"},{"taxonomy":"product_cat","embeddable":true,"href":"https:\/\/roveyayinevi.com.tr\/index.php\/wp-json\/wp\/v2\/product_cat?post=729733"},{"taxonomy":"product_tag","embeddable":true,"href":"https:\/\/roveyayinevi.com.tr\/index.php\/wp-json\/wp\/v2\/product_tag?post=729733"}],"curies":[{"name":"wp","href":"https:\/\/api.w.org\/{rel}","templated":true}]}}