{"id":729730,"date":"2025-08-27T21:01:31","date_gmt":"2025-08-27T18:01:31","guid":{"rendered":"https:\/\/roveyayinevi.com.tr\/index.php\/urun\/meraklisina-bilim-2020\/"},"modified":"2026-04-16T02:37:32","modified_gmt":"2026-04-15T23:37:32","slug":"meraklisina-bilim-2020","status":"publish","type":"product","link":"https:\/\/roveyayinevi.com.tr\/index.php\/urun\/meraklisina-bilim-2020\/","title":{"rendered":"Merakl\u0131s\u0131na Bilim 2020"},"content":{"rendered":"<p>Bilim Akademisi akademik liyakat, d\u00fcr\u00fcstl\u00fck ve \u00f6zg\u00fcrl\u00fck ilkeleri \u00fczerine kurulmu\u015f, T\u00fcrkiye\u2019nin ba\u015far\u0131l\u0131 bilim insanlar\u0131n\u0131, bilime katk\u0131lar\u0131na g\u00f6re \u00fcyeli\u011fe davet eden ba\u011f\u0131ms\u0131z bir akademi ve ayn\u0131 zamanda bir sivil toplum kurulu\u015fudur.Bu se\u00e7ki, pek \u00e7ok de\u011ferli bilim insan\u0131n\u0131n katk\u0131s\u0131yla, \u00e7o\u011funlu\u011fu 2020&#8217;de Bilim Akademisi&#8217;nin pop\u00fcler bilim yay\u0131n\u0131 sarkac.org&#8217;da yay\u0131mlanm\u0131\u015f yaz\u0131lardan olu\u015fturuldu.Merakl\u0131s\u0131na Bilim\u2019de ara\u015ft\u0131rmac\u0131lar\u0131n bilimsel d\u00fc\u015f\u00fcnce ve y\u00f6ntemi anlatt\u0131\u011f\u0131 yaz\u0131 ve al\u0131nt\u0131lar, Covid-19\u2019un de\u011fi\u015ftirdi\u011fi dengeleri ele alan yaz\u0131lar ile matematik, Nobel \u00d6d\u00fclleri, t\u0131p ara\u015ft\u0131rmalar\u0131, bilim tarihi, karadelikler ve kameralar\/g\u00f6r\u00fcnt\u00fcleme \u00fczerine pek \u00e7ok yaz\u0131 yer al\u0131yor.<\/p>\n","protected":false},"excerpt":{"rendered":"<p>Bilim Akademisi akademik liyakat, d\u00fcr\u00fcstl\u00fck ve \u00f6zg\u00fcrl\u00fck ilkeleri \u00fczerine kurulmu\u015f, T\u00fcrkiye\u2019nin ba\u015far\u0131l\u0131 bilim insanlar\u0131n\u0131, bilime katk\u0131lar\u0131na g\u00f6re \u00fcyeli\u011fe davet eden ba\u011f\u0131ms\u0131z bir akademi ve ayn\u0131 zamanda<span class=\"excerpt-hellip\"> [\u2026]<\/span><\/p>\n","protected":false},"featured_media":0,"template":"","meta":{"_monsterinsights_skip_tracking":false,"_monsterinsights_sitenote_active":false,"_monsterinsights_sitenote_note":"","_monsterinsights_sitenote_category":0},"product_brand":[],"product_cat":[12573,12566],"product_tag":[],"class_list":{"0":"post-729730","1":"product","2":"type-product","3":"status-publish","5":"product_cat-akademik-kitaplar","6":"product_cat-egitim","7":"pa_cilt-ciltsiz","8":"pa_tur-kitap","9":"pa_yayinevi-dogan-kitap","10":"pa_yazar-defne-ucer-saylan","12":"first","13":"instock","14":"sale","15":"shipping-taxable","16":"purchasable","17":"product-type-simple"},"_links":{"self":[{"href":"https:\/\/roveyayinevi.com.tr\/index.php\/wp-json\/wp\/v2\/product\/729730","targetHints":{"allow":["GET"]}}],"collection":[{"href":"https:\/\/roveyayinevi.com.tr\/index.php\/wp-json\/wp\/v2\/product"}],"about":[{"href":"https:\/\/roveyayinevi.com.tr\/index.php\/wp-json\/wp\/v2\/types\/product"}],"wp:attachment":[{"href":"https:\/\/roveyayinevi.com.tr\/index.php\/wp-json\/wp\/v2\/media?parent=729730"}],"wp:term":[{"taxonomy":"product_brand","embeddable":true,"href":"https:\/\/roveyayinevi.com.tr\/index.php\/wp-json\/wp\/v2\/product_brand?post=729730"},{"taxonomy":"product_cat","embeddable":true,"href":"https:\/\/roveyayinevi.com.tr\/index.php\/wp-json\/wp\/v2\/product_cat?post=729730"},{"taxonomy":"product_tag","embeddable":true,"href":"https:\/\/roveyayinevi.com.tr\/index.php\/wp-json\/wp\/v2\/product_tag?post=729730"}],"curies":[{"name":"wp","href":"https:\/\/api.w.org\/{rel}","templated":true}]}}