{"id":729723,"date":"2025-08-27T21:01:24","date_gmt":"2025-08-27T18:01:24","guid":{"rendered":"https:\/\/roveyayinevi.com.tr\/index.php\/urun\/rakamlar-ve-erik-agaci\/"},"modified":"2026-04-16T02:37:32","modified_gmt":"2026-04-15T23:37:32","slug":"rakamlar-ve-erik-agaci","status":"publish","type":"product","link":"https:\/\/roveyayinevi.com.tr\/index.php\/urun\/rakamlar-ve-erik-agaci\/","title":{"rendered":"Rakamlar ve Erik A\u011fac\u0131"},"content":{"rendered":"<p>Rakamlar k\u0131l\u0131ktan k\u0131l\u0131\u011fa girmeyi severler. Bu kitapta da farkl\u0131 k\u0131l\u0131klara girerek bize mahalledeki erik a\u011fac\u0131n\u0131n hik\u00e2yesini anlat\u0131yorlar. Her sabah odas\u0131n\u0131n penceresinden kar\u015f\u0131daki erik a\u011fac\u0131na bakan Ece\u2019nin, parkta arkada\u015flar\u0131yla ma\u00e7 yapan Cem\u2019in, erik yapra\u011f\u0131 yemeyi her \u015feyden \u00e7ok seven T\u0131rt\u0131l\u2019\u0131n maceralar\u0131n\u0131 da unutmadan\u2026 Benzersiz, ilgin\u00e7, e\u011flenceli&#8230; Rakamlar ve Erik A\u011fac\u0131, \u00e7ocuklar\u0131n konsantrasyon ve alg\u0131 yeteneklerini geli\u015ftirirken ayn\u0131 zamanda yarat\u0131c\u0131 d\u00fc\u015f\u00fcnmelerini destekliyor.<\/p>\n","protected":false},"excerpt":{"rendered":"<p>Rakamlar k\u0131l\u0131ktan k\u0131l\u0131\u011fa girmeyi severler. Bu kitapta da farkl\u0131 k\u0131l\u0131klara girerek bize mahalledeki erik a\u011fac\u0131n\u0131n hik\u00e2yesini anlat\u0131yorlar. Her sabah odas\u0131n\u0131n penceresinden kar\u015f\u0131daki erik a\u011fac\u0131na bakan Ece\u2019nin,<span class=\"excerpt-hellip\"> [\u2026]<\/span><\/p>\n","protected":false},"featured_media":0,"template":"","meta":{"_monsterinsights_skip_tracking":false,"_monsterinsights_sitenote_active":false,"_monsterinsights_sitenote_note":"","_monsterinsights_sitenote_category":0},"product_brand":[],"product_cat":[12913,12274],"product_tag":[],"class_list":{"0":"post-729723","1":"product","2":"type-product","3":"status-publish","5":"product_cat-3-6-yas-kitaplari","6":"product_cat-cocuk-ve-genclik-kitaplari","7":"pa_cilt-ciltsiz","8":"pa_tur-kitap","9":"pa_yayinevi-iletisim-yayinlari","10":"pa_yazar-murat-celep","12":"first","13":"instock","14":"sale","15":"shipping-taxable","16":"purchasable","17":"product-type-simple"},"_links":{"self":[{"href":"https:\/\/roveyayinevi.com.tr\/index.php\/wp-json\/wp\/v2\/product\/729723","targetHints":{"allow":["GET"]}}],"collection":[{"href":"https:\/\/roveyayinevi.com.tr\/index.php\/wp-json\/wp\/v2\/product"}],"about":[{"href":"https:\/\/roveyayinevi.com.tr\/index.php\/wp-json\/wp\/v2\/types\/product"}],"wp:attachment":[{"href":"https:\/\/roveyayinevi.com.tr\/index.php\/wp-json\/wp\/v2\/media?parent=729723"}],"wp:term":[{"taxonomy":"product_brand","embeddable":true,"href":"https:\/\/roveyayinevi.com.tr\/index.php\/wp-json\/wp\/v2\/product_brand?post=729723"},{"taxonomy":"product_cat","embeddable":true,"href":"https:\/\/roveyayinevi.com.tr\/index.php\/wp-json\/wp\/v2\/product_cat?post=729723"},{"taxonomy":"product_tag","embeddable":true,"href":"https:\/\/roveyayinevi.com.tr\/index.php\/wp-json\/wp\/v2\/product_tag?post=729723"}],"curies":[{"name":"wp","href":"https:\/\/api.w.org\/{rel}","templated":true}]}}