{"id":729719,"date":"2025-08-27T21:01:20","date_gmt":"2025-08-27T18:01:20","guid":{"rendered":"https:\/\/roveyayinevi.com.tr\/index.php\/urun\/zamani-uyandiran-saat\/"},"modified":"2026-04-16T02:37:32","modified_gmt":"2026-04-15T23:37:32","slug":"zamani-uyandiran-saat","status":"publish","type":"product","link":"https:\/\/roveyayinevi.com.tr\/index.php\/urun\/zamani-uyandiran-saat\/","title":{"rendered":"Zaman\u0131 Uyand\u0131ran Saat"},"content":{"rendered":"<p>\u201cDedesi \u00f6ld\u00fc\u011f\u00fcnde \u00f6l\u00fcm\u00fc pek anlamam\u0131\u015ft\u0131. Ama yoklu\u011fu fark edilen bir \u015feyler olunca art\u0131k onu g\u00f6rmese de haf\u0131zas\u0131n\u0131n ald\u0131klar\u0131 ona ya\u015fayan bir adamdan kalanlar\u0131 hat\u0131rlat\u0131yor ve o zaman dedesini onun anlatt\u0131klar\u0131yla ya\u015fat\u0131yordu. Art\u0131k zaman\u0131n ne oldu\u011fu konusunda daha farkl\u0131 fikirleri vard\u0131. Zaman ona g\u00f6re ya\u015fayan ve ya\u015famayanlar\u0131n toplam\u0131 gibiydi. Bunu ke\u015ffetmesi dedesinin duvardaki saatiyle m\u00fcmk\u00fcn olmu\u015ftu. \u00c7\u00fcnk\u00fc o her gonglad\u0131\u011f\u0131nda ona dedesini ve ge\u00e7mi\u015fin izlerini hat\u0131rlatm\u0131\u015ft\u0131.\u201d   Zaman\u0131 Uyand\u0131ran Saat, ister yeti\u015fkin olsun ister \u00e7ocuk, okuyan herkese \u00f6ncelikle zaman\u0131, sonra da insana ait kavramlar\u0131 \u00e7ok g\u00fczel bir dille anlat\u0131yor. Dedesinden kalan gonglu saatle \u201cuyanan\u201d Sema, zaman\u0131 da uyand\u0131r\u0131yor ve bu uyan\u0131\u015fla birlikte bir gelecek haz\u0131rl\u0131yor. Hadi gelin, onunla bu kavramlar \u00fczerine d\u00fc\u015f\u00fcnelim! <\/p>\n","protected":false},"excerpt":{"rendered":"<p>\u201cDedesi \u00f6ld\u00fc\u011f\u00fcnde \u00f6l\u00fcm\u00fc pek anlamam\u0131\u015ft\u0131. Ama yoklu\u011fu fark edilen bir \u015feyler olunca art\u0131k onu g\u00f6rmese de haf\u0131zas\u0131n\u0131n ald\u0131klar\u0131 ona ya\u015fayan bir adamdan kalanlar\u0131 hat\u0131rlat\u0131yor ve o<span class=\"excerpt-hellip\"> [\u2026]<\/span><\/p>\n","protected":false},"featured_media":0,"template":"","meta":{"_monsterinsights_skip_tracking":false,"_monsterinsights_sitenote_active":false,"_monsterinsights_sitenote_note":"","_monsterinsights_sitenote_category":0},"product_brand":[],"product_cat":[12275,12274],"product_tag":[],"class_list":{"0":"post-729719","1":"product","2":"type-product","3":"status-publish","5":"product_cat-6-12-yas-kitaplari","6":"product_cat-cocuk-ve-genclik-kitaplari","7":"pa_cilt-ciltsiz","8":"pa_tur-kitap","9":"pa_yayinevi-luna-yayinlari","10":"pa_yazar-nurhayat-kayar","12":"first","13":"instock","14":"sale","15":"shipping-taxable","16":"purchasable","17":"product-type-simple"},"_links":{"self":[{"href":"https:\/\/roveyayinevi.com.tr\/index.php\/wp-json\/wp\/v2\/product\/729719","targetHints":{"allow":["GET"]}}],"collection":[{"href":"https:\/\/roveyayinevi.com.tr\/index.php\/wp-json\/wp\/v2\/product"}],"about":[{"href":"https:\/\/roveyayinevi.com.tr\/index.php\/wp-json\/wp\/v2\/types\/product"}],"wp:attachment":[{"href":"https:\/\/roveyayinevi.com.tr\/index.php\/wp-json\/wp\/v2\/media?parent=729719"}],"wp:term":[{"taxonomy":"product_brand","embeddable":true,"href":"https:\/\/roveyayinevi.com.tr\/index.php\/wp-json\/wp\/v2\/product_brand?post=729719"},{"taxonomy":"product_cat","embeddable":true,"href":"https:\/\/roveyayinevi.com.tr\/index.php\/wp-json\/wp\/v2\/product_cat?post=729719"},{"taxonomy":"product_tag","embeddable":true,"href":"https:\/\/roveyayinevi.com.tr\/index.php\/wp-json\/wp\/v2\/product_tag?post=729719"}],"curies":[{"name":"wp","href":"https:\/\/api.w.org\/{rel}","templated":true}]}}