{"id":729716,"date":"2025-08-27T21:01:17","date_gmt":"2025-08-27T18:01:17","guid":{"rendered":"https:\/\/roveyayinevi.com.tr\/index.php\/urun\/dedektif\/"},"modified":"2026-04-16T02:37:32","modified_gmt":"2026-04-15T23:37:32","slug":"dedektif","status":"publish","type":"product","link":"https:\/\/roveyayinevi.com.tr\/index.php\/urun\/dedektif\/","title":{"rendered":"Dedektif"},"content":{"rendered":"<p>S\u0131radan g\u00f6r\u00fcnen ama al\u0131\u015f\u0131lagelmi\u015fin d\u0131\u015f\u0131nda bir polis, bir seri katil ve h\u0131zla \u00e7o\u011falan kurbanlar&#8230;   Ba\u011f\u0131ml\u0131l\u0131klar\u0131 ve rutinleriyle hayat\u0131 gev\u015fek bi\u00e7imde kavram\u0131\u015f Dedektif&#8217;in kal\u0131n kabu\u011fufarkl\u0131 ki\u015filerin dikkatini \u00e7ekmi\u015ftir. Ama bu, kabu\u011fun ard\u0131nda ayn\u0131 \u015feyi g\u00f6rd\u00fckleri anlam\u0131nagelmez. \u0130lgi \u00f6l\u00fcmc\u00fcl de olabilir kurtar\u0131c\u0131 da\u2026 Benzerlik insanlar\u0131 farkl\u0131 yollara s\u00fcr\u00fckleyebilir. Yolculuk hem fiziksel hem psikolojik olarak y\u0131prat\u0131c\u0131d\u0131r. Kurtulu\u015f i\u00e7in gereken mesafe muammad\u0131r. <\/p>\n","protected":false},"excerpt":{"rendered":"<p>S\u0131radan g\u00f6r\u00fcnen ama al\u0131\u015f\u0131lagelmi\u015fin d\u0131\u015f\u0131nda bir polis, bir seri katil ve h\u0131zla \u00e7o\u011falan kurbanlar&#8230; Ba\u011f\u0131ml\u0131l\u0131klar\u0131 ve rutinleriyle hayat\u0131 gev\u015fek bi\u00e7imde kavram\u0131\u015f Dedektif&#8217;in kal\u0131n kabu\u011fufarkl\u0131 ki\u015filerin dikkatini<span class=\"excerpt-hellip\"> [\u2026]<\/span><\/p>\n","protected":false},"featured_media":0,"template":"","meta":{"_monsterinsights_skip_tracking":false,"_monsterinsights_sitenote_active":false,"_monsterinsights_sitenote_note":"","_monsterinsights_sitenote_category":0},"product_brand":[],"product_cat":[12291,15445],"product_tag":[],"class_list":{"0":"post-729716","1":"product","2":"type-product","3":"status-publish","5":"product_cat-edebiyat","6":"product_cat-polisiye","7":"pa_cilt-ciltsiz","8":"pa_tur-kitap","9":"pa_yayinevi-bilgi-yayinevi","10":"pa_yazar-adil-yasin-ozben","12":"first","13":"instock","14":"sale","15":"shipping-taxable","16":"purchasable","17":"product-type-simple"},"_links":{"self":[{"href":"https:\/\/roveyayinevi.com.tr\/index.php\/wp-json\/wp\/v2\/product\/729716","targetHints":{"allow":["GET"]}}],"collection":[{"href":"https:\/\/roveyayinevi.com.tr\/index.php\/wp-json\/wp\/v2\/product"}],"about":[{"href":"https:\/\/roveyayinevi.com.tr\/index.php\/wp-json\/wp\/v2\/types\/product"}],"wp:attachment":[{"href":"https:\/\/roveyayinevi.com.tr\/index.php\/wp-json\/wp\/v2\/media?parent=729716"}],"wp:term":[{"taxonomy":"product_brand","embeddable":true,"href":"https:\/\/roveyayinevi.com.tr\/index.php\/wp-json\/wp\/v2\/product_brand?post=729716"},{"taxonomy":"product_cat","embeddable":true,"href":"https:\/\/roveyayinevi.com.tr\/index.php\/wp-json\/wp\/v2\/product_cat?post=729716"},{"taxonomy":"product_tag","embeddable":true,"href":"https:\/\/roveyayinevi.com.tr\/index.php\/wp-json\/wp\/v2\/product_tag?post=729716"}],"curies":[{"name":"wp","href":"https:\/\/api.w.org\/{rel}","templated":true}]}}