{"id":729715,"date":"2025-08-27T21:01:16","date_gmt":"2025-08-27T18:01:16","guid":{"rendered":"https:\/\/roveyayinevi.com.tr\/index.php\/urun\/karamel-set-4-kitap-takim-kutulu\/"},"modified":"2026-04-16T02:37:32","modified_gmt":"2026-04-15T23:37:32","slug":"karamel-set-4-kitap-takim-kutulu","status":"publish","type":"product","link":"https:\/\/roveyayinevi.com.tr\/index.php\/urun\/karamel-set-4-kitap-takim-kutulu\/","title":{"rendered":"Karamel Set (4 Kitap Tak\u0131m Kutulu)"},"content":{"rendered":"<p>Karamel 1: D\u00f6rd\u00fcnc\u00fc S\u0131n\u0131fa Giden Bir Hi\u00e7in Hik\u00e2yesiPeter\u2019in hayattaki en b\u00fcy\u00fck derdi iki bu\u00e7uk ya\u015f\u0131ndaki karde\u015fi Karamel. B\u00fcy\u00fckler ona bay\u0131l\u0131yor fakat Peter ile kaplumba\u011fas\u0131 T\u0131pt\u0131p i\u00e7in o tam bir ba\u015f belas\u0131! S\u00fcrekli ayak alt\u0131nda dola\u015f\u0131p elini s\u00fcrd\u00fc\u011f\u00fc her \u015feyi berbat ediyor, \u00f6fkelenince kendini yere at\u0131p avaz avaz ba\u011f\u0131r\u0131yor. T\u00fcm bunlar yetmezmi\u015f gibi bir de T\u0131pt\u0131p\u2019a g\u00f6z dikince Peter\u2019in sabr\u0131 ta\u015f\u0131yor. Peki, ailesinin biraz da kendisine ilgi g\u00f6stermesini nas\u0131l sa\u011flayabilir?D\u00f6rd\u00fcnc\u00fc S\u0131n\u0131fa Giden Bir Hi\u00e7in Hik\u00e2yesi d\u00fcnyaca \u00fcnl\u00fc \u00f6d\u00fcll\u00fc yazar Judy Blume\u2019un klasikle\u015fmi\u015f Karamel dizisinin ilk kitab\u0131.Karamel 2: S\u00fcper KaramelOn iki ya\u015f\u0131ndaki Peter, ba\u015f belas\u0131 karde\u015fi Karamel\u2019in yaratt\u0131\u011f\u0131 karga\u015fadan uzakla\u015fmak i\u00e7in \u00e7areler ararken bir karde\u015fi daha olaca\u011f\u0131n\u0131 ve ailece bir seneli\u011fine k\u00fc\u00e7\u00fck bir sahil kasabas\u0131na ta\u015f\u0131nacaklar\u0131n\u0131 \u00f6\u011freniyor. Kimseyi tan\u0131mad\u0131\u011f\u0131 bir yerde Karamel\u2019le ayn\u0131 okula gitme fikrine al\u0131\u015fmaya \u00e7al\u0131\u015f\u0131rken i\u00e7ini kemirip duran bir soru var: Ya yeni do\u011facak karde\u015fi de Karamel\u2019e benzerse?D\u00fcnyaca \u00fcnl\u00fc \u00f6d\u00fcll\u00fc yazar Judy Blume\u2019un klasikle\u015fmi\u015f Karamel dizisinin ikinci kitab\u0131 S\u00fcper Karamel\u2019de Peter ailesiyle birlikte yepyeni bir maceraya at\u0131l\u0131yor.Karamel 3: Karamel \u00c7\u0131lg\u0131nl\u0131\u011f\u0131Peter\u2019i can\u0131ndan bezdiren karde\u015fi Karamel bu kez de Peter\u2019in ba\u015f d\u00fc\u015fman\u0131 Sheila Tubman\u2019la evlenmeye karar veriyor. Bu da yetmezmi\u015f gibi Peter ailece yaz tatilini ge\u00e7irecekleri evi Sheila ve ailesiyle payla\u015facaklar\u0131n\u0131 \u00f6\u011freniyor! \u0130ki geni\u015f aile ve birbirinden renkli kom\u015fularla m\u00fcthi\u015f bir tatil maceras\u0131 Peter\u2019i bekliyor.D\u00fcnyaca \u00fcnl\u00fc \u00f6d\u00fcll\u00fc yazar Judy Blume\u2019un klasikle\u015fmi\u015f Karamel dizisinin \u00fc\u00e7\u00fcnc\u00fc kitab\u0131 Karamel \u00c7\u0131lg\u0131nl\u0131\u011f\u0131\u2019nda Peter ailesi, kom\u015fular\u0131 ve dostlar\u0131yla unutulmaz bir yaz tatili ge\u00e7iriyor.Karamel 4: \u00c7ifte KaramelKaramel\u2019in yeni tutkusu para. Evde yapt\u0131\u011f\u0131 \u201cKaramel Papelleri\u201dyle akl\u0131na gelen her \u015feyi sat\u0131n almay\u0131 saplant\u0131 haline getirince Peter ve ailesi darphane gezisi yapmaya karar verir. Gezide y\u0131llard\u0131r haber almad\u0131klar\u0131 akrabalar\u0131yla kar\u015f\u0131la\u015f\u0131r ve kendilerini \u00e7\u0131lg\u0131n bir maceran\u0131n i\u00e7inde bulurlar. Peter karde\u015finden \u00e7ektikleri yetmezmi\u015f gibi bu kez de birbirinden sinir bozucu ikiz kuzenleri ve Karamel\u2019le ayn\u0131 ad\u0131 ta\u015f\u0131yan, yaramazl\u0131kta da ondan hi\u00e7 a\u015fa\u011f\u0131 kalmayan k\u00fc\u00e7\u00fck erkek karde\u015fleri Minik Karamel\u2019le u\u011fra\u015fmak zorunda kal\u0131r!D\u00fcnyaca \u00fcnl\u00fc \u00f6d\u00fcll\u00fc yazar Judy Blume\u2019un klasikle\u015fmi\u015f Karamel dizisinin son kitab\u0131 \u00c7ifte Karamel\u2019de Peter ailesiyle yard\u0131mla\u015farak hep birlikte i\u00e7ine d\u00fc\u015ft\u00fckleri \u00e7\u0131lg\u0131n maceray\u0131 atlatmaya \u00e7al\u0131\u015f\u0131yor.<\/p>\n","protected":false},"excerpt":{"rendered":"<p>Karamel 1: D\u00f6rd\u00fcnc\u00fc S\u0131n\u0131fa Giden Bir Hi\u00e7in Hik\u00e2yesiPeter\u2019in hayattaki en b\u00fcy\u00fck derdi iki bu\u00e7uk ya\u015f\u0131ndaki karde\u015fi Karamel. B\u00fcy\u00fckler ona bay\u0131l\u0131yor fakat Peter ile kaplumba\u011fas\u0131 T\u0131pt\u0131p i\u00e7in<span class=\"excerpt-hellip\"> [\u2026]<\/span><\/p>\n","protected":false},"featured_media":0,"template":"","meta":{"_monsterinsights_skip_tracking":false,"_monsterinsights_sitenote_active":false,"_monsterinsights_sitenote_note":"","_monsterinsights_sitenote_category":0},"product_brand":[],"product_cat":[12913,12274],"product_tag":[],"class_list":{"0":"post-729715","1":"product","2":"type-product","3":"status-publish","5":"product_cat-3-6-yas-kitaplari","6":"product_cat-cocuk-ve-genclik-kitaplari","7":"pa_cilt-ciltsiz","8":"pa_tur-kitap","9":"pa_yayinevi-kolektif-kitap","10":"pa_yazar-judy-blume","12":"first","13":"instock","14":"sale","15":"shipping-taxable","16":"purchasable","17":"product-type-simple"},"_links":{"self":[{"href":"https:\/\/roveyayinevi.com.tr\/index.php\/wp-json\/wp\/v2\/product\/729715","targetHints":{"allow":["GET"]}}],"collection":[{"href":"https:\/\/roveyayinevi.com.tr\/index.php\/wp-json\/wp\/v2\/product"}],"about":[{"href":"https:\/\/roveyayinevi.com.tr\/index.php\/wp-json\/wp\/v2\/types\/product"}],"wp:attachment":[{"href":"https:\/\/roveyayinevi.com.tr\/index.php\/wp-json\/wp\/v2\/media?parent=729715"}],"wp:term":[{"taxonomy":"product_brand","embeddable":true,"href":"https:\/\/roveyayinevi.com.tr\/index.php\/wp-json\/wp\/v2\/product_brand?post=729715"},{"taxonomy":"product_cat","embeddable":true,"href":"https:\/\/roveyayinevi.com.tr\/index.php\/wp-json\/wp\/v2\/product_cat?post=729715"},{"taxonomy":"product_tag","embeddable":true,"href":"https:\/\/roveyayinevi.com.tr\/index.php\/wp-json\/wp\/v2\/product_tag?post=729715"}],"curies":[{"name":"wp","href":"https:\/\/api.w.org\/{rel}","templated":true}]}}