{"id":729714,"date":"2025-08-27T21:01:15","date_gmt":"2025-08-27T18:01:15","guid":{"rendered":"https:\/\/roveyayinevi.com.tr\/index.php\/urun\/2666\/"},"modified":"2026-04-16T02:37:32","modified_gmt":"2026-04-15T23:37:32","slug":"2666","status":"publish","type":"product","link":"https:\/\/roveyayinevi.com.tr\/index.php\/urun\/2666\/","title":{"rendered":"2666"},"content":{"rendered":"<p>Meksikal\u0131 entelekt\u00fcellerin g\u00fc\u00e7le ili\u015fkisi bilinen hik\u00e2yedir. Hepsi ayn\u0131d\u0131r demiyorum. Kayda de\u011fer istisnalar var. G\u00fcce teslim olanlar\u0131n k\u00f6t\u00fc niyetli olduklar\u0131n\u0131 da s\u00f6ylemiyorum. Hatta tamamen teslim olduklar\u0131n\u0131 bile iddia etmiyorum. Sadece bir i\u015f deyip ge\u00e7ebiliriz ama devlet i\u00e7in \u00e7al\u0131\u015fmaktan bahsediyoruz. Avrupa\u2019da entelekt\u00fceller yay\u0131nevleri veya gazeteler i\u00e7in \u00e7al\u0131\u015f\u0131r, kar\u0131lar\u0131 onlara bakar veya aileleri zengindir ve kendilerine ayl\u0131k \u00f6denek ba\u011flatm\u0131\u015ft\u0131r veya i\u015f\u00e7idirler ya da su\u00e7ludurlar ve yapt\u0131klar\u0131 i\u015ften d\u00fcr\u00fcst\u00e7e para kazan\u0131rlar. Meksika\u2019da, ve bu s\u00f6yledi\u011fim Arjantin hari\u00e7 b\u00fct\u00fcn Latin Amerika i\u00e7in de ge\u00e7erli, entelekt\u00fceller devlet i\u00e7in \u00e7al\u0131\u015f\u0131r.   2666\u2019y\u0131 meydana getiren birbirinden ba\u011f\u0131ms\u0131z okunabilecek be\u015f roman ortak unsurlar i\u00e7erdi\u011fi gibi ortak bir amaca da hizmet eder. Romanc\u0131lardan akademisyenlere, mahk\u00fbmlardan spor yazarlar\u0131na, \u00f6\u011frencilerden sava\u015f su\u00e7lular\u0131na uzanan karakterlerin yollar\u0131 ABD-Meksika s\u0131n\u0131r\u0131ndaki, kad\u0131n cinayetleriyle \u00fcn salan me\u015fum bir \u015fehirde kesi\u015fir\u2026   Ya\u015fam\u0131n\u0131n son y\u0131llar\u0131nda in\u015fa etti\u011fi 2666, Roberto Bola\u00f1o\u2019nun belki de en iddial\u0131 yap\u0131t\u0131. <\/p>\n","protected":false},"excerpt":{"rendered":"<p>Meksikal\u0131 entelekt\u00fcellerin g\u00fc\u00e7le ili\u015fkisi bilinen hik\u00e2yedir. Hepsi ayn\u0131d\u0131r demiyorum. Kayda de\u011fer istisnalar var. G\u00fcce teslim olanlar\u0131n k\u00f6t\u00fc niyetli olduklar\u0131n\u0131 da s\u00f6ylemiyorum. Hatta tamamen teslim olduklar\u0131n\u0131 bile<span class=\"excerpt-hellip\"> [\u2026]<\/span><\/p>\n","protected":false},"featured_media":0,"template":"","meta":{"_monsterinsights_skip_tracking":false,"_monsterinsights_sitenote_active":false,"_monsterinsights_sitenote_note":"","_monsterinsights_sitenote_category":0},"product_brand":[],"product_cat":[12291,12711],"product_tag":[],"class_list":{"0":"post-729714","1":"product","2":"type-product","3":"status-publish","5":"product_cat-edebiyat","6":"product_cat-roman-oyku","7":"pa_cilt-ciltsiz","8":"pa_tur-kitap","9":"pa_yayinevi-can-yayinlari","10":"pa_yazar-roberto-bolano","12":"first","13":"instock","14":"sale","15":"shipping-taxable","16":"purchasable","17":"product-type-simple"},"_links":{"self":[{"href":"https:\/\/roveyayinevi.com.tr\/index.php\/wp-json\/wp\/v2\/product\/729714","targetHints":{"allow":["GET"]}}],"collection":[{"href":"https:\/\/roveyayinevi.com.tr\/index.php\/wp-json\/wp\/v2\/product"}],"about":[{"href":"https:\/\/roveyayinevi.com.tr\/index.php\/wp-json\/wp\/v2\/types\/product"}],"wp:attachment":[{"href":"https:\/\/roveyayinevi.com.tr\/index.php\/wp-json\/wp\/v2\/media?parent=729714"}],"wp:term":[{"taxonomy":"product_brand","embeddable":true,"href":"https:\/\/roveyayinevi.com.tr\/index.php\/wp-json\/wp\/v2\/product_brand?post=729714"},{"taxonomy":"product_cat","embeddable":true,"href":"https:\/\/roveyayinevi.com.tr\/index.php\/wp-json\/wp\/v2\/product_cat?post=729714"},{"taxonomy":"product_tag","embeddable":true,"href":"https:\/\/roveyayinevi.com.tr\/index.php\/wp-json\/wp\/v2\/product_tag?post=729714"}],"curies":[{"name":"wp","href":"https:\/\/api.w.org\/{rel}","templated":true}]}}