{"id":729713,"date":"2025-08-27T21:01:13","date_gmt":"2025-08-27T18:01:13","guid":{"rendered":"https:\/\/roveyayinevi.com.tr\/index.php\/urun\/istanbulun-gecmis-gunlerinde-yeme-icme\/"},"modified":"2026-04-16T02:37:32","modified_gmt":"2026-04-15T23:37:32","slug":"istanbulun-gecmis-gunlerinde-yeme-icme","status":"publish","type":"product","link":"https:\/\/roveyayinevi.com.tr\/index.php\/urun\/istanbulun-gecmis-gunlerinde-yeme-icme\/","title":{"rendered":"\u0130stanbul&#8217;un Ge\u00e7mi\u015f G\u00fcnlerinde Yeme \u0130\u00e7me"},"content":{"rendered":"<p>Sermet Muhtar Alus, yazd\u0131\u011f\u0131 bini a\u015fk\u0131n yaz\u0131yla okurlar\u0131na hep bir \u015fehrin, genellikle de 19. y\u00fczy\u0131l sonlar\u0131yla 20. y\u00fczy\u0131l ba\u015flar\u0131 aras\u0131ndaki d\u00f6neminin hayat\u0131n\u0131 anlatm\u0131\u015f bir yazard\u0131r; s\u0131k kulland\u0131\u011f\u0131 tabirle \u201ceski \u0130stanbul\u201dun yazar\u0131. \u00d6nce Me\u015frutiyet, sonra da Cumhuriyet\u2019i sadece birer rejim de\u011fi\u015fikli\u011fi gibi de\u011fil, toplum hayat\u0131ndaki b\u00fcy\u00fck d\u00f6n\u00fc\u015f\u00fcmler olarak ya\u015fam\u0131\u015f birka\u00e7 ku\u015faktan okura, \u00e7ok da eski olmayan \u201ceskiler\u201din ho\u015fluk ve acayipliklerini anlatarak ekme\u011fini kazanm\u0131\u015f bir yazar.   \u00c7o\u011fu ilk defa kitapla\u015fan bu yaz\u0131lar\u0131nda Alus\u2019un son derece e\u011flenceli k\u0131lavuzlu\u011fuyla turumuza \u00f6nce \u0130stanbul\u2019un lokanta, meyhane, mesire yeri, b\u00f6rek\u00e7i gibi mek\u00e2nlar\u0131n\u0131 ziyaret ederek ba\u015fl\u0131yoruz. M\u00fcsl\u00fcmanlar\u0131n iftar ve bayram sofralar\u0131na, H\u0131ristiyanlar\u0131n panay\u0131rlar\u0131na u\u011frad\u0131ktan sonra sokaktan insan hik\u00e2yelerini dinliyoruz. Et ve bal\u0131k yemeklerinin ard\u0131ndan bostanlara, meyve bah\u00e7elerine dal\u0131p maruldan p\u0131rasaya, \u00fcz\u00fcmden portakala onlarca sebze ile meyvenin birbirinden ho\u015f ayr\u0131nt\u0131larla dolu \u201cmonografi\u201dlerini okuyoruz. \u0130stanbul\u2019un bu bostanlar ve bah\u00e7eler sayesinde enikonu kendine yeten bir \u015fehir oldu\u011funu da g\u00f6r\u00fcyoruz i\u00e7imiz s\u0131zlayarak. Karakulak\u2019tan Hamidiye\u2019ye \u015fehrin sular\u0131 etraf\u0131nda olu\u015fan mesire k\u00fclt\u00fcr\u00fcn\u00fc balland\u0131ra balland\u0131ra anlatan bu h\u00fcnerli hik\u00e2ye anlat\u0131c\u0131s\u0131 e\u015fli\u011finde tatl\u0131lar ve kuruyemi\u015fleri de tatt\u0131ktan sonra \u0130stanbul\u2019un ge\u00e7mi\u015f g\u00fcnlerinde rak\u0131, \u015farap, bira, \u00e7ay, kahve ve nargile gibi m\u00fckeyyifat\u0131n keyfini \u00e7\u0131kararak turumuzu sonland\u0131r\u0131yoruz.   Alus\u2019un dilinin zenginli\u011fine, ola\u011fan\u00fcst\u00fc kulak haf\u0131zas\u0131na, hemen her kesimin g\u00fcndelik konu\u015fma ve d\u00fc\u015f\u00fcnme tarzlar\u0131n\u0131 inan\u0131lmaz bir detayc\u0131l\u0131kla hat\u0131rlay\u0131p muzip mizah duygusuyla aktarabilmesine duydu\u011fumuz hayranl\u0131k kal\u0131yor akl\u0131m\u0131zda. Erdir Zat da kitaba yazd\u0131\u011f\u0131 sunu\u015fta Alus\u2019un bu g\u00fczel yaz\u0131lar\u0131n\u0131n sat\u0131r aralar\u0131ndan yola \u00e7\u0131karak \u00f6nemli noktalara dikkat \u00e7ekiyor. <\/p>\n","protected":false},"excerpt":{"rendered":"<p>Sermet Muhtar Alus, yazd\u0131\u011f\u0131 bini a\u015fk\u0131n yaz\u0131yla okurlar\u0131na hep bir \u015fehrin, genellikle de 19. y\u00fczy\u0131l sonlar\u0131yla 20. y\u00fczy\u0131l ba\u015flar\u0131 aras\u0131ndaki d\u00f6neminin hayat\u0131n\u0131 anlatm\u0131\u015f bir yazard\u0131r; s\u0131k<span class=\"excerpt-hellip\"> [\u2026]<\/span><\/p>\n","protected":false},"featured_media":0,"template":"","meta":{"_monsterinsights_skip_tracking":false,"_monsterinsights_sitenote_active":false,"_monsterinsights_sitenote_note":"","_monsterinsights_sitenote_category":0},"product_brand":[],"product_cat":[12777,12291],"product_tag":[],"class_list":{"0":"post-729713","1":"product","2":"type-product","3":"status-publish","5":"product_cat-deneme","6":"product_cat-edebiyat","7":"pa_cilt-ciltsiz","8":"pa_tur-kitap","9":"pa_yayinevi-can-yayinlari","10":"pa_yazar-sermet-muhtar-alus","12":"first","13":"instock","14":"sale","15":"shipping-taxable","16":"purchasable","17":"product-type-simple"},"_links":{"self":[{"href":"https:\/\/roveyayinevi.com.tr\/index.php\/wp-json\/wp\/v2\/product\/729713","targetHints":{"allow":["GET"]}}],"collection":[{"href":"https:\/\/roveyayinevi.com.tr\/index.php\/wp-json\/wp\/v2\/product"}],"about":[{"href":"https:\/\/roveyayinevi.com.tr\/index.php\/wp-json\/wp\/v2\/types\/product"}],"wp:attachment":[{"href":"https:\/\/roveyayinevi.com.tr\/index.php\/wp-json\/wp\/v2\/media?parent=729713"}],"wp:term":[{"taxonomy":"product_brand","embeddable":true,"href":"https:\/\/roveyayinevi.com.tr\/index.php\/wp-json\/wp\/v2\/product_brand?post=729713"},{"taxonomy":"product_cat","embeddable":true,"href":"https:\/\/roveyayinevi.com.tr\/index.php\/wp-json\/wp\/v2\/product_cat?post=729713"},{"taxonomy":"product_tag","embeddable":true,"href":"https:\/\/roveyayinevi.com.tr\/index.php\/wp-json\/wp\/v2\/product_tag?post=729713"}],"curies":[{"name":"wp","href":"https:\/\/api.w.org\/{rel}","templated":true}]}}