{"id":729712,"date":"2025-08-27T21:01:12","date_gmt":"2025-08-27T18:01:12","guid":{"rendered":"https:\/\/roveyayinevi.com.tr\/index.php\/urun\/hamamci-ulfet\/"},"modified":"2026-04-16T02:37:32","modified_gmt":"2026-04-15T23:37:32","slug":"hamamci-ulfet","status":"publish","type":"product","link":"https:\/\/roveyayinevi.com.tr\/index.php\/urun\/hamamci-ulfet\/","title":{"rendered":"Hamamc\u0131 \u00dclfet"},"content":{"rendered":"<p>Baz\u0131 g\u00f6n\u00fcl erbab\u0131, sefa \u00e7i\u00e7ekleri gibi g\u00fcn\u00fcn ilk \u0131\u015f\u0131klar\u0131na muhta\u00e7t\u0131r. Ondan sonra sar\u0131l\u0131 k\u0131rm\u0131z\u0131l\u0131 par\u0131lt\u0131larla g\u00f6z al\u0131r, kendisini sevdirir, be\u011fenen bak\u0131\u015flar\u0131 \u00fcst\u00fcne \u00e7eker. \u00dclfet de b\u00f6yleydi. (\u2026) Dudaklar\u0131n\u0131 ezen o iki sevgili dudak, g\u00f6\u011fs\u00fcne temas eden o hararetli, ate\u015fli, beyaz, muntazam g\u00f6\u011f\u00fcs, sa\u00e7lar\u0131n\u0131 sevecenlikle, seve seve ok\u015fayan o k\u00fc\u00e7\u00fck zarif eller, hevesli burnunu dolduran o g\u00fczel koku onda takat b\u0131rakmad\u0131. O da g\u00fczel, o da m\u00fcptela&#8230; Buras\u0131 belli\u2026 Fakat tatl\u0131 bir bela m\u0131?   D\u00f6neminin \u0130stanbul hayat\u0131na dair bir\u00e7ok ayr\u0131nt\u0131y\u0131 zapta ge\u00e7irip bug\u00fcnlere birbirinden g\u00fczel mektuplar ula\u015ft\u0131ran Ahmet Rasim, Hamamc\u0131 \u00dclfet roman\u0131nda, her yazar\u0131n kolay kolay kalem oynatamayaca\u011f\u0131, en fazla \u00fcst\u00fcnk\u00f6r\u00fc de\u011finip ge\u00e7ece\u011fi bir d\u00fcnyay\u0131 anlat\u0131yor. Erkeklerin konaklara hapsettiklerini d\u00fc\u015f\u00fcnd\u00fckleri kad\u0131nlar\u0131n d\u0131\u015far\u0131dan daha renkli d\u00fcnyas\u0131, e\u011flence meclisleri, hamam sohbetleri bu k\u0131sa ve keyifli romanda teker teker i\u015fleniyor. Lezbiyenlerin ilk defa g\u00f6r\u00fcn\u00fcr oldu\u011fu eserlerden biri olan Hamamc\u0131 \u00dclfet, kad\u0131nlar\u0131n giyim ku\u015famlar\u0131, s\u00fcslenmeleri, argolar\u0131 \u00fczerine de merakl\u0131lar\u0131 i\u00e7in \u00f6nemli bilgiler sunuyor.   Bu bask\u0131da Hamamc\u0131 \u00dclfet\u2019in orijinal metnini ve g\u00fcn\u00fcm\u00fcz T\u00fcrk\u00e7esine uyarlamas\u0131n\u0131 bir arada bulacaks\u0131n\u0131z. <\/p>\n","protected":false},"excerpt":{"rendered":"<p>Baz\u0131 g\u00f6n\u00fcl erbab\u0131, sefa \u00e7i\u00e7ekleri gibi g\u00fcn\u00fcn ilk \u0131\u015f\u0131klar\u0131na muhta\u00e7t\u0131r. Ondan sonra sar\u0131l\u0131 k\u0131rm\u0131z\u0131l\u0131 par\u0131lt\u0131larla g\u00f6z al\u0131r, kendisini sevdirir, be\u011fenen bak\u0131\u015flar\u0131 \u00fcst\u00fcne \u00e7eker. \u00dclfet de b\u00f6yleydi.<span class=\"excerpt-hellip\"> [\u2026]<\/span><\/p>\n","protected":false},"featured_media":0,"template":"","meta":{"_monsterinsights_skip_tracking":false,"_monsterinsights_sitenote_active":false,"_monsterinsights_sitenote_note":"","_monsterinsights_sitenote_category":0},"product_brand":[],"product_cat":[12291,12711],"product_tag":[],"class_list":{"0":"post-729712","1":"product","2":"type-product","3":"status-publish","5":"product_cat-edebiyat","6":"product_cat-roman-oyku","7":"pa_cilt-ciltsiz","8":"pa_tur-kitap","9":"pa_yayinevi-can-yayinlari","10":"pa_yazar-ahmet-rasim","12":"first","13":"instock","14":"sale","15":"shipping-taxable","16":"purchasable","17":"product-type-simple"},"_links":{"self":[{"href":"https:\/\/roveyayinevi.com.tr\/index.php\/wp-json\/wp\/v2\/product\/729712","targetHints":{"allow":["GET"]}}],"collection":[{"href":"https:\/\/roveyayinevi.com.tr\/index.php\/wp-json\/wp\/v2\/product"}],"about":[{"href":"https:\/\/roveyayinevi.com.tr\/index.php\/wp-json\/wp\/v2\/types\/product"}],"wp:attachment":[{"href":"https:\/\/roveyayinevi.com.tr\/index.php\/wp-json\/wp\/v2\/media?parent=729712"}],"wp:term":[{"taxonomy":"product_brand","embeddable":true,"href":"https:\/\/roveyayinevi.com.tr\/index.php\/wp-json\/wp\/v2\/product_brand?post=729712"},{"taxonomy":"product_cat","embeddable":true,"href":"https:\/\/roveyayinevi.com.tr\/index.php\/wp-json\/wp\/v2\/product_cat?post=729712"},{"taxonomy":"product_tag","embeddable":true,"href":"https:\/\/roveyayinevi.com.tr\/index.php\/wp-json\/wp\/v2\/product_tag?post=729712"}],"curies":[{"name":"wp","href":"https:\/\/api.w.org\/{rel}","templated":true}]}}