{"id":729711,"date":"2025-08-27T21:01:11","date_gmt":"2025-08-27T18:01:11","guid":{"rendered":"https:\/\/roveyayinevi.com.tr\/index.php\/urun\/kabus-2\/"},"modified":"2026-04-16T02:37:32","modified_gmt":"2026-04-15T23:37:32","slug":"kabus-2","status":"publish","type":"product","link":"https:\/\/roveyayinevi.com.tr\/index.php\/urun\/kabus-2\/","title":{"rendered":"Kabus"},"content":{"rendered":"<p>Halid Ziya\u2019ya kadar, romanc\u0131 muhayyilesiyle do\u011fmu\u015f tek muharririmiz yoktur. Hepsi roman veya hik\u00e2ye yazmaya hevesli insanlard\u0131r. Ahmet Hamdi Tanp\u0131nar   Bireysel hayal k\u0131r\u0131kl\u0131klar\u0131n\u0131n ve bir aile dram\u0131n\u0131n i\u015flenmesi K\u00e2bus\u2019un temel izle\u011fi olsa da oyun ayr\u0131ca toplumu ilgilendiren meselelere dair yap\u0131lan g\u00f6ndermelerle de dikkatleri \u00e7eker. \u00d6zellikle kad\u0131n haklar\u0131na, kad\u0131n\u0131n toplum i\u00e7indeki yeri, evlilik, bo\u015fanma gibi hususlara do\u011frudan ya da dolayl\u0131 yoldan getirilen \u00e7\u00f6z\u00fcmlemeler ve ele\u015ftiriler oyunun s\u0131n\u0131rlar\u0131n\u0131 geni\u015fletir. B\u00f6ylelikle par\u00e7adan b\u00fct\u00fcne \u00e7\u0131kar\u0131mlarda bulunma olana\u011f\u0131na eri\u015filir. \u0130smail Keke\u00e7   K\u00e2bus, b\u00fcy\u00fck bir romanc\u0131 olmas\u0131n\u0131n yan\u0131nda tiyatro tutkusuyla da bilinen Halid Ziya U\u015fakl\u0131gil\u2019in tek telif oyunudur. Yazar, K\u00e2bus\u2019tan \u00f6nce Fare ve F\u00fcruzan isimli iki oyun daha kaleme alm\u0131\u015fsa da bu oyunlar d\u00f6nemin anlay\u0131\u015f\u0131na uygun olarak Avrupal\u0131 yazarlar\u0131n oyunlar\u0131ndan uyarlanm\u0131\u015f metinlerdir. K\u00e2bus oyununda Halid Ziya, A\u015fk-\u0131 Memnu, K\u0131r\u0131k Hayatlar gibi b\u00fcy\u00fck romanlar\u0131ndaki izlekleri takip eder ve e\u015fsiz \u00fcslubuyla d\u00f6neminin ahlak anlay\u0131\u015f\u0131na, aile ya\u015fant\u0131s\u0131na ve kad\u0131n haklar\u0131na dair \u00f6nemli meseleleri birer birer dile getirir. <\/p>\n","protected":false},"excerpt":{"rendered":"<p>Halid Ziya\u2019ya kadar, romanc\u0131 muhayyilesiyle do\u011fmu\u015f tek muharririmiz yoktur. Hepsi roman veya hik\u00e2ye yazmaya hevesli insanlard\u0131r. Ahmet Hamdi Tanp\u0131nar Bireysel hayal k\u0131r\u0131kl\u0131klar\u0131n\u0131n ve bir aile dram\u0131n\u0131n<span class=\"excerpt-hellip\"> [\u2026]<\/span><\/p>\n","protected":false},"featured_media":0,"template":"","meta":{"_monsterinsights_skip_tracking":false,"_monsterinsights_sitenote_active":false,"_monsterinsights_sitenote_note":"","_monsterinsights_sitenote_category":0},"product_brand":[],"product_cat":[12291,15566],"product_tag":[],"class_list":{"0":"post-729711","1":"product","2":"type-product","3":"status-publish","5":"product_cat-edebiyat","6":"product_cat-oyun","7":"pa_cilt-ciltsiz","8":"pa_tur-kitap","9":"pa_yayinevi-can-yayinlari","10":"pa_yazar-halid-ziya-usakligil","12":"first","13":"instock","14":"sale","15":"shipping-taxable","16":"purchasable","17":"product-type-simple"},"_links":{"self":[{"href":"https:\/\/roveyayinevi.com.tr\/index.php\/wp-json\/wp\/v2\/product\/729711","targetHints":{"allow":["GET"]}}],"collection":[{"href":"https:\/\/roveyayinevi.com.tr\/index.php\/wp-json\/wp\/v2\/product"}],"about":[{"href":"https:\/\/roveyayinevi.com.tr\/index.php\/wp-json\/wp\/v2\/types\/product"}],"wp:attachment":[{"href":"https:\/\/roveyayinevi.com.tr\/index.php\/wp-json\/wp\/v2\/media?parent=729711"}],"wp:term":[{"taxonomy":"product_brand","embeddable":true,"href":"https:\/\/roveyayinevi.com.tr\/index.php\/wp-json\/wp\/v2\/product_brand?post=729711"},{"taxonomy":"product_cat","embeddable":true,"href":"https:\/\/roveyayinevi.com.tr\/index.php\/wp-json\/wp\/v2\/product_cat?post=729711"},{"taxonomy":"product_tag","embeddable":true,"href":"https:\/\/roveyayinevi.com.tr\/index.php\/wp-json\/wp\/v2\/product_tag?post=729711"}],"curies":[{"name":"wp","href":"https:\/\/api.w.org\/{rel}","templated":true}]}}