{"id":729710,"date":"2025-08-27T21:01:10","date_gmt":"2025-08-27T18:01:10","guid":{"rendered":"https:\/\/roveyayinevi.com.tr\/index.php\/urun\/1984-11\/"},"modified":"2026-04-16T02:37:32","modified_gmt":"2026-04-15T23:37:32","slug":"1984-11","status":"publish","type":"product","link":"https:\/\/roveyayinevi.com.tr\/index.php\/urun\/1984-11\/","title":{"rendered":"1984"},"content":{"rendered":"<p>\u201c\u00d6zg\u00fcrl\u00fck, iki art\u0131 iki d\u00f6rt eder diyebilmektir. E\u011fer buna izin verilirse, gerisi gelir.\u201d Sene 1984. Her hareketi izleyen tele-ekranlar\u0131n ve her d\u00fc\u015f\u00fcnceyi okuyabilen totaliter d\u00fczenin devri\u2026 Y\u0131llarca s\u00fcren sava\u015flar\u0131n sonunda d\u00fcnya \u00fc\u00e7 b\u00fcy\u00fck devletin elinde. Okyanusya vatanda\u015f\u0131 Winston Smith, insanl\u0131\u011f\u0131n bask\u0131yla kontrol alt\u0131nda tutuldu\u011fu, \u00e7ocuklar\u0131n ailesini bile ihbar etti\u011fi bir korku toplumunda ya\u015fayan \u201cuyumsuz\u201d biridir. Bu uyumsuzluk onu sorgulamaya iterken ayn\u0131 zamanda geri d\u00f6nd\u00fcr\u00fclemez bir yola sokacakt\u0131r. 1984, d\u00fcnya var olduk\u00e7a g\u00fcncelli\u011finden hi\u00e7bir \u015fey yitirmeyecek, 20. y\u00fczy\u0131l\u0131n en \u00f6nemli romanlar\u0131ndan biri.<\/p>\n","protected":false},"excerpt":{"rendered":"<p>\u201c\u00d6zg\u00fcrl\u00fck, iki art\u0131 iki d\u00f6rt eder diyebilmektir. E\u011fer buna izin verilirse, gerisi gelir.\u201d Sene 1984. Her hareketi izleyen tele-ekranlar\u0131n ve her d\u00fc\u015f\u00fcnceyi okuyabilen totaliter d\u00fczenin devri\u2026<span class=\"excerpt-hellip\"> [\u2026]<\/span><\/p>\n","protected":false},"featured_media":0,"template":"","meta":{"_monsterinsights_skip_tracking":false,"_monsterinsights_sitenote_active":false,"_monsterinsights_sitenote_note":"","_monsterinsights_sitenote_category":0},"product_brand":[],"product_cat":[12291,12711],"product_tag":[],"class_list":{"0":"post-729710","1":"product","2":"type-product","3":"status-publish","5":"product_cat-edebiyat","6":"product_cat-roman-oyku","7":"pa_cilt-ciltsiz","8":"pa_tur-kitap","9":"pa_yayinevi-altin-kitaplar","10":"pa_yazar-george-orwell","12":"first","13":"instock","14":"sale","15":"shipping-taxable","16":"purchasable","17":"product-type-simple"},"_links":{"self":[{"href":"https:\/\/roveyayinevi.com.tr\/index.php\/wp-json\/wp\/v2\/product\/729710","targetHints":{"allow":["GET"]}}],"collection":[{"href":"https:\/\/roveyayinevi.com.tr\/index.php\/wp-json\/wp\/v2\/product"}],"about":[{"href":"https:\/\/roveyayinevi.com.tr\/index.php\/wp-json\/wp\/v2\/types\/product"}],"wp:attachment":[{"href":"https:\/\/roveyayinevi.com.tr\/index.php\/wp-json\/wp\/v2\/media?parent=729710"}],"wp:term":[{"taxonomy":"product_brand","embeddable":true,"href":"https:\/\/roveyayinevi.com.tr\/index.php\/wp-json\/wp\/v2\/product_brand?post=729710"},{"taxonomy":"product_cat","embeddable":true,"href":"https:\/\/roveyayinevi.com.tr\/index.php\/wp-json\/wp\/v2\/product_cat?post=729710"},{"taxonomy":"product_tag","embeddable":true,"href":"https:\/\/roveyayinevi.com.tr\/index.php\/wp-json\/wp\/v2\/product_tag?post=729710"}],"curies":[{"name":"wp","href":"https:\/\/api.w.org\/{rel}","templated":true}]}}