{"id":729708,"date":"2025-08-27T21:01:07","date_gmt":"2025-08-27T18:01:07","guid":{"rendered":"https:\/\/roveyayinevi.com.tr\/index.php\/urun\/almanyada-devrim\/"},"modified":"2026-04-16T02:37:16","modified_gmt":"2026-04-15T23:37:16","slug":"almanyada-devrim","status":"publish","type":"product","link":"https:\/\/roveyayinevi.com.tr\/index.php\/urun\/almanyada-devrim\/","title":{"rendered":"Almanya&#8217;da Devrim"},"content":{"rendered":"<p>Daha \u00f6nce \u0130spanya\u2019da Devrim ve \u0130\u00e7 Sava\u015f adl\u0131 kitab\u0131n\u0131 yay\u0131mlad\u0131\u011f\u0131m\u0131z sendikac\u0131, tarih\u00e7i ve devrimci militan Pierre Brou\u00e9\u2019nin (1926-2005) 1971\u2019de bas\u0131lan Almanya\u2019da Devrim adl\u0131 eseri, 1918-1923 y\u0131llar\u0131 aras\u0131nda Almanya\u2019da ya\u015fanan, ge\u00e7mi\u015fi \u015fekillendirirken hi\u00e7 ku\u015fkusuz bug\u00fcne de etki eden bir m\u00fccadelenin tarihini mercek alt\u0131na al\u0131yor. Bu hacimli \u00e7al\u0131\u015fma devrimci hareketin iki unsurunu ayn\u0131 anda anlat\u0131ya dahil eder, Pierre Brou\u00e9 giri\u015fimini \u015fu s\u00f6zlerle izah ederken bu iki unsura da \u0131\u015f\u0131k d\u00fc\u015f\u00fcr\u00fcr: \u201c1918\u2019den 1923\u2019e kadar, devrimcilerin Almanya\u2019s\u0131nda m\u00fccadele, her g\u00fcn sokak sava\u015f\u0131, barikat sald\u0131r\u0131s\u0131 \u015feklinde ger\u00e7ekle\u015fmez, yaln\u0131zca makineli t\u00fcfekle, havan topuyla, alev makinesiyle y\u00fcr\u00fcmez. Ayn\u0131 zamanda ve bilhassa fabrikalarda, madenlerde, halk evlerinde, sendikalarda ve partilerde, mitinglerde ve komite toplant\u0131lar\u0131nda, politik-ekonomik grevlerde, sokak g\u00f6sterilerinde, fikir sava\u015flar\u0131nda, kuramsal tart\u0131\u015fmalarda da kendini g\u00f6sterir. Bir s\u0131n\u0131f kavgas\u0131, \u00f6ncelikle de i\u015f\u00e7i s\u0131n\u0131f\u0131n\u0131n ba\u011fr\u0131nda bir kavgad\u0131r; hedefi ise Almanya\u2019da ve d\u00fcnyada d\u00f6n\u00fc\u015f\u00fcme kararl\u0131 devrimci bir partinin in\u015fas\u0131d\u0131r.\u201dArketipi Frans\u0131z Devrimi olan kendili\u011finden devrimlerden ya da 1917 Ekim Devrimi gibi ayaklanmalardan farkl\u0131 olarak Alman devrimi; i\u015f\u00e7i, asker, k\u00f6yl\u00fc veya denizci konseyleri, hatta i\u015fsizlerin K\u0131z\u0131l Ordusu \u015feklinde \u00f6rg\u00fctlenmeler arac\u0131l\u0131\u011f\u0131yla, Bol\u015fevik esinli merkezi ve hiyerar\u015fik parti modelinden ba\u015fka bir \u015fey \u00f6nerecek, devrimin bi\u00e7imi meselesine yeni bir soluk getirecektir&#8230;<\/p>\n","protected":false},"excerpt":{"rendered":"<p>Daha \u00f6nce \u0130spanya\u2019da Devrim ve \u0130\u00e7 Sava\u015f adl\u0131 kitab\u0131n\u0131 yay\u0131mlad\u0131\u011f\u0131m\u0131z sendikac\u0131, tarih\u00e7i ve devrimci militan Pierre Brou\u00e9\u2019nin (1926-2005) 1971\u2019de bas\u0131lan Almanya\u2019da Devrim adl\u0131 eseri, 1918-1923 y\u0131llar\u0131<span class=\"excerpt-hellip\"> [\u2026]<\/span><\/p>\n","protected":false},"featured_media":0,"template":"","meta":{"_monsterinsights_skip_tracking":false,"_monsterinsights_sitenote_active":false,"_monsterinsights_sitenote_note":"","_monsterinsights_sitenote_category":0},"product_brand":[],"product_cat":[12370,12304],"product_tag":[],"class_list":{"0":"post-729708","1":"product","2":"type-product","3":"status-publish","5":"product_cat-arastirma-inceleme","6":"product_cat-tarih","7":"pa_cilt-ciltsiz","8":"pa_tur-kitap","9":"pa_yayinevi-ayrinti-yayinlari","10":"pa_yazar-pierre-broue-emiletemime","12":"first","13":"instock","14":"sale","15":"shipping-taxable","16":"purchasable","17":"product-type-simple"},"_links":{"self":[{"href":"https:\/\/roveyayinevi.com.tr\/index.php\/wp-json\/wp\/v2\/product\/729708","targetHints":{"allow":["GET"]}}],"collection":[{"href":"https:\/\/roveyayinevi.com.tr\/index.php\/wp-json\/wp\/v2\/product"}],"about":[{"href":"https:\/\/roveyayinevi.com.tr\/index.php\/wp-json\/wp\/v2\/types\/product"}],"wp:attachment":[{"href":"https:\/\/roveyayinevi.com.tr\/index.php\/wp-json\/wp\/v2\/media?parent=729708"}],"wp:term":[{"taxonomy":"product_brand","embeddable":true,"href":"https:\/\/roveyayinevi.com.tr\/index.php\/wp-json\/wp\/v2\/product_brand?post=729708"},{"taxonomy":"product_cat","embeddable":true,"href":"https:\/\/roveyayinevi.com.tr\/index.php\/wp-json\/wp\/v2\/product_cat?post=729708"},{"taxonomy":"product_tag","embeddable":true,"href":"https:\/\/roveyayinevi.com.tr\/index.php\/wp-json\/wp\/v2\/product_tag?post=729708"}],"curies":[{"name":"wp","href":"https:\/\/api.w.org\/{rel}","templated":true}]}}