{"id":729707,"date":"2025-08-27T21:01:07","date_gmt":"2025-08-27T18:01:07","guid":{"rendered":"https:\/\/roveyayinevi.com.tr\/index.php\/urun\/yasanin-gozu\/"},"modified":"2026-04-16T02:37:16","modified_gmt":"2026-04-15T23:37:16","slug":"yasanin-gozu","status":"publish","type":"product","link":"https:\/\/roveyayinevi.com.tr\/index.php\/urun\/yasanin-gozu\/","title":{"rendered":"Yasan\u0131n G\u00f6z\u00fc"},"content":{"rendered":"<p>Tan\u0131nm\u0131\u015f hukuk tarih\u00e7isi Michael Stolleis bu k\u0131sa ve \u00f6zlu\u0308 kitab\u0131nda yasalar\u0131n egemenli\u011finin simgesi \u201cher \u015feyi g\u00f6ren g\u00f6z\u201du\u0308n tarih i\u00e7inde ta\u015f\u0131d\u0131\u011f\u0131 anlamlar\u0131 hukuk a\u00e7\u0131s\u0131ndan incelemekte. Kitapta yasalar\u0131n u\u0308stu\u0308nlu\u0308\u011fu\u0308 ilkesinin Eski M\u0131s\u0131r uygarl\u0131\u011f\u0131ndan gu\u0308nu\u0308mu\u0308ze dek g\u00f6z simgesiyle g\u00f6sterdi\u011fi su\u0308reklilik zengin bir g\u00f6rsel malzeme ve dille anlat\u0131lmakta. \u00d6zellikle \u00e7a\u011fda\u015f hukukun kurulu\u015funa sahne olan 19. yu\u0308zy\u0131lda \u201cyasan\u0131n g\u00f6zu\u0308\u201d hem bilimsel hukuk kitaplar\u0131nda hem de geni\u015f halk kitlelerine ula\u015fan resimli yay\u0131nlarda toplumsal \u00e7eli\u015fkilerin ve \u00e7at\u0131\u015fmalar\u0131n i\u00e7inde yer alm\u0131\u015ft\u0131r.Modern hukuk devletinde \u201cnormatif bir metin\u201dden ba\u015fka bir \u015fey olmayan yasalar\u0131n \u201cg\u00f6zu\u0308\u201dnden s\u00f6z edilemeyece\u011fi a\u00e7\u0131kt\u0131r. Stolleis bu kitab\u0131nda tarihten gu\u0308\u00e7lu\u0308 ve \u00e7arp\u0131c\u0131 al\u0131nt\u0131larla en eski \u00e7a\u011flardan bugu\u0308nku\u0308 hukuk devletine kadar \u201cyasa\u201d kavram\u0131n\u0131n temelinde g\u00f6rmek, g\u00f6zlemek ve denetim du\u0308\u015fu\u0308ncesinin yatt\u0131\u011f\u0131n\u0131 ve bunun ge\u00e7irdi\u011fi evreleri canl\u0131 bir \u015fekilde g\u00f6zler \u00f6nu\u0308ne sermekte.Bugu\u0308n Akdeniz u\u0308lkelerinin \u00e7o\u011funda yayg\u0131n bir bi\u00e7imde nazarl\u0131klarda kullan\u0131lan g\u00f6z simgesi Eski M\u0131s\u0131r\u2019\u0131n adaleti temsil eden hem Tanr\u0131 hem Kral Osiris\u2019in asas\u0131ndaki g\u00f6zdu\u0308r, ama ayn\u0131 zamanda Frans\u0131z Devrimi\u2019nin de adalet simgesi olmu\u015ftur. Eski du\u0308nyada ve geleneksel ku\u0308ltu\u0308rde u\u0308zerine tanr\u0131sal \u00f6zelliklerin yu\u0308klendi\u011fi g\u00f6z, modern du\u0308nyada yasalar\u0131n her yerde ge\u00e7erli olan egemenli\u011finin ve herkesin yasalar \u00f6nu\u0308ndeki e\u015fitli\u011finin, k\u0131sacas\u0131 hukukun nesnelli\u011finin g\u00f6stergesi olarak kullan\u0131lm\u0131\u015ft\u0131r.1975 y\u0131l\u0131ndan itibaren Frankfurt am Main\u2019da kamu hukuku ve yeni\u00e7a\u011f hukuk tarihi profes\u00f6ru\u0308 olan Michael Stolleis, 1991 sonras\u0131nda emekliye ayr\u0131l\u0131ncaya kadar Max Planck Enstitu\u0308su\u0308 Avrupa Hukuk Tarihi Ba\u015fkanl\u0131\u011f\u0131 g\u00f6revini de yu\u0308ru\u0308tmu\u0308\u015ftu\u0308r. \u00d6zellikle Alman anayasa, idare ve kamu hukuku tarihi konusunda uzman olan Stolleis, Alman hukuk tarihinde devlet fikri, adalet kavram\u0131, anayasa ve sosyal hukuk konular\u0131ndaki \u00e7ok say\u0131da kitap ve makalesiyle tan\u0131nmaktad\u0131r.Almancada bir\u00e7ok kez bas\u0131lan \u201cYasan\u0131n G\u00f6zu\u0308\u201d ba\u015fl\u0131kl\u0131 kitab\u0131 bugu\u0308ne kadar Tu\u0308rk\u00e7e dahil on dile \u00e7evrilmi\u015ftir.<\/p>\n","protected":false},"excerpt":{"rendered":"<p>Tan\u0131nm\u0131\u015f hukuk tarih\u00e7isi Michael Stolleis bu k\u0131sa ve \u00f6zlu\u0308 kitab\u0131nda yasalar\u0131n egemenli\u011finin simgesi \u201cher \u015feyi g\u00f6ren g\u00f6z\u201du\u0308n tarih i\u00e7inde ta\u015f\u0131d\u0131\u011f\u0131 anlamlar\u0131 hukuk a\u00e7\u0131s\u0131ndan incelemekte. Kitapta yasalar\u0131n<span class=\"excerpt-hellip\"> [\u2026]<\/span><\/p>\n","protected":false},"featured_media":0,"template":"","meta":{"_monsterinsights_skip_tracking":false,"_monsterinsights_sitenote_active":false,"_monsterinsights_sitenote_note":"","_monsterinsights_sitenote_category":0},"product_brand":[],"product_cat":[16038,12388],"product_tag":[],"class_list":{"0":"post-729707","1":"product","2":"type-product","3":"status-publish","5":"product_cat-arastirma-inceleme-referans-felsefe","6":"product_cat-felsefe","7":"pa_cilt-ciltsiz","8":"pa_tur-kitap","9":"pa_yayinevi-ayrinti-yayinlari","10":"pa_yazar-michael-stolleis","12":"first","13":"instock","14":"sale","15":"shipping-taxable","16":"purchasable","17":"product-type-simple"},"_links":{"self":[{"href":"https:\/\/roveyayinevi.com.tr\/index.php\/wp-json\/wp\/v2\/product\/729707","targetHints":{"allow":["GET"]}}],"collection":[{"href":"https:\/\/roveyayinevi.com.tr\/index.php\/wp-json\/wp\/v2\/product"}],"about":[{"href":"https:\/\/roveyayinevi.com.tr\/index.php\/wp-json\/wp\/v2\/types\/product"}],"wp:attachment":[{"href":"https:\/\/roveyayinevi.com.tr\/index.php\/wp-json\/wp\/v2\/media?parent=729707"}],"wp:term":[{"taxonomy":"product_brand","embeddable":true,"href":"https:\/\/roveyayinevi.com.tr\/index.php\/wp-json\/wp\/v2\/product_brand?post=729707"},{"taxonomy":"product_cat","embeddable":true,"href":"https:\/\/roveyayinevi.com.tr\/index.php\/wp-json\/wp\/v2\/product_cat?post=729707"},{"taxonomy":"product_tag","embeddable":true,"href":"https:\/\/roveyayinevi.com.tr\/index.php\/wp-json\/wp\/v2\/product_tag?post=729707"}],"curies":[{"name":"wp","href":"https:\/\/api.w.org\/{rel}","templated":true}]}}