{"id":729705,"date":"2025-08-27T21:01:05","date_gmt":"2025-08-27T18:01:05","guid":{"rendered":"https:\/\/roveyayinevi.com.tr\/index.php\/urun\/medyanin-ombudsmani-sarayin-medyasi\/"},"modified":"2026-04-16T02:37:16","modified_gmt":"2026-04-15T23:37:16","slug":"medyanin-ombudsmani-sarayin-medyasi","status":"publish","type":"product","link":"https:\/\/roveyayinevi.com.tr\/index.php\/urun\/medyanin-ombudsmani-sarayin-medyasi\/","title":{"rendered":"Medyan\u0131n Ombudsman\u0131 Saray&#8217;\u0131n Medyas\u0131"},"content":{"rendered":"<p>Tekmeleme, \u00e7ocuklu\u011fumun travmas\u0131 oldu. Polisin o tekmesini nas\u0131l zamanla gazetecilik hayaline d\u00f6n\u00fc\u015ft\u00fcrd\u00fcm? Ba\u015fka nelerden etkilendim kestiremiyorum ama ortaokul y\u0131llar\u0131nda, \u201cBen gazeteci olaca\u011f\u0131m, insanlara k\u00f6t\u00fc muameleleri yazaca\u011f\u0131m\u201d diye neredeyse say\u0131klamaya ba\u015flam\u0131\u015ft\u0131m. Yazmak istiyor, \u201cBu t\u00fcr insanl\u0131k d\u0131\u015f\u0131 muameleleri te\u015fhir etmeliyim\u201d diyordum.Medyan\u0131n Ombudsman\u0131 Saray\u2019\u0131n Medyas\u0131 adl\u0131 bu eserinde, y\u0131llar\u0131n\u0131 gazetecilik mesle\u011fine adam\u0131\u015f Faruk Bildirici, H\u00fcrriyet gazetesinde \u201combudsmanl\u0131k\u201d (okur temsilcili\u011fi) yapt\u0131\u011f\u0131 d\u00f6neme yo\u011funla\u015farak, o d\u00f6nemde ya\u015fad\u0131\u011f\u0131 etik kavgas\u0131n\u0131n bilinmeyenlerinin arkas\u0131n\u0131 aktar\u0131rken, bir yandan da \u201combudsmanl\u0131k\u201d mesle\u011finin T\u00fcrk medyas\u0131 i\u00e7indeki yerine ve geli\u015fim s\u00fcrecine, H\u00fcrriyet gazetesinin Do\u011fan Grubu\u2019ndan Demir\u00f6ren Grubu\u2019na ge\u00e7i\u015f s\u00fcrecine ve bu s\u00fcre\u00e7te ya\u015fananlara, siyaset ve medya ili\u015fkisine, T\u00fcrk siyasetinin medya \u00fczerindeki bask\u0131s\u0131na haber, \u00f6rnek ve belgeler sunarak e\u011filiyor. Faruk Bildirici\u2019nin gazetecilik ya\u015fam\u0131, yaz\u0131\u015fmalar\u0131, an\u0131, tecr\u00fcbe ve g\u00f6zlemlerinden hareketle T\u00fcrk gazetecili\u011finin 1980\u2019lerden 2020\u2019lere uzanan ser\u00fcveni ele\u015ftirel bir bak\u0131\u015fla yeniden de\u011ferlendiriliyor bu kitapta&#8230;<\/p>\n","protected":false},"excerpt":{"rendered":"<p>Tekmeleme, \u00e7ocuklu\u011fumun travmas\u0131 oldu. Polisin o tekmesini nas\u0131l zamanla gazetecilik hayaline d\u00f6n\u00fc\u015ft\u00fcrd\u00fcm? Ba\u015fka nelerden etkilendim kestiremiyorum ama ortaokul y\u0131llar\u0131nda, \u201cBen gazeteci olaca\u011f\u0131m, insanlara k\u00f6t\u00fc muameleleri yazaca\u011f\u0131m\u201d<span class=\"excerpt-hellip\"> [\u2026]<\/span><\/p>\n","protected":false},"featured_media":0,"template":"","meta":{"_monsterinsights_skip_tracking":false,"_monsterinsights_sitenote_active":false,"_monsterinsights_sitenote_note":"","_monsterinsights_sitenote_category":0},"product_brand":[],"product_cat":[13590,12337],"product_tag":[],"class_list":{"0":"post-729705","1":"product","2":"type-product","3":"status-publish","5":"product_cat-arastirma-inceleme-politika-siyaset","6":"product_cat-politika-siyaset","7":"pa_cilt-ciltsiz","8":"pa_tur-kitap","9":"pa_yayinevi-ayrinti-yayinlari","10":"pa_yazar-faruk-bildirici","12":"first","13":"instock","14":"sale","15":"shipping-taxable","16":"purchasable","17":"product-type-simple"},"_links":{"self":[{"href":"https:\/\/roveyayinevi.com.tr\/index.php\/wp-json\/wp\/v2\/product\/729705","targetHints":{"allow":["GET"]}}],"collection":[{"href":"https:\/\/roveyayinevi.com.tr\/index.php\/wp-json\/wp\/v2\/product"}],"about":[{"href":"https:\/\/roveyayinevi.com.tr\/index.php\/wp-json\/wp\/v2\/types\/product"}],"wp:attachment":[{"href":"https:\/\/roveyayinevi.com.tr\/index.php\/wp-json\/wp\/v2\/media?parent=729705"}],"wp:term":[{"taxonomy":"product_brand","embeddable":true,"href":"https:\/\/roveyayinevi.com.tr\/index.php\/wp-json\/wp\/v2\/product_brand?post=729705"},{"taxonomy":"product_cat","embeddable":true,"href":"https:\/\/roveyayinevi.com.tr\/index.php\/wp-json\/wp\/v2\/product_cat?post=729705"},{"taxonomy":"product_tag","embeddable":true,"href":"https:\/\/roveyayinevi.com.tr\/index.php\/wp-json\/wp\/v2\/product_tag?post=729705"}],"curies":[{"name":"wp","href":"https:\/\/api.w.org\/{rel}","templated":true}]}}