{"id":729704,"date":"2025-08-27T21:01:03","date_gmt":"2025-08-27T18:01:03","guid":{"rendered":"https:\/\/roveyayinevi.com.tr\/index.php\/urun\/kor-magara-baliklari\/"},"modified":"2026-04-16T02:37:16","modified_gmt":"2026-04-15T23:37:16","slug":"kor-magara-baliklari","status":"publish","type":"product","link":"https:\/\/roveyayinevi.com.tr\/index.php\/urun\/kor-magara-baliklari\/","title":{"rendered":"K\u00f6r Ma\u011fara Bal\u0131klar\u0131"},"content":{"rendered":"<p>Hayat, uzak ge\u00e7mi\u015f, yak\u0131n ge\u00e7mi\u015f, \u015fimdiki ge\u00e7mi\u015ften olu\u015fan, geni\u015f ge\u00e7mi\u015f zamanlar ge\u00e7ididir.   Seg\u00e2h Makam\u0131 ve Turuncu Zamanlar\u2019dan sonra Esra Kahraman, \u00fc\u00e7\u00fcnc\u00fc roman\u0131 K\u00f6r Ma\u011fara Bal\u0131klar\u0131\u2019yla yine bizi 78\u2019lilerin naif, samimi, dost d\u00fcnyas\u0131na g\u00f6t\u00fcr\u00fcyor. Tarihe tan\u0131kl\u0131\u011f\u0131n \u00f6tesinde ac\u0131mas\u0131zca tepelenmi\u015f bu ku\u015fakla gelecek ku\u015faklar aras\u0131nda bir e\u015fduyum kanal\u0131 olsun diye tasarlay\u0131p kurgulam\u0131\u015f hik\u00e2yesini. K\u00f6r Ma\u011fara Bal\u0131klar\u0131\u2019n\u0131 okuyunca hem h\u00e2l\u00e2 \u201cne g\u00fczel \u00e7ocuklard\u0131k ama\u201d diyen o ser\u00fc- vencilerin heyecan\u0131na tan\u0131k olacaks\u0131n\u0131z, hem susman\u0131n da konu\u015fman\u0131n da ustal\u0131k gerektirdi\u011fi \u201conuru cezaland\u0131- ran o karanl\u0131k \u00e7a\u011f\u201d\u0131n zulm\u00fcne. Onlar &#8220;g\u00fczel bir d\u00fcnya&#8221; yaratman\u0131n sevdal\u0131lar\u0131, bir devrim kalk\u0131\u015fmas\u0131 i\u00e7indedirler ama ayn\u0131 zamanda \u201cinsan\u0131n insana zahmeti olmaz o\u011ful. Zalimlerin insana zahmeti olur\u201d diyen bir terbiye i\u00e7indedirler. Kitab\u0131 okuyup kapat\u0131nca olas\u0131- l\u0131kla k\u00f6r ma\u011faralardan, k\u00f6r kuyulara d\u00fc\u015fm\u00fc\u015f olsalar da h\u00e2l\u00e2 devam eden onlar\u0131n maceras\u0131na kat\u0131lmak isteyenlere bir deneyim boyutu, bir deneyim olana\u011f\u0131 sunuyor Kahraman. <\/p>\n","protected":false},"excerpt":{"rendered":"<p>Hayat, uzak ge\u00e7mi\u015f, yak\u0131n ge\u00e7mi\u015f, \u015fimdiki ge\u00e7mi\u015ften olu\u015fan, geni\u015f ge\u00e7mi\u015f zamanlar ge\u00e7ididir. Seg\u00e2h Makam\u0131 ve Turuncu Zamanlar\u2019dan sonra Esra Kahraman, \u00fc\u00e7\u00fcnc\u00fc roman\u0131 K\u00f6r Ma\u011fara Bal\u0131klar\u0131\u2019yla yine<span class=\"excerpt-hellip\"> [\u2026]<\/span><\/p>\n","protected":false},"featured_media":0,"template":"","meta":{"_monsterinsights_skip_tracking":false,"_monsterinsights_sitenote_active":false,"_monsterinsights_sitenote_note":"","_monsterinsights_sitenote_category":0},"product_brand":[],"product_cat":[12291,12711],"product_tag":[],"class_list":{"0":"post-729704","1":"product","2":"type-product","3":"status-publish","5":"product_cat-edebiyat","6":"product_cat-roman-oyku","7":"pa_cilt-ciltsiz","8":"pa_tur-kitap","9":"pa_yayinevi-ayrinti-yayinlari","10":"pa_yazar-esra-kahraman","12":"first","13":"instock","14":"sale","15":"shipping-taxable","16":"purchasable","17":"product-type-simple"},"_links":{"self":[{"href":"https:\/\/roveyayinevi.com.tr\/index.php\/wp-json\/wp\/v2\/product\/729704","targetHints":{"allow":["GET"]}}],"collection":[{"href":"https:\/\/roveyayinevi.com.tr\/index.php\/wp-json\/wp\/v2\/product"}],"about":[{"href":"https:\/\/roveyayinevi.com.tr\/index.php\/wp-json\/wp\/v2\/types\/product"}],"wp:attachment":[{"href":"https:\/\/roveyayinevi.com.tr\/index.php\/wp-json\/wp\/v2\/media?parent=729704"}],"wp:term":[{"taxonomy":"product_brand","embeddable":true,"href":"https:\/\/roveyayinevi.com.tr\/index.php\/wp-json\/wp\/v2\/product_brand?post=729704"},{"taxonomy":"product_cat","embeddable":true,"href":"https:\/\/roveyayinevi.com.tr\/index.php\/wp-json\/wp\/v2\/product_cat?post=729704"},{"taxonomy":"product_tag","embeddable":true,"href":"https:\/\/roveyayinevi.com.tr\/index.php\/wp-json\/wp\/v2\/product_tag?post=729704"}],"curies":[{"name":"wp","href":"https:\/\/api.w.org\/{rel}","templated":true}]}}