{"id":729702,"date":"2025-08-27T21:01:02","date_gmt":"2025-08-27T18:01:02","guid":{"rendered":"https:\/\/roveyayinevi.com.tr\/index.php\/urun\/zipir-gizli-gorev\/"},"modified":"2026-04-16T02:37:16","modified_gmt":"2026-04-15T23:37:16","slug":"zipir-gizli-gorev","status":"publish","type":"product","link":"https:\/\/roveyayinevi.com.tr\/index.php\/urun\/zipir-gizli-gorev\/","title":{"rendered":"Z\u0131p\u0131r Gizli G\u00f6rev"},"content":{"rendered":"<p>Y\u00f6n\u00fcn\u00fc sevgiyle bulan bir k\u00f6pe\u011fin &#8221;\u015fampiyonlu\u011fa&#8221; ko\u015fu\u015fu\u2026Dilek Yard\u0131mc\u0131&#8217;n\u0131n, ya\u015fanm\u0131\u015f olaylardan esinlenerek kurgulad\u0131\u011f\u0131 Z\u0131p\u0131r&#8217;\u0131n ikinci ser\u00fcveni; kab\u0131na s\u0131\u011fmaz, yerinde durmaz kahraman\u0131m\u0131z\u0131 t\u00fcrl\u00fc engellerle y\u00fczle\u015ftiriyor, hayat\u0131n gizlerini ke\u015ffedece\u011fi &#8221;gizli g\u00f6rev&#8221;lerle bulu\u015fturuyor.Hayvanlar\u0131n sahiplenilmesi gibi duyarl\u0131l\u0131k gerektiren bir konuya e\u011filerek, hayvanlar\u0131n kendi do\u011fal \u00e7evrelerinde \u00f6zg\u00fcrce ya\u015fama hakk\u0131 \u00fczerine d\u00fc\u015f\u00fcnd\u00fcren yazar, insanlar ve can dostlar\u0131 aras\u0131nda k\u00f6k salan ko\u015fulsuz sevgiye de dikkat \u00e7ekiyor.\u00d6zg\u00fcrl\u00fc\u011f\u00fcne tutkun delifi\u015fek bir k\u00f6pe\u011fin, azim ve kararl\u0131l\u0131k dolu kendini ger\u00e7ekle\u015ftirme hik\u00e2yesini oda\u011f\u0131na alan roman, ba\u015far\u0131ya giden yolun hayal etmekten ve m\u00fccadeleyi b\u0131rakmamaktan ge\u00e7ti\u011fini an\u0131msat\u0131yor.Yeni yuvas\u0131nda, yeni sahibi ve yeni dostlar\u0131yla ge\u00e7 de olsa mutlulu\u011fu yakalayan Z\u0131p\u0131r&#8217;\u0131n keyfi yerindedir. Ta ki merak\u0131na yenik d\u00fc\u015f\u00fcp \u00f6zg\u00fcrl\u00fc\u011f\u00fcn\u00fc &#8221;yeniden&#8221; kaybedene de\u011fin! Ah o serseri k\u00f6pek grubu yok mu! Bela m\u0131 bizim Z\u0131p\u0131r&#8217;\u0131n pe\u015fini b\u0131rakm\u0131yor, yoksa o mu belay\u0131 koval\u0131yor bilinmez ama, k\u00f6y ha bire kar\u0131\u015f\u0131yor. \u0130\u015flerin tam da sarpa sard\u0131\u011f\u0131 bir d\u00f6nemde, K\u00fcrekli Kahraman Orhan bir yar\u0131\u015fmad\u0131r tutturuyor. Oysa bizimkinin akl\u0131, hi\u00e7 tan\u0131\u015fmad\u0131\u011f\u0131 babas\u0131nda, kalbi ise y\u00fcz\u00fcne hasret kald\u0131\u011f\u0131 ruh ikizi Kaan Efe&#8217;de. \u015eimdi kim o y\u0131ld\u0131z k\u00f6pek numaralar\u0131n\u0131 yap\u0131p nicedir galibiyeti elinden b\u0131rakmayan \u015eampiyon&#8217;u alt etmek i\u00e7in u\u011fra\u015facak? \u00d6nce babas\u0131n\u0131 bulmal\u0131. Ama madalya da ne yak\u0131\u015f\u0131r tasmas\u0131na! Z\u0131p\u0131r&#8217;\u0131n kafas\u0131 bir hayli kar\u0131\u015f\u0131k. Neyse ki ona do\u011fru yolu g\u00f6sterecek ve hayallerine ko\u015far ad\u0131m yakla\u015fmas\u0131na y\u00fcreklendirecek Esmer Amcas\u0131, Emine Ninesi ve bir de &#8221;Sokak K\u00f6pekleri Karde\u015fli\u011fi&#8221;nin ha\u015far\u0131 \u00fcyeleri var&#8230;Dilek Yard\u0131mc\u0131&#8217;n\u0131n g\u00fc\u00e7l\u00fc diyaloglar ve \u015fa\u015f\u0131rt\u0131c\u0131 bir kurguyla \u00f6rd\u00fc\u011f\u00fc bu umut tazeleyici roman, G\u00fcl Sar\u0131&#8217;n\u0131n s\u0131cac\u0131k resimleriyle zihinlerde canlan\u0131yor.Sevginin iyile\u015ftirici ve birle\u015ftirici g\u00fcc\u00fcne s\u0131\u011f\u0131narak y\u00fcreklere dokunan Z\u0131p\u0131r, sevginin izini s\u00fcrmek gibi anlaml\u0131 bir gizli g\u00f6revi bulunan t\u00fcm deli\u015fmen ruhlar\u0131n d\u00fc\u015flerini gelece\u011fe kavu\u015fturuyor.<\/p>\n","protected":false},"excerpt":{"rendered":"<p>Y\u00f6n\u00fcn\u00fc sevgiyle bulan bir k\u00f6pe\u011fin &#8221;\u015fampiyonlu\u011fa&#8221; ko\u015fu\u015fu\u2026Dilek Yard\u0131mc\u0131&#8217;n\u0131n, ya\u015fanm\u0131\u015f olaylardan esinlenerek kurgulad\u0131\u011f\u0131 Z\u0131p\u0131r&#8217;\u0131n ikinci ser\u00fcveni; kab\u0131na s\u0131\u011fmaz, yerinde durmaz kahraman\u0131m\u0131z\u0131 t\u00fcrl\u00fc engellerle y\u00fczle\u015ftiriyor, hayat\u0131n gizlerini ke\u015ffedece\u011fi<span class=\"excerpt-hellip\"> [\u2026]<\/span><\/p>\n","protected":false},"featured_media":0,"template":"","meta":{"_monsterinsights_skip_tracking":false,"_monsterinsights_sitenote_active":false,"_monsterinsights_sitenote_note":"","_monsterinsights_sitenote_category":0},"product_brand":[],"product_cat":[12275,12274],"product_tag":[],"class_list":{"0":"post-729702","1":"product","2":"type-product","3":"status-publish","5":"product_cat-6-12-yas-kitaplari","6":"product_cat-cocuk-ve-genclik-kitaplari","7":"pa_cilt-ciltsiz","8":"pa_tur-kitap","9":"pa_yayinevi-tudem-yayinlari","10":"pa_yazar-dilek-yardimci","12":"first","13":"instock","14":"sale","15":"shipping-taxable","16":"purchasable","17":"product-type-simple"},"_links":{"self":[{"href":"https:\/\/roveyayinevi.com.tr\/index.php\/wp-json\/wp\/v2\/product\/729702","targetHints":{"allow":["GET"]}}],"collection":[{"href":"https:\/\/roveyayinevi.com.tr\/index.php\/wp-json\/wp\/v2\/product"}],"about":[{"href":"https:\/\/roveyayinevi.com.tr\/index.php\/wp-json\/wp\/v2\/types\/product"}],"wp:attachment":[{"href":"https:\/\/roveyayinevi.com.tr\/index.php\/wp-json\/wp\/v2\/media?parent=729702"}],"wp:term":[{"taxonomy":"product_brand","embeddable":true,"href":"https:\/\/roveyayinevi.com.tr\/index.php\/wp-json\/wp\/v2\/product_brand?post=729702"},{"taxonomy":"product_cat","embeddable":true,"href":"https:\/\/roveyayinevi.com.tr\/index.php\/wp-json\/wp\/v2\/product_cat?post=729702"},{"taxonomy":"product_tag","embeddable":true,"href":"https:\/\/roveyayinevi.com.tr\/index.php\/wp-json\/wp\/v2\/product_tag?post=729702"}],"curies":[{"name":"wp","href":"https:\/\/api.w.org\/{rel}","templated":true}]}}