{"id":729700,"date":"2025-08-27T21:01:00","date_gmt":"2025-08-27T18:01:00","guid":{"rendered":"https:\/\/roveyayinevi.com.tr\/index.php\/urun\/helen-keller-ilham-verenler-2\/"},"modified":"2026-04-16T02:37:16","modified_gmt":"2026-04-15T23:37:16","slug":"helen-keller-ilham-verenler-2","status":"publish","type":"product","link":"https:\/\/roveyayinevi.com.tr\/index.php\/urun\/helen-keller-ilham-verenler-2\/","title":{"rendered":"Helen Keller \/ \u0130lham Verenler &#8211; 2"},"content":{"rendered":"<p>HELEN KELLER, 1880\u2019de Amerika\u2019n\u0131n Alabama eyaletinde sa\u011fl\u0131kl\u0131 bir bebek olarak d\u00fcnyaya geldi. On dokuz ayl\u0131kken ge\u00e7irdi\u011fi ate\u015fli bir hastal\u0131k sonucu g\u00f6rme, duyma ve konu\u015fma yetilerini kaybetti. O g\u00fcnden sonra d\u00fcnyas\u0131 karanl\u0131k ve sessiz bir zindan gibiydi. \u00c7\u0131ld\u0131ras\u0131ya a\u011fl\u0131yor, ruhunu saran zincirlerden bir t\u00fcrl\u00fc kurtulam\u0131yordu. Hayat\u0131 b\u00fcy\u00fck bir k\u00e2bustan ibaretti, ta ki yedi ya\u015f\u0131nda \u00f6\u011fretmeni Anne Sullivan ile tan\u0131\u015fana dek. Helen, sadece dokunarak ve koklayarak, g\u00f6rebilen, duyabilen ve konu\u015fabilen milyonlarca insan\u0131n yapamad\u0131\u011f\u0131 bir\u00e7ok \u015feyi ba\u015fard\u0131. \u00d6yle ki; d\u00fcnyaca \u00fcnl\u00fc bir yazar, e\u011fitimci ve aktivist oldu. Onun zifiri karanl\u0131ktan, g\u00f6z kama\u015ft\u0131r\u0131c\u0131 ayd\u0131nl\u0131\u011fa giden, ilham dolu hik\u00e2yesinden par\u0131lt\u0131lar toplamaya ne dersiniz?<\/p>\n","protected":false},"excerpt":{"rendered":"<p>HELEN KELLER, 1880\u2019de Amerika\u2019n\u0131n Alabama eyaletinde sa\u011fl\u0131kl\u0131 bir bebek olarak d\u00fcnyaya geldi. On dokuz ayl\u0131kken ge\u00e7irdi\u011fi ate\u015fli bir hastal\u0131k sonucu g\u00f6rme, duyma ve konu\u015fma yetilerini kaybetti.<span class=\"excerpt-hellip\"> [\u2026]<\/span><\/p>\n","protected":false},"featured_media":0,"template":"","meta":{"_monsterinsights_skip_tracking":false,"_monsterinsights_sitenote_active":false,"_monsterinsights_sitenote_note":"","_monsterinsights_sitenote_category":0},"product_brand":[],"product_cat":[14009,12291],"product_tag":[],"class_list":{"0":"post-729700","1":"product","2":"type-product","3":"status-publish","5":"product_cat-biyografi-otobiyografi-edebiyat","6":"product_cat-edebiyat","7":"pa_cilt-ciltsiz","8":"pa_tur-kitap","9":"pa_yayinevi-ugurbocegi-yayinlari","10":"pa_yazar-sevgi-basman","12":"first","13":"instock","14":"sale","15":"shipping-taxable","16":"purchasable","17":"product-type-simple"},"_links":{"self":[{"href":"https:\/\/roveyayinevi.com.tr\/index.php\/wp-json\/wp\/v2\/product\/729700","targetHints":{"allow":["GET"]}}],"collection":[{"href":"https:\/\/roveyayinevi.com.tr\/index.php\/wp-json\/wp\/v2\/product"}],"about":[{"href":"https:\/\/roveyayinevi.com.tr\/index.php\/wp-json\/wp\/v2\/types\/product"}],"wp:attachment":[{"href":"https:\/\/roveyayinevi.com.tr\/index.php\/wp-json\/wp\/v2\/media?parent=729700"}],"wp:term":[{"taxonomy":"product_brand","embeddable":true,"href":"https:\/\/roveyayinevi.com.tr\/index.php\/wp-json\/wp\/v2\/product_brand?post=729700"},{"taxonomy":"product_cat","embeddable":true,"href":"https:\/\/roveyayinevi.com.tr\/index.php\/wp-json\/wp\/v2\/product_cat?post=729700"},{"taxonomy":"product_tag","embeddable":true,"href":"https:\/\/roveyayinevi.com.tr\/index.php\/wp-json\/wp\/v2\/product_tag?post=729700"}],"curies":[{"name":"wp","href":"https:\/\/api.w.org\/{rel}","templated":true}]}}