{"id":729699,"date":"2025-08-27T21:00:59","date_gmt":"2025-08-27T18:00:59","guid":{"rendered":"https:\/\/roveyayinevi.com.tr\/index.php\/urun\/hareketli-vucudumuz-ilk-kesifler\/"},"modified":"2026-04-16T02:37:16","modified_gmt":"2026-04-15T23:37:16","slug":"hareketli-vucudumuz-ilk-kesifler","status":"publish","type":"product","link":"https:\/\/roveyayinevi.com.tr\/index.php\/urun\/hareketli-vucudumuz-ilk-kesifler\/","title":{"rendered":"Hareketli V\u00fccudumuz &#8211; \u0130lk Ke\u015fifler"},"content":{"rendered":"<p>Kitab\u0131n\u0131 a\u00e7, inan\u0131lmaz v\u00fccudunu ke\u015ffe \u00e7\u0131k! \u0130LK KE\u015e\u0130FLER-V\u00fccudumuz, hareketli sahneleri, v\u00fccudun \u00e7e\u015fitli b\u00f6l\u00fcmlerini bulma oyunlar\u0131 ve verdi\u011fi e\u011flenceli bilgilerle, bilimle tan\u0131\u015fma konusunda harika bir ilk kitap! <\/p>\n","protected":false},"excerpt":{"rendered":"<p>Kitab\u0131n\u0131 a\u00e7, inan\u0131lmaz v\u00fccudunu ke\u015ffe \u00e7\u0131k! \u0130LK KE\u015e\u0130FLER-V\u00fccudumuz, hareketli sahneleri, v\u00fccudun \u00e7e\u015fitli b\u00f6l\u00fcmlerini bulma oyunlar\u0131 ve verdi\u011fi e\u011flenceli bilgilerle, bilimle tan\u0131\u015fma konusunda harika bir ilk kitap!<\/p>\n","protected":false},"featured_media":0,"template":"","meta":{"_monsterinsights_skip_tracking":false,"_monsterinsights_sitenote_active":false,"_monsterinsights_sitenote_note":"","_monsterinsights_sitenote_category":0},"product_brand":[],"product_cat":[12274,12518],"product_tag":[],"class_list":{"0":"post-729699","1":"product","2":"type-product","3":"status-publish","5":"product_cat-cocuk-ve-genclik-kitaplari","6":"product_cat-okul-oncesi-kitaplar","7":"pa_cilt-ciltli","8":"pa_tur-kitap","9":"pa_yayinevi-is-bankasi-kultur-yayinlari","10":"pa_yazar-is-bankasi-kultur-yayinlari-kolektif","12":"first","13":"instock","14":"sale","15":"shipping-taxable","16":"purchasable","17":"product-type-simple"},"_links":{"self":[{"href":"https:\/\/roveyayinevi.com.tr\/index.php\/wp-json\/wp\/v2\/product\/729699","targetHints":{"allow":["GET"]}}],"collection":[{"href":"https:\/\/roveyayinevi.com.tr\/index.php\/wp-json\/wp\/v2\/product"}],"about":[{"href":"https:\/\/roveyayinevi.com.tr\/index.php\/wp-json\/wp\/v2\/types\/product"}],"wp:attachment":[{"href":"https:\/\/roveyayinevi.com.tr\/index.php\/wp-json\/wp\/v2\/media?parent=729699"}],"wp:term":[{"taxonomy":"product_brand","embeddable":true,"href":"https:\/\/roveyayinevi.com.tr\/index.php\/wp-json\/wp\/v2\/product_brand?post=729699"},{"taxonomy":"product_cat","embeddable":true,"href":"https:\/\/roveyayinevi.com.tr\/index.php\/wp-json\/wp\/v2\/product_cat?post=729699"},{"taxonomy":"product_tag","embeddable":true,"href":"https:\/\/roveyayinevi.com.tr\/index.php\/wp-json\/wp\/v2\/product_tag?post=729699"}],"curies":[{"name":"wp","href":"https:\/\/api.w.org\/{rel}","templated":true}]}}