{"id":729695,"date":"2025-08-27T21:00:55","date_gmt":"2025-08-27T18:00:55","guid":{"rendered":"https:\/\/roveyayinevi.com.tr\/index.php\/urun\/sehre-giden-yol\/"},"modified":"2026-04-16T02:37:15","modified_gmt":"2026-04-15T23:37:15","slug":"sehre-giden-yol","status":"publish","type":"product","link":"https:\/\/roveyayinevi.com.tr\/index.php\/urun\/sehre-giden-yol\/","title":{"rendered":"\u015eehre Giden Yol"},"content":{"rendered":"<p>Bir \u00e7ocuk, bir kirpi ve bir kamyonunyonun yollar\u0131 kesi\u015fir de kendilerini ayn\u0131 hik\u00e2yede bulurlarsa ne olur? \u00c7ocu\u011fun g\u00f6kyu\u0308zu\u0308ne, kirpinin sezgilerine, kamyonun tecru\u0308besine tutunup yol ald\u0131\u011f\u0131 \u015eehre Giden Yol\u2019da\u2019da minik okurlar sadece onlar\u0131n de\u011fil kendi yolculuklar\u0131n\u0131n do\u011fayla uyumunu yorumlama imk\u00e2n\u0131 bulacaklar.   <\/p>\n","protected":false},"excerpt":{"rendered":"<p>Bir \u00e7ocuk, bir kirpi ve bir kamyonunyonun yollar\u0131 kesi\u015fir de kendilerini ayn\u0131 hik\u00e2yede bulurlarsa ne olur? \u00c7ocu\u011fun g\u00f6kyu\u0308zu\u0308ne, kirpinin sezgilerine, kamyonun tecru\u0308besine tutunup yol ald\u0131\u011f\u0131 \u015eehre<span class=\"excerpt-hellip\"> [\u2026]<\/span><\/p>\n","protected":false},"featured_media":0,"template":"","meta":{"_monsterinsights_skip_tracking":false,"_monsterinsights_sitenote_active":false,"_monsterinsights_sitenote_note":"","_monsterinsights_sitenote_category":0},"product_brand":[],"product_cat":[12913,12274],"product_tag":[],"class_list":{"0":"post-729695","1":"product","2":"type-product","3":"status-publish","5":"product_cat-3-6-yas-kitaplari","6":"product_cat-cocuk-ve-genclik-kitaplari","7":"pa_cilt-ciltsiz","8":"pa_tur-kitap","9":"pa_yayinevi-dinozor-cocuk","10":"pa_yazar-betul-kanbolat","12":"first","13":"instock","14":"sale","15":"shipping-taxable","16":"purchasable","17":"product-type-simple"},"_links":{"self":[{"href":"https:\/\/roveyayinevi.com.tr\/index.php\/wp-json\/wp\/v2\/product\/729695","targetHints":{"allow":["GET"]}}],"collection":[{"href":"https:\/\/roveyayinevi.com.tr\/index.php\/wp-json\/wp\/v2\/product"}],"about":[{"href":"https:\/\/roveyayinevi.com.tr\/index.php\/wp-json\/wp\/v2\/types\/product"}],"wp:attachment":[{"href":"https:\/\/roveyayinevi.com.tr\/index.php\/wp-json\/wp\/v2\/media?parent=729695"}],"wp:term":[{"taxonomy":"product_brand","embeddable":true,"href":"https:\/\/roveyayinevi.com.tr\/index.php\/wp-json\/wp\/v2\/product_brand?post=729695"},{"taxonomy":"product_cat","embeddable":true,"href":"https:\/\/roveyayinevi.com.tr\/index.php\/wp-json\/wp\/v2\/product_cat?post=729695"},{"taxonomy":"product_tag","embeddable":true,"href":"https:\/\/roveyayinevi.com.tr\/index.php\/wp-json\/wp\/v2\/product_tag?post=729695"}],"curies":[{"name":"wp","href":"https:\/\/api.w.org\/{rel}","templated":true}]}}