{"id":729693,"date":"2025-08-27T21:00:53","date_gmt":"2025-08-27T18:00:53","guid":{"rendered":"https:\/\/roveyayinevi.com.tr\/index.php\/urun\/alman-masallari\/"},"modified":"2026-04-16T02:37:15","modified_gmt":"2026-04-15T23:37:15","slug":"alman-masallari","status":"publish","type":"product","link":"https:\/\/roveyayinevi.com.tr\/index.php\/urun\/alman-masallari\/","title":{"rendered":"Alman Masallar\u0131"},"content":{"rendered":"<p>Hayat ve \u00f6l\u00fcm, cennete ve cehenneme g\u00f6t\u00fcren se\u00e7imler, huzursuz ruhlar; kanaat, kabul ve umutla huzura eren ya\u015famlar, b\u00fcy\u00fcl\u00fc rit\u00fceller&#8230; Alman masallar\u0131 denince akla ilk gelen Grimm Masallar\u0131\u2019n\u0131n d\u0131\u015f\u0131nda, az bilinen, Pagan ve Hristiyanl\u0131k \u00f6geleriyle harmanlanm\u0131\u015f bu masallarla eski Avrupa\u2019n\u0131n ortas\u0131na yeni bir yolculuk ba\u015fl\u0131yor<\/p>\n","protected":false},"excerpt":{"rendered":"<p>Hayat ve \u00f6l\u00fcm, cennete ve cehenneme g\u00f6t\u00fcren se\u00e7imler, huzursuz ruhlar; kanaat, kabul ve umutla huzura eren ya\u015famlar, b\u00fcy\u00fcl\u00fc rit\u00fceller&#8230; Alman masallar\u0131 denince akla ilk gelen Grimm<span class=\"excerpt-hellip\"> [\u2026]<\/span><\/p>\n","protected":false},"featured_media":0,"template":"","meta":{"_monsterinsights_skip_tracking":false,"_monsterinsights_sitenote_active":false,"_monsterinsights_sitenote_note":"","_monsterinsights_sitenote_category":0},"product_brand":[],"product_cat":[12274,12523],"product_tag":[],"class_list":{"0":"post-729693","1":"product","2":"type-product","3":"status-publish","5":"product_cat-cocuk-ve-genclik-kitaplari","6":"product_cat-masallar","7":"pa_cilt-ciltsiz","8":"pa_tur-kitap","9":"pa_yayinevi-kara-karga-yayinlari","10":"pa_yazar-kara-karga-yayinlari-kolektif","12":"first","13":"instock","14":"sale","15":"shipping-taxable","16":"purchasable","17":"product-type-simple"},"_links":{"self":[{"href":"https:\/\/roveyayinevi.com.tr\/index.php\/wp-json\/wp\/v2\/product\/729693","targetHints":{"allow":["GET"]}}],"collection":[{"href":"https:\/\/roveyayinevi.com.tr\/index.php\/wp-json\/wp\/v2\/product"}],"about":[{"href":"https:\/\/roveyayinevi.com.tr\/index.php\/wp-json\/wp\/v2\/types\/product"}],"wp:attachment":[{"href":"https:\/\/roveyayinevi.com.tr\/index.php\/wp-json\/wp\/v2\/media?parent=729693"}],"wp:term":[{"taxonomy":"product_brand","embeddable":true,"href":"https:\/\/roveyayinevi.com.tr\/index.php\/wp-json\/wp\/v2\/product_brand?post=729693"},{"taxonomy":"product_cat","embeddable":true,"href":"https:\/\/roveyayinevi.com.tr\/index.php\/wp-json\/wp\/v2\/product_cat?post=729693"},{"taxonomy":"product_tag","embeddable":true,"href":"https:\/\/roveyayinevi.com.tr\/index.php\/wp-json\/wp\/v2\/product_tag?post=729693"}],"curies":[{"name":"wp","href":"https:\/\/api.w.org\/{rel}","templated":true}]}}