{"id":729692,"date":"2025-08-27T21:00:52","date_gmt":"2025-08-27T18:00:52","guid":{"rendered":"https:\/\/roveyayinevi.com.tr\/index.php\/urun\/batman-son-surat\/"},"modified":"2026-04-16T02:37:15","modified_gmt":"2026-04-15T23:37:15","slug":"batman-son-surat","status":"publish","type":"product","link":"https:\/\/roveyayinevi.com.tr\/index.php\/urun\/batman-son-surat\/","title":{"rendered":"Batman Son S\u00fcrat"},"content":{"rendered":"<p>Gen\u00e7 Bruce Wayne anne ve babas\u0131n\u0131n \u00f6lu\u0308mu\u0308nu\u0308n arkas\u0131ndaki s\u0131rr\u0131 \u00e7\u00f6zmek i\u00e7in Gotham \u015fehrinin arka sokaklar\u0131nda dedektiflik ve d\u00f6vu\u0308\u015f yetilerini geli\u015ftirmektedir. Ailesinin \u00f6lu\u0308mu\u0308nden su\u00e7luluk duyan Bruce, vicdan azab\u0131 \u00e7ekmektedir ve bundan kurtulmak i\u00e7in cinayetin ger\u00e7ek sorumlusunu bulmaya ant i\u00e7mi\u015ftir. Bu mu\u0308cadelesinin bir par\u00e7as\u0131 olarak da babas\u0131n\u0131n garajda yatan ilk arabas\u0131n\u0131 yeniden toparlamaya ba\u015flar. Fakat Bruce \u00e7ok zaman ge\u00e7meden bunlar\u0131 tek ba\u015f\u0131na yapamayaca\u011f\u0131n\u0131 anlar ve bu durum onu yeni dostluklara ve zorluklara su\u0308ru\u0308kler. Ama bu mu\u0308cadele, sonunda ona en \u00e7ok istedi\u011fi \u015feyi getirecektir: \u00d6zgu\u0308rlu\u0308k Yazar Shea Fontana (DC Super Hero Girls, Wonder Woman) ve \u00e7izer Marcelo DiChiara\u2019n\u0131n (DC Super Hero Girls, Teen Titans Go!) sundu\u011fu Batman: Son Su\u0308rat arkada\u015fl\u0131k, gu\u0308ven ve affetmenin \u00f6nemine de\u011finen i\u00e7ten bir hik\u00e2yedir. <\/p>\n","protected":false},"excerpt":{"rendered":"<p>Gen\u00e7 Bruce Wayne anne ve babas\u0131n\u0131n \u00f6lu\u0308mu\u0308nu\u0308n arkas\u0131ndaki s\u0131rr\u0131 \u00e7\u00f6zmek i\u00e7in Gotham \u015fehrinin arka sokaklar\u0131nda dedektiflik ve d\u00f6vu\u0308\u015f yetilerini geli\u015ftirmektedir. Ailesinin \u00f6lu\u0308mu\u0308nden su\u00e7luluk duyan Bruce, vicdan<span class=\"excerpt-hellip\"> [\u2026]<\/span><\/p>\n","protected":false},"featured_media":0,"template":"","meta":{"_monsterinsights_skip_tracking":false,"_monsterinsights_sitenote_active":false,"_monsterinsights_sitenote_note":"","_monsterinsights_sitenote_category":0},"product_brand":[],"product_cat":[12275,12274],"product_tag":[],"class_list":{"0":"post-729692","1":"product","2":"type-product","3":"status-publish","5":"product_cat-6-12-yas-kitaplari","6":"product_cat-cocuk-ve-genclik-kitaplari","7":"pa_cilt-ciltsiz","8":"pa_tur-kitap","9":"pa_yayinevi-dinozor-cocuk","10":"pa_yazar-shea-fontana","12":"first","13":"instock","14":"sale","15":"shipping-taxable","16":"purchasable","17":"product-type-simple"},"_links":{"self":[{"href":"https:\/\/roveyayinevi.com.tr\/index.php\/wp-json\/wp\/v2\/product\/729692","targetHints":{"allow":["GET"]}}],"collection":[{"href":"https:\/\/roveyayinevi.com.tr\/index.php\/wp-json\/wp\/v2\/product"}],"about":[{"href":"https:\/\/roveyayinevi.com.tr\/index.php\/wp-json\/wp\/v2\/types\/product"}],"wp:attachment":[{"href":"https:\/\/roveyayinevi.com.tr\/index.php\/wp-json\/wp\/v2\/media?parent=729692"}],"wp:term":[{"taxonomy":"product_brand","embeddable":true,"href":"https:\/\/roveyayinevi.com.tr\/index.php\/wp-json\/wp\/v2\/product_brand?post=729692"},{"taxonomy":"product_cat","embeddable":true,"href":"https:\/\/roveyayinevi.com.tr\/index.php\/wp-json\/wp\/v2\/product_cat?post=729692"},{"taxonomy":"product_tag","embeddable":true,"href":"https:\/\/roveyayinevi.com.tr\/index.php\/wp-json\/wp\/v2\/product_tag?post=729692"}],"curies":[{"name":"wp","href":"https:\/\/api.w.org\/{rel}","templated":true}]}}