{"id":729690,"date":"2025-08-27T21:00:50","date_gmt":"2025-08-27T18:00:50","guid":{"rendered":"https:\/\/roveyayinevi.com.tr\/index.php\/urun\/topraklanma\/"},"modified":"2026-03-17T02:45:45","modified_gmt":"2026-03-16T23:45:45","slug":"topraklanma","status":"publish","type":"product","link":"https:\/\/roveyayinevi.com.tr\/index.php\/urun\/topraklanma\/","title":{"rendered":"Topraklanma"},"content":{"rendered":"<p>Giderek yayg\u0131nla\u015fan modern d\u00fcnya hastal\u0131klar\u0131n\u0131n nedeni olarak kabul edilen kronik iltihaplanman\u0131n \u00e7\u00f6z\u00fcm\u00fc ve ihtiyac\u0131m\u0131z olan \u015fifa kayna\u011f\u0131, d\u00fcnya var oldu\u011fundan beri bizimleydi desek ne d\u00fc\u015f\u00fcn\u00fcrs\u00fcn\u00fcz?   \u00c7\u0131\u011f\u0131r a\u00e7an ara\u015ft\u0131rmalar, bilimsel veriler ve ger\u00e7ek hayattan referanslarla dolu, daha \u00f6nce hi\u00e7 anlat\u0131lmam\u0131\u015f bu hik\u00e2ye, k\u00fcresel \u00e7apta bir sa\u011fl\u0131k devrimi yaratma potansiyeli ta\u015f\u0131yor. Topraklanma: Do\u011fadan Gelen \u015eifa kitab\u0131nda Toprak ile yeniden ba\u011f kurman\u0131n \u00f6nemini hat\u0131rlayacak ve Topraklanma mucizesinin insanlar\u0131 nas\u0131l iyile\u015ftirdi\u011fine tan\u0131kl\u0131k edeceksiniz. Kelimenin tam anlam\u0131yla denemesi bedava!   Toprak\u2019a yeniden ba\u011flanmak herhangi bir hastal\u0131\u011f\u0131n\u0131z\u0131 ya da durumunuzu iyile\u015ftirmez. Yapt\u0131\u011f\u0131 \u015fey, sizi \u00fczerinde ya\u015fayan t\u00fcm organizmalar\u0131 y\u00f6neten Yery\u00fcz\u00fc\u2019nden gelen do\u011fal elektrik sinyalleriyle yeniden birle\u015ftirmektir. Bedeninize do\u011fal i\u00e7sel elektrik dengesini ve ritmini geri kazand\u0131r\u0131r, bu da kardiyovask\u00fcler, solunum, sindirim ve ba\u011f\u0131\u015f\u0131kl\u0131k sistemleri dahil bedensel sistemin normal i\u015fleyi\u015fini destekler. Topraklanma, hastal\u0131klar\u0131n ortak nedeni olan iltihaplanmay\u0131 azaltmak i\u00e7in elektron eksikli\u011fini giderir. Sinir sistemini stresle y\u00f6netilen moddan, sakinlik ve daha iyi uyku moduna ge\u00e7irir. Topra\u011fa yeniden ba\u011flanarak bedeninizin normal elektriksel haline d\u00f6nmesine, kendi kendini daha iyi d\u00fczenlemesine ve iyile\u015ftirmesine olanak tan\u0131rs\u0131n\u0131z.   \u201cTopraklanma bizi Do\u011fa\u2019ya ba\u011flar, Do\u011fa ise sa\u011fl\u0131k ve \u015fifan\u0131n nihai kayna\u011f\u0131d\u0131r. Bu kitap, Do\u011fa\u2019n\u0131n en b\u00fcy\u00fck \u015fifa s\u0131rlar\u0131ndan birinin k\u0131lavuzu.\u201d \u2014Dr. JOHN GRAY \u201cErkekler Mars\u2019tan, Kad\u0131nlar Ven\u00fcs\u2019ten\u201d kitab\u0131n\u0131n yazar\u0131 <\/p>\n","protected":false},"excerpt":{"rendered":"<p>Giderek yayg\u0131nla\u015fan modern d\u00fcnya hastal\u0131klar\u0131n\u0131n nedeni olarak kabul edilen kronik iltihaplanman\u0131n \u00e7\u00f6z\u00fcm\u00fc ve ihtiyac\u0131m\u0131z olan \u015fifa kayna\u011f\u0131, d\u00fcnya var oldu\u011fundan beri bizimleydi desek ne d\u00fc\u015f\u00fcn\u00fcrs\u00fcn\u00fcz? \u00c7\u0131\u011f\u0131r<span class=\"excerpt-hellip\"> [\u2026]<\/span><\/p>\n","protected":false},"featured_media":0,"template":"","meta":{"_monsterinsights_skip_tracking":false,"_monsterinsights_sitenote_active":false,"_monsterinsights_sitenote_note":"","_monsterinsights_sitenote_category":0},"product_brand":[],"product_cat":[12364,12376],"product_tag":[],"class_list":{"0":"post-729690","1":"product","2":"type-product","3":"status-publish","5":"product_cat-genel-konular","6":"product_cat-kisisel-gelisim","7":"pa_cilt-ciltsiz","8":"pa_tur-kitap","9":"pa_yayinevi-omega","10":"pa_yazar-omega-kolektif","12":"first","13":"instock","14":"sale","15":"shipping-taxable","16":"purchasable","17":"product-type-simple"},"_links":{"self":[{"href":"https:\/\/roveyayinevi.com.tr\/index.php\/wp-json\/wp\/v2\/product\/729690","targetHints":{"allow":["GET"]}}],"collection":[{"href":"https:\/\/roveyayinevi.com.tr\/index.php\/wp-json\/wp\/v2\/product"}],"about":[{"href":"https:\/\/roveyayinevi.com.tr\/index.php\/wp-json\/wp\/v2\/types\/product"}],"wp:attachment":[{"href":"https:\/\/roveyayinevi.com.tr\/index.php\/wp-json\/wp\/v2\/media?parent=729690"}],"wp:term":[{"taxonomy":"product_brand","embeddable":true,"href":"https:\/\/roveyayinevi.com.tr\/index.php\/wp-json\/wp\/v2\/product_brand?post=729690"},{"taxonomy":"product_cat","embeddable":true,"href":"https:\/\/roveyayinevi.com.tr\/index.php\/wp-json\/wp\/v2\/product_cat?post=729690"},{"taxonomy":"product_tag","embeddable":true,"href":"https:\/\/roveyayinevi.com.tr\/index.php\/wp-json\/wp\/v2\/product_tag?post=729690"}],"curies":[{"name":"wp","href":"https:\/\/api.w.org\/{rel}","templated":true}]}}