{"id":729689,"date":"2025-08-27T21:00:50","date_gmt":"2025-08-27T18:00:50","guid":{"rendered":"https:\/\/roveyayinevi.com.tr\/index.php\/urun\/sapkin\/"},"modified":"2026-04-16T02:37:15","modified_gmt":"2026-04-15T23:37:15","slug":"sapkin","status":"publish","type":"product","link":"https:\/\/roveyayinevi.com.tr\/index.php\/urun\/sapkin\/","title":{"rendered":"Sapk\u0131n"},"content":{"rendered":"<p>Peter Drucker, T\u00fcrkiye LGBT\u0130+ hareketini yak\u0131ndan takip ediyor. Drucker, bu kitapta queer\u2019in bir tarihini sunarken ayn\u0131 zamanda radikal queer\u2019in radikal solla, yani anti-kapitalizmle harmanlanmas\u0131n\u0131 \u00f6neren bir \u00fctopya sunuyor. Queer tarihinin \u201chomoseks\u00fcel\u201d kavram\u0131 icat edilmeden \u00f6nceki bi\u00e7imlerini efeboli, ku\u015faklar aras\u0131 cinsellik \u00f6r\u00fcnt\u00fcs\u00fc gibi kavramlara dayanarak ele al\u0131rken, bunlara efemine-egemen formasyon diyor. Liberalizm ve s\u00f6m\u00fcrgecilik rejimlerine dayanan ve \u201chomoseks\u00fcel\u201d kavram\u0131n\u0131n icad\u0131na denk d\u00fc\u015fen d\u00f6nemi ters-egemen formasyon olarak nitelendirirken, hareketin daha sonraki zaman zarf\u0131nda ge\u00e7irdi\u011fi evreleri Fordist ekonomi ile neoliberalizm temelinde s\u0131ras\u0131yla \u015fu formasyonlar \u00fczerinden tarihselle\u015ftiriyor: gey-egemen formasyon ile homonormatif-egemen formasyon. Yazar, bu ekonomik yap\u0131lar\u0131n gey\/lezbiyen cemaati giderek gettola\u015ft\u0131rmas\u0131na dikkat \u00e7ekiyor. Homonormatif \u00f6r\u00fcnt\u00fcn\u00fcn homo-nasyonalizmle, yani \u00f6z\u00fcnde \u0131rk\u00e7\u0131l\u0131kla fl\u00f6rt\u00fcn\u00fcn ve gey\/lezbiyen \u00e7iftlerin giderek daha \u00e7ok heteroseks\u00fcel \u00e7ekirdek aile modeline \u00f6zenmesinin tehlikelerine i\u015faret ederken, bu tip bir \u00e7ekirdek ailele\u015fme s\u00fcrecinin yerine Poliamori\/queer yolda\u015fl\u0131k idealini koyuyor. Drucker bu kapsaml\u0131 \u00e7al\u0131\u015fmas\u0131nda queer cinselli\u011finin merkez\/\u00e7evre, s\u0131n\u0131f ve \u0131rk\u00e7\u0131l\u0131k gibi parametreler d\u0131\u015f\u0131nda ele al\u0131namayaca\u011f\u0131n\u0131, bunlar\u0131n birbirleriyle girift bi\u00e7imde i\u00e7 i\u00e7e ge\u00e7ti\u011fini g\u00f6steriyor. <\/p>\n","protected":false},"excerpt":{"rendered":"<p>Peter Drucker, T\u00fcrkiye LGBT\u0130+ hareketini yak\u0131ndan takip ediyor. Drucker, bu kitapta queer\u2019in bir tarihini sunarken ayn\u0131 zamanda radikal queer\u2019in radikal solla, yani anti-kapitalizmle harmanlanmas\u0131n\u0131 \u00f6neren bir<span class=\"excerpt-hellip\"> [\u2026]<\/span><\/p>\n","protected":false},"featured_media":0,"template":"","meta":{"_monsterinsights_skip_tracking":false,"_monsterinsights_sitenote_active":false,"_monsterinsights_sitenote_note":"","_monsterinsights_sitenote_category":0},"product_brand":[],"product_cat":[16038,12388],"product_tag":[],"class_list":{"0":"post-729689","1":"product","2":"type-product","3":"status-publish","5":"product_cat-arastirma-inceleme-referans-felsefe","6":"product_cat-felsefe","7":"pa_cilt-ciltsiz","8":"pa_tur-kitap","9":"pa_yayinevi-ayrinti-yayinlari","10":"pa_yazar-peter-drucker","12":"first","13":"instock","14":"sale","15":"shipping-taxable","16":"purchasable","17":"product-type-simple"},"_links":{"self":[{"href":"https:\/\/roveyayinevi.com.tr\/index.php\/wp-json\/wp\/v2\/product\/729689","targetHints":{"allow":["GET"]}}],"collection":[{"href":"https:\/\/roveyayinevi.com.tr\/index.php\/wp-json\/wp\/v2\/product"}],"about":[{"href":"https:\/\/roveyayinevi.com.tr\/index.php\/wp-json\/wp\/v2\/types\/product"}],"wp:attachment":[{"href":"https:\/\/roveyayinevi.com.tr\/index.php\/wp-json\/wp\/v2\/media?parent=729689"}],"wp:term":[{"taxonomy":"product_brand","embeddable":true,"href":"https:\/\/roveyayinevi.com.tr\/index.php\/wp-json\/wp\/v2\/product_brand?post=729689"},{"taxonomy":"product_cat","embeddable":true,"href":"https:\/\/roveyayinevi.com.tr\/index.php\/wp-json\/wp\/v2\/product_cat?post=729689"},{"taxonomy":"product_tag","embeddable":true,"href":"https:\/\/roveyayinevi.com.tr\/index.php\/wp-json\/wp\/v2\/product_tag?post=729689"}],"curies":[{"name":"wp","href":"https:\/\/api.w.org\/{rel}","templated":true}]}}