{"id":729688,"date":"2025-08-27T21:00:49","date_gmt":"2025-08-27T18:00:49","guid":{"rendered":"https:\/\/roveyayinevi.com.tr\/index.php\/urun\/kabenin-oglu-ali-2\/"},"modified":"2026-04-16T02:37:15","modified_gmt":"2026-04-15T23:37:15","slug":"kabenin-oglu-ali-2","status":"publish","type":"product","link":"https:\/\/roveyayinevi.com.tr\/index.php\/urun\/kabenin-oglu-ali-2\/","title":{"rendered":"Kabenin O\u011flu Ali &#8211; 2"},"content":{"rendered":"<p>Hayat s\u0131rlarla doluydu. Ne d\u00fcn d\u00fcnd\u00fc ne de yar\u0131n vard\u0131. Her \u015fey o anda toplan\u0131r, a\u015fik\u00e2r olurdu. G\u00f6zdeki perde kald\u0131r\u0131l\u0131r, y\u00fcreklerdeki kir pas ne varsa erirdi. Suyla pak olurdu insan. Su hayatt\u0131, su ba\u015flang\u0131\u00e7t\u0131; su ak\u0131p giden \u00f6mr\u00fcn yolda\u015f\u0131yd\u0131. Bir nefesti ya\u015famak. Bir solukta ge\u00e7erdi. Ve&#8230; Bir mucize ger\u00e7ekle\u015firdi. Oysa&#8230; Mucizeler hep vard\u0131 da g\u00f6recek g\u00f6z laz\u0131md\u0131. \u015eimdi&#8230; \u0130lahi bilgiydi, ar\u015f\u0131 titretti. O ki&#8230; Musa\u2019ya, H\u0131z\u0131r\u2019a \u00f6\u011fretilen, Yusuf\u2019a bah\u015fedilen Ve kutsal g\u00fcc\u00fcn tecellisiydi yeniden. \u0130lim bir noktayd\u0131, onu cahiller \u00e7o\u011faltt\u0131. Evveli&#8230; Bilinenden bilinmeyeni bulmakt\u0131; g\u00f6r\u00fcnenden g\u00f6r\u00fcnmeyi g\u00f6rmek. Bilinenlerle bilinmeyenleri bulmak; g\u00f6r\u00fcnenden g\u00f6r\u00fcnmeyeni g\u00f6rmek. Ve sonu&#8230; Bilinmeyenlerle bilinmeyeni bulmakt\u0131; g\u00f6r\u00fcnmeyenden g\u00f6r\u00fcnmeyi g\u00f6rmek! \u015eimdi&#8230; Kalbi ile zihni aras\u0131nda ince bir k\u00f6pr\u00fcyd\u00fc in\u015fa edilen. Bilginin kayna\u011f\u0131yd\u0131; \u00f6z\u00fcyd\u00fc \u0131\u015f\u0131yan, bilginin cevheriydi y\u00fcz\u00fcnde parlayan. \u0130lm-i Led\u00fcnni! T\u00fcm s\u0131rlar, incelikler bir bir \u00f6\u011fretilmekteydi. \u0130lm-i Gaybi! Maddenin, manan\u0131n; Levh-i Mahf\u00fbz\u2019un t\u00fcm\u00fc y\u00fcre\u011fine ekilmekteydi. O, ezelden ebede, evvelden ahire, zahirden bat\u0131na, s\u0131rdan a\u015fikara ilm\u00fc&#8217;l-guy\u00fbb ve\u2019l-esr\u00e2ri\u2019l-hafiyeydi. <\/p>\n","protected":false},"excerpt":{"rendered":"<p>Hayat s\u0131rlarla doluydu. Ne d\u00fcn d\u00fcnd\u00fc ne de yar\u0131n vard\u0131. Her \u015fey o anda toplan\u0131r, a\u015fik\u00e2r olurdu. G\u00f6zdeki perde kald\u0131r\u0131l\u0131r, y\u00fcreklerdeki kir pas ne varsa erirdi.<span class=\"excerpt-hellip\"> [\u2026]<\/span><\/p>\n","protected":false},"featured_media":0,"template":"","meta":{"_monsterinsights_skip_tracking":false,"_monsterinsights_sitenote_active":false,"_monsterinsights_sitenote_note":"","_monsterinsights_sitenote_category":0},"product_brand":[],"product_cat":[12718,18102,12719],"product_tag":[],"class_list":{"0":"post-729688","1":"product","2":"type-product","3":"status-publish","5":"product_cat-din","6":"product_cat-edebiyat-roman","7":"product_cat-islam","8":"pa_cilt-ciltsiz","9":"pa_tur-kitap","10":"pa_yayinevi-la-kitap-yayinlari","11":"pa_yazar-ilknur-altintas","13":"first","14":"instock","15":"sale","16":"shipping-taxable","17":"purchasable","18":"product-type-simple"},"_links":{"self":[{"href":"https:\/\/roveyayinevi.com.tr\/index.php\/wp-json\/wp\/v2\/product\/729688","targetHints":{"allow":["GET"]}}],"collection":[{"href":"https:\/\/roveyayinevi.com.tr\/index.php\/wp-json\/wp\/v2\/product"}],"about":[{"href":"https:\/\/roveyayinevi.com.tr\/index.php\/wp-json\/wp\/v2\/types\/product"}],"wp:attachment":[{"href":"https:\/\/roveyayinevi.com.tr\/index.php\/wp-json\/wp\/v2\/media?parent=729688"}],"wp:term":[{"taxonomy":"product_brand","embeddable":true,"href":"https:\/\/roveyayinevi.com.tr\/index.php\/wp-json\/wp\/v2\/product_brand?post=729688"},{"taxonomy":"product_cat","embeddable":true,"href":"https:\/\/roveyayinevi.com.tr\/index.php\/wp-json\/wp\/v2\/product_cat?post=729688"},{"taxonomy":"product_tag","embeddable":true,"href":"https:\/\/roveyayinevi.com.tr\/index.php\/wp-json\/wp\/v2\/product_tag?post=729688"}],"curies":[{"name":"wp","href":"https:\/\/api.w.org\/{rel}","templated":true}]}}