{"id":729684,"date":"2025-08-27T21:00:45","date_gmt":"2025-08-27T18:00:45","guid":{"rendered":"https:\/\/roveyayinevi.com.tr\/index.php\/urun\/nefes-2\/"},"modified":"2026-04-16T02:37:15","modified_gmt":"2026-04-15T23:37:15","slug":"nefes-2","status":"publish","type":"product","link":"https:\/\/roveyayinevi.com.tr\/index.php\/urun\/nefes-2\/","title":{"rendered":"Nefes"},"content":{"rendered":"<p>Balkan g\u00f6\u00e7meni bir ailenin o\u011flu olan \u015fair,  \u00fcniversite \u00f6\u011freniminden ba\u015flayarak ve sonras\u0131nda da i\u015fi gere\u011fi g\u00f6rev yapt\u0131\u011f\u0131 \u015fehirler vesilesi ile bir\u00e7ok k\u00fclt\u00fcr\u00fc ya\u015fama \u015fans\u0131na sahip olmu\u015ftur. Ya\u015fad\u0131\u011f\u0131 uzun uzad\u0131ya gurbetler ve hayata yeti\u015febilme tela\u015f\u0131 \u015fiirlerine yans\u0131maktad\u0131r. \u00c7evresindeki ayr\u0131nt\u0131lar\u0131 g\u00f6zlemlemek, asl\u0131nda g\u00f6r\u00fcnmeyende veya dile gelmeyendeki ger\u00e7e\u011fi anlamak ve gerekti\u011finde bunu m\u0131sralara d\u00f6k\u00fcp anlatmak hevesi ile bu \u015fiirleri yazm\u0131\u015ft\u0131r. Yaln\u0131zl\u0131\u011f\u0131n asl\u0131nda fena bir \u015fey olmad\u0131\u011f\u0131n\u0131, bu tela\u015flar\u0131n aras\u0131ndan \u00e7\u0131k\u0131p bazen de kendine gitmenin ve bir nefes al\u0131p \u00f6yle devam etmenin gere\u011fini anlam\u0131\u015f, anlatm\u0131\u015ft\u0131r. Velhas\u0131l u\u00e7urumun kenar\u0131ndad\u0131r hep hayat, yani d\u00fc\u015fmeden ve bazen hi\u00e7bir yere kimseye tutunmadan ya\u015fayabilmek en onurlusudur. Yaln\u0131zl\u0131\u011f\u0131n tad\u0131 ba\u015fkad\u0131r yani, bazen kalabal\u0131\u011f\u0131n ortas\u0131ndan orkestray\u0131 susturup \u00e7ekip de gidebilmek g\u00fczeldir, k\u0131y\u0131s\u0131na \u00e7ekilip hayat\u0131n kendi besteni yapabilmek i\u00e7in\u2026 <\/p>\n","protected":false},"excerpt":{"rendered":"<p>Balkan g\u00f6\u00e7meni bir ailenin o\u011flu olan \u015fair, \u00fcniversite \u00f6\u011freniminden ba\u015flayarak ve sonras\u0131nda da i\u015fi gere\u011fi g\u00f6rev yapt\u0131\u011f\u0131 \u015fehirler vesilesi ile bir\u00e7ok k\u00fclt\u00fcr\u00fc ya\u015fama \u015fans\u0131na sahip olmu\u015ftur.<span class=\"excerpt-hellip\"> [\u2026]<\/span><\/p>\n","protected":false},"featured_media":0,"template":"","meta":{"_monsterinsights_skip_tracking":false,"_monsterinsights_sitenote_active":false,"_monsterinsights_sitenote_note":"","_monsterinsights_sitenote_category":0},"product_brand":[],"product_cat":[12291,12509],"product_tag":[],"class_list":{"0":"post-729684","1":"product","2":"type-product","3":"status-publish","5":"product_cat-edebiyat","6":"product_cat-siir","7":"pa_cilt-ciltsiz","8":"pa_tur-kitap","9":"pa_yayinevi-luna-yayinlari","10":"pa_yazar-ozkan-bostanci","12":"first","13":"instock","14":"sale","15":"shipping-taxable","16":"purchasable","17":"product-type-simple"},"_links":{"self":[{"href":"https:\/\/roveyayinevi.com.tr\/index.php\/wp-json\/wp\/v2\/product\/729684","targetHints":{"allow":["GET"]}}],"collection":[{"href":"https:\/\/roveyayinevi.com.tr\/index.php\/wp-json\/wp\/v2\/product"}],"about":[{"href":"https:\/\/roveyayinevi.com.tr\/index.php\/wp-json\/wp\/v2\/types\/product"}],"wp:attachment":[{"href":"https:\/\/roveyayinevi.com.tr\/index.php\/wp-json\/wp\/v2\/media?parent=729684"}],"wp:term":[{"taxonomy":"product_brand","embeddable":true,"href":"https:\/\/roveyayinevi.com.tr\/index.php\/wp-json\/wp\/v2\/product_brand?post=729684"},{"taxonomy":"product_cat","embeddable":true,"href":"https:\/\/roveyayinevi.com.tr\/index.php\/wp-json\/wp\/v2\/product_cat?post=729684"},{"taxonomy":"product_tag","embeddable":true,"href":"https:\/\/roveyayinevi.com.tr\/index.php\/wp-json\/wp\/v2\/product_tag?post=729684"}],"curies":[{"name":"wp","href":"https:\/\/api.w.org\/{rel}","templated":true}]}}