{"id":729680,"date":"2025-08-27T21:00:41","date_gmt":"2025-08-27T18:00:41","guid":{"rendered":"https:\/\/roveyayinevi.com.tr\/index.php\/urun\/turk-kulturu-arastirmalari\/"},"modified":"2026-04-16T02:37:15","modified_gmt":"2026-04-15T23:37:15","slug":"turk-kulturu-arastirmalari","status":"publish","type":"product","link":"https:\/\/roveyayinevi.com.tr\/index.php\/urun\/turk-kulturu-arastirmalari\/","title":{"rendered":"T\u00fcrk K\u00fclt\u00fcr\u00fc Ara\u015ft\u0131rmalar\u0131"},"content":{"rendered":"<p>T\u00fcrk K\u00fclt\u00fcr\u00fc Ara\u015ft\u0131rmalar\u0131, T\u00fcrk k\u00fclt\u00fcr\u00fcn\u00fcn yaz\u0131 \u00f6ncesinden ba\u015flay\u0131p g\u00fcn\u00fcm\u00fcze kadar gelen ser\u00fcvenini de\u011fi\u015fik a\u00e7\u0131lardan ele alan \u00e7al\u0131\u015fmalardan olu\u015fmaktad\u0131r. Bu \u00e7al\u0131\u015fma; T\u00fcrk k\u00fclt\u00fcr\u00fc, T\u00fcrkiye\u2019de k\u00fclt\u00fcr planlamas\u0131 ve siyaset, T\u00fcrk milletinin ortak dil ve k\u00fclt\u00fcr ge\u00e7mi\u015fi petroglifler, Dede Korkut Destan\u0131, Yeni G\u00fcn(Nevruz), Kurt Dede, kemen\u00e7e, horan, halk takvimi ve say\u0131l\u0131 g\u00fcnler, s\u00f6zl\u00fc T\u00fcrk k\u00fclt\u00fcr\u00fcn\u00fcn boyutlar\u0131 ve i\u015flevleri, T\u00fcrk destanlar\u0131nda demir ve demircilik, atas\u00f6zleri, ninniler, \u00e7ocuk oyunlar\u0131, K\u0131rk K\u0131z efsaneleri, T\u00fcrk masallar\u0131, destan k\u00fclt\u00fcr\u00fc,Ah\u015fap camiler, serenderler, su de\u011firmenleri, sepet ve sepet\u00e7ilik, tulum, kaval,be\u015fik, hardama \/ hartama, has\u0131r \u00f6rg\u00fcs\u00fc bilezikler, pileki \/ bileki, gibi konular\u0131 i\u00e7ermektedir. Ot\u00e7u g\u00f6\u00e7\u00fc, m\u0131s\u0131r helvas\u0131, \u0131sl\u0131k dili, deve oyunu, kurt a\u011fz\u0131 ba\u011flama, g\u00fcne\u015f duas\u0131, nak\u0131\u015fl\u0131 \u00e7oraplar, \u00c7epni kilimleri, cecim, .. gibi konularda da ara\u015ft\u0131rmalar yap\u0131lm\u0131\u015ft\u0131r.Ayr\u0131ca; T\u00fcrk d\u00fc\u015f\u00fcnce d\u00fcnyas\u0131nda Hazret-i Ali, Hac\u0131 Bekta\u015f Vel\u00ee, Hint ve Hindistan, Bir Sivil Toplum \u00d6rg\u00fct\u00fc Olarak \u201cAlman T\u00fcrkleri Birli\u011fi\u201d, Ordu ilinin folklorik yap\u0131s\u0131 ve halk k\u00fclt\u00fcr\u00fc, konular\u0131na da yer verilmi\u015ftir. <\/p>\n","protected":false},"excerpt":{"rendered":"<p>T\u00fcrk K\u00fclt\u00fcr\u00fc Ara\u015ft\u0131rmalar\u0131, T\u00fcrk k\u00fclt\u00fcr\u00fcn\u00fcn yaz\u0131 \u00f6ncesinden ba\u015flay\u0131p g\u00fcn\u00fcm\u00fcze kadar gelen ser\u00fcvenini de\u011fi\u015fik a\u00e7\u0131lardan ele alan \u00e7al\u0131\u015fmalardan olu\u015fmaktad\u0131r. Bu \u00e7al\u0131\u015fma; T\u00fcrk k\u00fclt\u00fcr\u00fc, T\u00fcrkiye\u2019de k\u00fclt\u00fcr planlamas\u0131 ve<span class=\"excerpt-hellip\"> [\u2026]<\/span><\/p>\n","protected":false},"featured_media":0,"template":"","meta":{"_monsterinsights_skip_tracking":false,"_monsterinsights_sitenote_active":false,"_monsterinsights_sitenote_note":"","_monsterinsights_sitenote_category":0},"product_brand":[],"product_cat":[13072,12291],"product_tag":[],"class_list":{"0":"post-729680","1":"product","2":"type-product","3":"status-publish","5":"product_cat-arastirma-inceleme-referans","6":"product_cat-edebiyat","7":"pa_cilt-ciltsiz","8":"pa_tur-kitap","9":"pa_yayinevi-altinordu-yayinlari","10":"pa_yazar-necati-demir","12":"first","13":"instock","14":"sale","15":"shipping-taxable","16":"purchasable","17":"product-type-simple"},"_links":{"self":[{"href":"https:\/\/roveyayinevi.com.tr\/index.php\/wp-json\/wp\/v2\/product\/729680","targetHints":{"allow":["GET"]}}],"collection":[{"href":"https:\/\/roveyayinevi.com.tr\/index.php\/wp-json\/wp\/v2\/product"}],"about":[{"href":"https:\/\/roveyayinevi.com.tr\/index.php\/wp-json\/wp\/v2\/types\/product"}],"wp:attachment":[{"href":"https:\/\/roveyayinevi.com.tr\/index.php\/wp-json\/wp\/v2\/media?parent=729680"}],"wp:term":[{"taxonomy":"product_brand","embeddable":true,"href":"https:\/\/roveyayinevi.com.tr\/index.php\/wp-json\/wp\/v2\/product_brand?post=729680"},{"taxonomy":"product_cat","embeddable":true,"href":"https:\/\/roveyayinevi.com.tr\/index.php\/wp-json\/wp\/v2\/product_cat?post=729680"},{"taxonomy":"product_tag","embeddable":true,"href":"https:\/\/roveyayinevi.com.tr\/index.php\/wp-json\/wp\/v2\/product_tag?post=729680"}],"curies":[{"name":"wp","href":"https:\/\/api.w.org\/{rel}","templated":true}]}}