{"id":729679,"date":"2025-08-27T21:00:40","date_gmt":"2025-08-27T18:00:40","guid":{"rendered":"https:\/\/roveyayinevi.com.tr\/index.php\/urun\/turk-edebiyati-arastirmalari\/"},"modified":"2026-04-16T02:37:15","modified_gmt":"2026-04-15T23:37:15","slug":"turk-edebiyati-arastirmalari","status":"publish","type":"product","link":"https:\/\/roveyayinevi.com.tr\/index.php\/urun\/turk-edebiyati-arastirmalari\/","title":{"rendered":"T\u00fcrk Edebiyat\u0131 Ara\u015ft\u0131rmalar\u0131"},"content":{"rendered":"<p>T\u00fcrk Edebiyat\u0131 Ara\u015ft\u0131rmalar\u0131, T\u00fcrk edebiyat\u0131n\u0131n yaz\u0131 \u00f6ncesinden ba\u015flay\u0131p g\u00fc &#8211; n\u00fcm\u00fcze kadar gelen ser\u00fcvenini de\u011fi\u015fik a\u00e7\u0131lardan ele alan \u00e7al\u0131\u015fmalardan olu\u015f maktad\u0131r. Bu \u00e7al\u0131\u015fma; T\u00fcrklerin En Eski Tarihi: Ulu Han Ata Biti\u011fi kitab\u0131, Uygur Harfli O\u011fuzname, atas\u00f6z\u00fc ve \u00f6zl\u00fc s\u00f6z i\u00e7erikli O\u011fuznameler, Bayat\u00ee\u2019nin C\u00e2m-\u0131 Cem-\u00c2yin, Topkap\u0131 Saray M\u00fczesinde bulunan O\u011fuzname, Dana Ata ve Dana Ata O\u011fuznamesi, Dede Korkut Kitab\u0131, Hz. Ali Cenknameleri, M\u00fcseyey Gazi Destan\u0131, Eba M\u00fcslim Destan\u0131, D\u00e2ni\u015fmend Gazi Destan\u0131, Battal Gazi Destan\u0131, Salt\u0131k Gazi Destan\u0131, Sel\u00e7ukname, T\u00fcrk Destanlar\u0131nda Ankara, T\u00fcrk Destanlar\u0131nda \u00c7orum, T\u00fcrk Destanlar\u0131nda Sivas, Salt\u0131kname\u2019de Konya, Gagauz T\u00fcrkleri edebiyat\u0131, K\u00f6pr\u00fc dergisi, gibi konular\u0131 i\u00e7ermektedir. \u00c7a\u011fatay sahas\u0131 \u015fairi Hay\u00e2t\u00ee, Yaz\u0131c\u0131o\u011flu Ali, Halit Ziya U\u015fakl\u0131gil, Bahtiyar Vahapz\u00e2de, \u015fair Ahmet Ka\u00e7ar gibi T\u00fcrk edebiyat\u0131n\u0131n \u00f6nemli \u015fah\u0131slar\u0131 hakk\u0131nda da ara\u015ft\u0131rmalar yap\u0131lm\u0131\u015ft\u0131r. \u0130ran T\u00fcrk Halk Edebiyat\u0131nda Laylaylar ve Nazlamalar, manilerde dil ve \u00fcslup, konular\u0131na da yer verilmi\u015ftir. <\/p>\n","protected":false},"excerpt":{"rendered":"<p>T\u00fcrk Edebiyat\u0131 Ara\u015ft\u0131rmalar\u0131, T\u00fcrk edebiyat\u0131n\u0131n yaz\u0131 \u00f6ncesinden ba\u015flay\u0131p g\u00fc &#8211; n\u00fcm\u00fcze kadar gelen ser\u00fcvenini de\u011fi\u015fik a\u00e7\u0131lardan ele alan \u00e7al\u0131\u015fmalardan olu\u015f maktad\u0131r. Bu \u00e7al\u0131\u015fma; T\u00fcrklerin En Eski<span class=\"excerpt-hellip\"> [\u2026]<\/span><\/p>\n","protected":false},"featured_media":0,"template":"","meta":{"_monsterinsights_skip_tracking":false,"_monsterinsights_sitenote_active":false,"_monsterinsights_sitenote_note":"","_monsterinsights_sitenote_category":0},"product_brand":[],"product_cat":[13072,12291],"product_tag":[],"class_list":{"0":"post-729679","1":"product","2":"type-product","3":"status-publish","5":"product_cat-arastirma-inceleme-referans","6":"product_cat-edebiyat","7":"pa_cilt-ciltsiz","8":"pa_tur-kitap","9":"pa_yayinevi-altinordu-yayinlari","10":"pa_yazar-necati-demir","12":"first","13":"instock","14":"sale","15":"shipping-taxable","16":"purchasable","17":"product-type-simple"},"_links":{"self":[{"href":"https:\/\/roveyayinevi.com.tr\/index.php\/wp-json\/wp\/v2\/product\/729679","targetHints":{"allow":["GET"]}}],"collection":[{"href":"https:\/\/roveyayinevi.com.tr\/index.php\/wp-json\/wp\/v2\/product"}],"about":[{"href":"https:\/\/roveyayinevi.com.tr\/index.php\/wp-json\/wp\/v2\/types\/product"}],"wp:attachment":[{"href":"https:\/\/roveyayinevi.com.tr\/index.php\/wp-json\/wp\/v2\/media?parent=729679"}],"wp:term":[{"taxonomy":"product_brand","embeddable":true,"href":"https:\/\/roveyayinevi.com.tr\/index.php\/wp-json\/wp\/v2\/product_brand?post=729679"},{"taxonomy":"product_cat","embeddable":true,"href":"https:\/\/roveyayinevi.com.tr\/index.php\/wp-json\/wp\/v2\/product_cat?post=729679"},{"taxonomy":"product_tag","embeddable":true,"href":"https:\/\/roveyayinevi.com.tr\/index.php\/wp-json\/wp\/v2\/product_tag?post=729679"}],"curies":[{"name":"wp","href":"https:\/\/api.w.org\/{rel}","templated":true}]}}