{"id":729678,"date":"2025-08-27T21:00:39","date_gmt":"2025-08-27T18:00:39","guid":{"rendered":"https:\/\/roveyayinevi.com.tr\/index.php\/urun\/sumuklerin-gizli-hayati\/"},"modified":"2026-04-16T02:37:15","modified_gmt":"2026-04-15T23:37:15","slug":"sumuklerin-gizli-hayati","status":"publish","type":"product","link":"https:\/\/roveyayinevi.com.tr\/index.php\/urun\/sumuklerin-gizli-hayati\/","title":{"rendered":"S\u00fcm\u00fcklerin Gizli Hayat\u0131"},"content":{"rendered":"<p>Hepimizin burnu akar ve hepimizin s\u00fcm\u00fc\u011f\u00fc vard\u0131r. Biraz i\u011fren\u00e7 olduklar\u0131n\u0131 d\u00fc\u015f\u00fcnebilirsin ama s\u00fcm\u00fckler asl\u0131nda v\u00fccudumuzun savunma mekanizmas\u0131n\u0131n \u00f6nemli bir par\u00e7as\u0131! Peki s\u00fcm\u00fckler nelerden olu\u015fur? V\u00fccudumuzda ka\u00e7 litre s\u00fcm\u00fck vard\u0131r ve g\u00f6revleri nelerdir? Neden \u00f6zellikle so\u011fuk havalarda burnumuz akar? Burnumuzu temizlemenin en iyi yollar\u0131 nelerdir? V\u00fccudumuzun \u00e2deta gizli s\u00fcper kahraman\u0131 olan s\u00fcm\u00fckler hakk\u0131nda her \u015feyi \u00f6\u011frenmeye haz\u0131r m\u0131s\u0131n?<\/p>\n","protected":false},"excerpt":{"rendered":"<p>Hepimizin burnu akar ve hepimizin s\u00fcm\u00fc\u011f\u00fc vard\u0131r. Biraz i\u011fren\u00e7 olduklar\u0131n\u0131 d\u00fc\u015f\u00fcnebilirsin ama s\u00fcm\u00fckler asl\u0131nda v\u00fccudumuzun savunma mekanizmas\u0131n\u0131n \u00f6nemli bir par\u00e7as\u0131! Peki s\u00fcm\u00fckler nelerden olu\u015fur? V\u00fccudumuzda ka\u00e7<span class=\"excerpt-hellip\"> [\u2026]<\/span><\/p>\n","protected":false},"featured_media":0,"template":"","meta":{"_monsterinsights_skip_tracking":false,"_monsterinsights_sitenote_active":false,"_monsterinsights_sitenote_note":"","_monsterinsights_sitenote_category":0},"product_brand":[],"product_cat":[12913,12274],"product_tag":[],"class_list":{"0":"post-729678","1":"product","2":"type-product","3":"status-publish","5":"product_cat-3-6-yas-kitaplari","6":"product_cat-cocuk-ve-genclik-kitaplari","7":"pa_cilt-ciltsiz","8":"pa_tur-kitap","9":"pa_yayinevi-abm-yayinevi","10":"pa_yazar-mariona-tolosa-sistere","12":"first","13":"instock","14":"sale","15":"shipping-taxable","16":"purchasable","17":"product-type-simple"},"_links":{"self":[{"href":"https:\/\/roveyayinevi.com.tr\/index.php\/wp-json\/wp\/v2\/product\/729678","targetHints":{"allow":["GET"]}}],"collection":[{"href":"https:\/\/roveyayinevi.com.tr\/index.php\/wp-json\/wp\/v2\/product"}],"about":[{"href":"https:\/\/roveyayinevi.com.tr\/index.php\/wp-json\/wp\/v2\/types\/product"}],"wp:attachment":[{"href":"https:\/\/roveyayinevi.com.tr\/index.php\/wp-json\/wp\/v2\/media?parent=729678"}],"wp:term":[{"taxonomy":"product_brand","embeddable":true,"href":"https:\/\/roveyayinevi.com.tr\/index.php\/wp-json\/wp\/v2\/product_brand?post=729678"},{"taxonomy":"product_cat","embeddable":true,"href":"https:\/\/roveyayinevi.com.tr\/index.php\/wp-json\/wp\/v2\/product_cat?post=729678"},{"taxonomy":"product_tag","embeddable":true,"href":"https:\/\/roveyayinevi.com.tr\/index.php\/wp-json\/wp\/v2\/product_tag?post=729678"}],"curies":[{"name":"wp","href":"https:\/\/api.w.org\/{rel}","templated":true}]}}