{"id":729677,"date":"2025-08-27T21:00:38","date_gmt":"2025-08-27T18:00:38","guid":{"rendered":"https:\/\/roveyayinevi.com.tr\/index.php\/urun\/dinozorlar-cagi-ara-bul-ve-say-bir-tarih-oncesi-sayma-kitabi\/"},"modified":"2026-04-16T02:37:15","modified_gmt":"2026-04-15T23:37:15","slug":"dinozorlar-cagi-ara-bul-ve-say-bir-tarih-oncesi-sayma-kitabi","status":"publish","type":"product","link":"https:\/\/roveyayinevi.com.tr\/index.php\/urun\/dinozorlar-cagi-ara-bul-ve-say-bir-tarih-oncesi-sayma-kitabi\/","title":{"rendered":"Dinozorlar \u00c7a\u011f\u0131: Ara, Bul ve Say \u2013 Bir Tarih \u00d6ncesi Sayma Kitab\u0131"},"content":{"rendered":"<p>G\u00f6zlerim \u00e7ok keskindir diyenlerden misin? Zor g\u00f6revleri ba\u015farmada \u00fcst\u00fcme yoktur mu diyorsun? \u00d6yleyse bu b\u00fcy\u00fck kitap tam sana g\u00f6re! Pek \u00e7ok dinozor bu kitab\u0131n sayfalar\u0131 aras\u0131nda, Devasa labirentlerin i\u00e7inde gizleniyor, Ve labirentlerden birine girdin mi, bil ki&#8230; Yaln\u0131zca en merakl\u0131lar yolunu bulmay\u0131 ba\u015farabiliyor! Do\u011fru yolu bul, dikkatini da\u011f\u0131tmadan Y\u00fczlerce reng\u00e2renk dinozoru akl\u0131nda tut ve Hepsini say! Haydi ba\u015fla, ne duruyorsun<\/p>\n","protected":false},"excerpt":{"rendered":"<p>G\u00f6zlerim \u00e7ok keskindir diyenlerden misin? Zor g\u00f6revleri ba\u015farmada \u00fcst\u00fcme yoktur mu diyorsun? \u00d6yleyse bu b\u00fcy\u00fck kitap tam sana g\u00f6re! Pek \u00e7ok dinozor bu kitab\u0131n sayfalar\u0131 aras\u0131nda,<span class=\"excerpt-hellip\"> [\u2026]<\/span><\/p>\n","protected":false},"featured_media":0,"template":"","meta":{"_monsterinsights_skip_tracking":false,"_monsterinsights_sitenote_active":false,"_monsterinsights_sitenote_note":"","_monsterinsights_sitenote_category":0},"product_brand":[],"product_cat":[12274,12518],"product_tag":[],"class_list":{"0":"post-729677","1":"product","2":"type-product","3":"status-publish","5":"product_cat-cocuk-ve-genclik-kitaplari","6":"product_cat-okul-oncesi-kitaplar","7":"pa_cilt-ciltsiz","8":"pa_tur-kitap","9":"pa_yayinevi-abm-yayinevi","10":"pa_yazar-agnese-baruzzi","12":"first","13":"instock","14":"sale","15":"shipping-taxable","16":"purchasable","17":"product-type-simple"},"_links":{"self":[{"href":"https:\/\/roveyayinevi.com.tr\/index.php\/wp-json\/wp\/v2\/product\/729677","targetHints":{"allow":["GET"]}}],"collection":[{"href":"https:\/\/roveyayinevi.com.tr\/index.php\/wp-json\/wp\/v2\/product"}],"about":[{"href":"https:\/\/roveyayinevi.com.tr\/index.php\/wp-json\/wp\/v2\/types\/product"}],"wp:attachment":[{"href":"https:\/\/roveyayinevi.com.tr\/index.php\/wp-json\/wp\/v2\/media?parent=729677"}],"wp:term":[{"taxonomy":"product_brand","embeddable":true,"href":"https:\/\/roveyayinevi.com.tr\/index.php\/wp-json\/wp\/v2\/product_brand?post=729677"},{"taxonomy":"product_cat","embeddable":true,"href":"https:\/\/roveyayinevi.com.tr\/index.php\/wp-json\/wp\/v2\/product_cat?post=729677"},{"taxonomy":"product_tag","embeddable":true,"href":"https:\/\/roveyayinevi.com.tr\/index.php\/wp-json\/wp\/v2\/product_tag?post=729677"}],"curies":[{"name":"wp","href":"https:\/\/api.w.org\/{rel}","templated":true}]}}