{"id":729676,"date":"2025-08-27T21:00:37","date_gmt":"2025-08-27T18:00:37","guid":{"rendered":"https:\/\/roveyayinevi.com.tr\/index.php\/urun\/bil-bakalim-ne-goruyorum\/"},"modified":"2026-04-16T02:37:15","modified_gmt":"2026-04-15T23:37:15","slug":"bil-bakalim-ne-goruyorum","status":"publish","type":"product","link":"https:\/\/roveyayinevi.com.tr\/index.php\/urun\/bil-bakalim-ne-goruyorum\/","title":{"rendered":"Bil Bakal\u0131m Ne G\u00f6r\u00fcyorum?"},"content":{"rendered":"<p>Sevgili boyama uzmanlar\u0131, say\u0131 avc\u0131lar\u0131 ve kalem eskiten arkada\u015flar! G\u00fczel bir resim yapmak istiyor ama ne yapaca\u011f\u0131n\u0131za karar veremiyorsan\u0131z bu kitap tam size g\u00f6re: Noktalar\u0131 birle\u015ftirerek ortaya farkl\u0131 resimler \u00e7\u0131kar\u0131n, resimlerin i\u00e7lerini boyay\u0131n ve hatta yarat\u0131c\u0131l\u0131\u011f\u0131n\u0131z\u0131 kullanarak resimlerin devam\u0131n\u0131 \u00e7izin! \u0130yi e\u011flenceler!<\/p>\n","protected":false},"excerpt":{"rendered":"<p>Sevgili boyama uzmanlar\u0131, say\u0131 avc\u0131lar\u0131 ve kalem eskiten arkada\u015flar! G\u00fczel bir resim yapmak istiyor ama ne yapaca\u011f\u0131n\u0131za karar veremiyorsan\u0131z bu kitap tam size g\u00f6re: Noktalar\u0131 birle\u015ftirerek<span class=\"excerpt-hellip\"> [\u2026]<\/span><\/p>\n","protected":false},"featured_media":0,"template":"","meta":{"_monsterinsights_skip_tracking":false,"_monsterinsights_sitenote_active":false,"_monsterinsights_sitenote_note":"","_monsterinsights_sitenote_category":0},"product_brand":[],"product_cat":[12644,12274],"product_tag":[],"class_list":{"0":"post-729676","1":"product","2":"type-product","3":"status-publish","5":"product_cat-boyama-kitaplari","6":"product_cat-cocuk-ve-genclik-kitaplari","7":"pa_cilt-ciltsiz","8":"pa_tur-kitap","9":"pa_yayinevi-abm-yayinevi","10":"pa_yazar-marion-goedelt","12":"first","13":"instock","14":"sale","15":"shipping-taxable","16":"purchasable","17":"product-type-simple"},"_links":{"self":[{"href":"https:\/\/roveyayinevi.com.tr\/index.php\/wp-json\/wp\/v2\/product\/729676","targetHints":{"allow":["GET"]}}],"collection":[{"href":"https:\/\/roveyayinevi.com.tr\/index.php\/wp-json\/wp\/v2\/product"}],"about":[{"href":"https:\/\/roveyayinevi.com.tr\/index.php\/wp-json\/wp\/v2\/types\/product"}],"wp:attachment":[{"href":"https:\/\/roveyayinevi.com.tr\/index.php\/wp-json\/wp\/v2\/media?parent=729676"}],"wp:term":[{"taxonomy":"product_brand","embeddable":true,"href":"https:\/\/roveyayinevi.com.tr\/index.php\/wp-json\/wp\/v2\/product_brand?post=729676"},{"taxonomy":"product_cat","embeddable":true,"href":"https:\/\/roveyayinevi.com.tr\/index.php\/wp-json\/wp\/v2\/product_cat?post=729676"},{"taxonomy":"product_tag","embeddable":true,"href":"https:\/\/roveyayinevi.com.tr\/index.php\/wp-json\/wp\/v2\/product_tag?post=729676"}],"curies":[{"name":"wp","href":"https:\/\/api.w.org\/{rel}","templated":true}]}}