{"id":729674,"date":"2025-08-27T21:00:35","date_gmt":"2025-08-27T18:00:35","guid":{"rendered":"https:\/\/roveyayinevi.com.tr\/index.php\/urun\/alinin-parcalari\/"},"modified":"2026-04-16T02:37:15","modified_gmt":"2026-04-15T23:37:15","slug":"alinin-parcalari","status":"publish","type":"product","link":"https:\/\/roveyayinevi.com.tr\/index.php\/urun\/alinin-parcalari\/","title":{"rendered":"Ali\u2019nin Par\u00e7alar\u0131"},"content":{"rendered":"<p>\u201cAli,\u201d dedim, \u201cKabban\u00ee b\u00fcy\u00fck \u015fairler i\u00e7in neden, asl\u0131nda tek m\u0131sra yaz\u0131p \u00f6lenlerdir, diyor?\u201d \u201c\u00c7\u00fcnk\u00fc,\u201d dedi, \u201c\u015fiirin g\u00f6revi, her \u015feyi a\u00e7\u0131klamak de\u011fildir. Uzun a\u00e7\u0131klamalar, papa\u011fanlar\u0131n, moruklar\u0131n ve haber b\u00fcltenlerinin yapt\u0131\u011f\u0131 bir \u015feydir.\u201d <\/p>\n","protected":false},"excerpt":{"rendered":"<p>\u201cAli,\u201d dedim, \u201cKabban\u00ee b\u00fcy\u00fck \u015fairler i\u00e7in neden, asl\u0131nda tek m\u0131sra yaz\u0131p \u00f6lenlerdir, diyor?\u201d \u201c\u00c7\u00fcnk\u00fc,\u201d dedi, \u201c\u015fiirin g\u00f6revi, her \u015feyi a\u00e7\u0131klamak de\u011fildir. Uzun a\u00e7\u0131klamalar, papa\u011fanlar\u0131n, moruklar\u0131n ve<span class=\"excerpt-hellip\"> [\u2026]<\/span><\/p>\n","protected":false},"featured_media":0,"template":"","meta":{"_monsterinsights_skip_tracking":false,"_monsterinsights_sitenote_active":false,"_monsterinsights_sitenote_note":"","_monsterinsights_sitenote_category":0},"product_brand":[],"product_cat":[12274,12284],"product_tag":[],"class_list":{"0":"post-729674","1":"product","2":"type-product","3":"status-publish","5":"product_cat-cocuk-ve-genclik-kitaplari","6":"product_cat-hikayeler","7":"pa_cilt-ciltsiz","8":"pa_tur-kitap","9":"pa_yayinevi-profil-kitap","10":"pa_yazar-sadik-yalsizucanlar","12":"first","13":"instock","14":"sale","15":"shipping-taxable","16":"purchasable","17":"product-type-simple"},"_links":{"self":[{"href":"https:\/\/roveyayinevi.com.tr\/index.php\/wp-json\/wp\/v2\/product\/729674","targetHints":{"allow":["GET"]}}],"collection":[{"href":"https:\/\/roveyayinevi.com.tr\/index.php\/wp-json\/wp\/v2\/product"}],"about":[{"href":"https:\/\/roveyayinevi.com.tr\/index.php\/wp-json\/wp\/v2\/types\/product"}],"wp:attachment":[{"href":"https:\/\/roveyayinevi.com.tr\/index.php\/wp-json\/wp\/v2\/media?parent=729674"}],"wp:term":[{"taxonomy":"product_brand","embeddable":true,"href":"https:\/\/roveyayinevi.com.tr\/index.php\/wp-json\/wp\/v2\/product_brand?post=729674"},{"taxonomy":"product_cat","embeddable":true,"href":"https:\/\/roveyayinevi.com.tr\/index.php\/wp-json\/wp\/v2\/product_cat?post=729674"},{"taxonomy":"product_tag","embeddable":true,"href":"https:\/\/roveyayinevi.com.tr\/index.php\/wp-json\/wp\/v2\/product_tag?post=729674"}],"curies":[{"name":"wp","href":"https:\/\/api.w.org\/{rel}","templated":true}]}}