{"id":729673,"date":"2025-08-27T21:00:34","date_gmt":"2025-08-27T18:00:34","guid":{"rendered":"https:\/\/roveyayinevi.com.tr\/index.php\/urun\/gelecekten-gelen-siir\/"},"modified":"2026-04-16T02:37:15","modified_gmt":"2026-04-15T23:37:15","slug":"gelecekten-gelen-siir","status":"publish","type":"product","link":"https:\/\/roveyayinevi.com.tr\/index.php\/urun\/gelecekten-gelen-siir\/","title":{"rendered":"Gelecekten Gelen \u015eiir"},"content":{"rendered":"<p>\u201c\u0130\u015fgal mi? Aynen \u00f6yle, i\u015fgal. \u015eimdiki i\u015fgal ne d\u00fcnya \u00e7ap\u0131ndaki fa\u015fist hareketler ve otoriter y\u00f6netimlerden ne de siyaset ve mek\u00e2n\u0131n yeni duvarlar ve g\u00f6zalt\u0131 merkezleriyle fiziken i\u015fgal edilmesinden ibaret. \u0130stencin melankolisinde ve k\u00f6t\u00fcmserli\u011finde bo\u011fulan duygular\u0131m\u0131z\u0131n, arzular\u0131m\u0131z\u0131n ve hayal g\u00fcc\u00fcm\u00fcz\u00fcn manen i\u015fgal edilmesi de s\u00f6z konusu. Bug\u00fcn ya\u015fad\u0131\u011f\u0131m\u0131z i\u015fgal, ba\u015fka bir alternatif olmad\u0131\u011f\u0131na, dolay\u0131s\u0131yla bir gelece\u011fin de olmad\u0131\u011f\u0131na y\u00f6nelik yayg\u0131n hisse \u2013hatta ger\u00e7ekli\u011fe\u2013 dayan\u0131yor.\u201d   Siyaset felsefesi alan\u0131nda \u00e7al\u0131\u015fan aktivist, yazar Sre\u0107ko Horvat siyasi, ekonomik, ekolojik ve insani krizlerin kesi\u015fiminde k\u0131yamet s\u00f6ylemleriyle sarmaland\u0131\u011f\u0131m\u0131z g\u00fcn\u00fcm\u00fczde \u00f6zg\u00fcrle\u015fmek i\u00e7in ulusal s\u0131n\u0131rlar\u0131 ve kimlikleri a\u015fan, ge\u00e7erlili\u011fini yitirmi\u015f uygulama ve s\u00f6ylemlerin \u00f6tesine ge\u00e7en k\u00fcresel bir \u00f6rg\u00fctlenmeye ihtiyac\u0131m\u0131z oldu\u011funu savunuyor.   Nazi i\u015fgalindeki Yugoslavya\u2019n\u0131n partizan direni\u015f hareketinden m\u00fclteci kamplar\u0131na, edebiyat ve sinemadaki distopik anlat\u0131lardan g\u00fcn\u00fcm\u00fcz isyan hareketlerine uzanan bir anlat\u0131yla i\u00e7inde bulundu\u011fumuz vahim durumu de\u011ferlendiriyor ve k\u00fcresel d\u00fczeni k\u00f6kten de\u011fi\u015ftirebilecek bir enternasyonalizmin manifestosunu sunuyor.    \u201cHorvat \u00e7arp\u0131c\u0131 vizyonuyla acil bir ihtiyac\u0131 ve eri\u015filebilir bir hedefi i\u015faret ediyor.\u201d <\/p>\n","protected":false},"excerpt":{"rendered":"<p>\u201c\u0130\u015fgal mi? Aynen \u00f6yle, i\u015fgal. \u015eimdiki i\u015fgal ne d\u00fcnya \u00e7ap\u0131ndaki fa\u015fist hareketler ve otoriter y\u00f6netimlerden ne de siyaset ve mek\u00e2n\u0131n yeni duvarlar ve g\u00f6zalt\u0131 merkezleriyle fiziken<span class=\"excerpt-hellip\"> [\u2026]<\/span><\/p>\n","protected":false},"featured_media":0,"template":"","meta":{"_monsterinsights_skip_tracking":false,"_monsterinsights_sitenote_active":false,"_monsterinsights_sitenote_note":"","_monsterinsights_sitenote_category":0},"product_brand":[],"product_cat":[16038,12388],"product_tag":[],"class_list":{"0":"post-729673","1":"product","2":"type-product","3":"status-publish","5":"product_cat-arastirma-inceleme-referans-felsefe","6":"product_cat-felsefe","7":"pa_cilt-ciltsiz","8":"pa_tur-kitap","9":"pa_yayinevi-kolektif-kitap","10":"pa_yazar-srecko-horvat","12":"first","13":"instock","14":"sale","15":"shipping-taxable","16":"purchasable","17":"product-type-simple"},"_links":{"self":[{"href":"https:\/\/roveyayinevi.com.tr\/index.php\/wp-json\/wp\/v2\/product\/729673","targetHints":{"allow":["GET"]}}],"collection":[{"href":"https:\/\/roveyayinevi.com.tr\/index.php\/wp-json\/wp\/v2\/product"}],"about":[{"href":"https:\/\/roveyayinevi.com.tr\/index.php\/wp-json\/wp\/v2\/types\/product"}],"wp:attachment":[{"href":"https:\/\/roveyayinevi.com.tr\/index.php\/wp-json\/wp\/v2\/media?parent=729673"}],"wp:term":[{"taxonomy":"product_brand","embeddable":true,"href":"https:\/\/roveyayinevi.com.tr\/index.php\/wp-json\/wp\/v2\/product_brand?post=729673"},{"taxonomy":"product_cat","embeddable":true,"href":"https:\/\/roveyayinevi.com.tr\/index.php\/wp-json\/wp\/v2\/product_cat?post=729673"},{"taxonomy":"product_tag","embeddable":true,"href":"https:\/\/roveyayinevi.com.tr\/index.php\/wp-json\/wp\/v2\/product_tag?post=729673"}],"curies":[{"name":"wp","href":"https:\/\/api.w.org\/{rel}","templated":true}]}}