{"id":729672,"date":"2025-08-27T21:00:33","date_gmt":"2025-08-27T18:00:33","guid":{"rendered":"https:\/\/roveyayinevi.com.tr\/index.php\/urun\/davetli-listesi\/"},"modified":"2026-04-16T02:37:15","modified_gmt":"2026-04-15T23:37:15","slug":"davetli-listesi","status":"publish","type":"product","link":"https:\/\/roveyayinevi.com.tr\/index.php\/urun\/davetli-listesi\/","title":{"rendered":"Davetli Listesi"},"content":{"rendered":"<p>Agatha Christie klasiklerinin hissiyat\u0131n\u0131 uyand\u0131r\u0131yor&#8230; Karakterlerin ge\u00e7mi\u015fleri hakk\u0131nda ortaya \u00f6ylesine at\u0131lm\u0131\u015f gibi g\u00f6r\u00fcnen ayr\u0131nt\u0131lara \u00e7ok dikkat edin. Bunlar\u0131n hepsi ipucu.\u201d \u2013 The New York Times   \u201c BU L\u0130STEDE OLMAK BAZILARI \u0130\u00c7\u0130N B\u0130R \u00d6L\u00dcM KALIM MESELES\u0130\u2019 \u0130rlanda k\u0131y\u0131lar\u0131ndaki bir adada, davetliler hayatlar\u0131n\u0131 birle\u015ftiren iki ki\u015fiyi kutlamak i\u00e7in toplan\u0131yor. Damat: Yak\u0131\u015f\u0131kl\u0131 ve \u00e7ekici, y\u00fckselen bir televizyon y\u0131ld\u0131z\u0131. Gelin: Ak\u0131ll\u0131 ve h\u0131rsl\u0131, bir kad\u0131n dergisi sahibi. \u015ea\u015faal\u0131 d\u00fc\u011f\u00fcnlerden beklenen ne varsa kar\u015f\u0131l\u0131\u011f\u0131n\u0131 buluyor: Tasar\u0131mc\u0131 k\u0131yafetleri, ula\u015f\u0131lmas\u0131 zor, g\u00f6rkemli bir d\u00fc\u011f\u00fcn yeri, l\u00fcks parti hediyeleri, butik viskiler&#8230; Elbette cep telefonunuz \u00e7ekmeyebilir, adaya ula\u015fmak i\u00e7in boyunuzu a\u015fan dalgalarla m\u00fccadele etmek zorunda kalabilirsiniz, ancak her ayr\u0131nt\u0131s\u0131 ustal\u0131kla planlanm\u0131\u015f bu d\u00fc\u011f\u00fcnde yer almak, bir\u00e7oklar\u0131 i\u00e7in bir \u00f6l\u00fcm kal\u0131m meselesi&#8230; Elbette, m\u00fckemmellik sadece planlarda olur ve insan dedi\u011finiz de insand\u0131r i\u015fte. \u015eampanya patlay\u0131p e\u011flence ba\u015flad\u0131\u011f\u0131nda, k\u0131zg\u0131nl\u0131klar ve k\u00fc\u00e7\u00fck k\u0131skan\u00e7l\u0131klar, an\u0131lar\u0131n ve iyi dileklerin her bir zerresine s\u0131zmaya ba\u015fl\u0131yor. Sa\u011fd\u0131\u00e7lar okul g\u00fcnlerinden kalma bir i\u00e7ki oyununa giri\u015fiyor. Nedime pek de tesad\u00fcf denemeyecek \u015fekilde elbisesini mahvediyor. Gelinin en eski (erkek) dostu rahats\u0131z edici derecede \u015fefkatli bir konu\u015fmayla kadeh kald\u0131r\u0131yor. Ve sonra mutlu \u00e7iftin bu \u00f6nemli g\u00fcn\u00fcne \u00f6l\u00fcm\u00fcn g\u00f6lgesi d\u00fc\u015f\u00fcyor. \u00d6len kim? \u00d6ld\u00fcren kim? Belki daha da \u00f6nemlisi, sebep ne?   \u201cBu kitab\u0131 \u00e7ok sevdim. Bir k\u00f6\u015feye k\u0131vr\u0131l\u0131p okudu\u011fum klasik bir Agatha Christie kitab\u0131ndan ald\u0131\u011f\u0131m mutlulu\u011fun ayn\u0131s\u0131n\u0131 hissettim. De\u011fi\u015fen bak\u0131\u015f a\u00e7\u0131lar\u0131 sizi tahmin etmeye y\u00f6nlendiriyor ve tahmin ederken de ters k\u00f6\u015feye yat\u0131r\u0131yor.\u201d <\/p>\n","protected":false},"excerpt":{"rendered":"<p>Agatha Christie klasiklerinin hissiyat\u0131n\u0131 uyand\u0131r\u0131yor&#8230; Karakterlerin ge\u00e7mi\u015fleri hakk\u0131nda ortaya \u00f6ylesine at\u0131lm\u0131\u015f gibi g\u00f6r\u00fcnen ayr\u0131nt\u0131lara \u00e7ok dikkat edin. Bunlar\u0131n hepsi ipucu.\u201d \u2013 The New York Times \u201c<span class=\"excerpt-hellip\"> [\u2026]<\/span><\/p>\n","protected":false},"featured_media":0,"template":"","meta":{"_monsterinsights_skip_tracking":false,"_monsterinsights_sitenote_active":false,"_monsterinsights_sitenote_note":"","_monsterinsights_sitenote_category":0},"product_brand":[],"product_cat":[12291,17033],"product_tag":[],"class_list":{"0":"post-729672","1":"product","2":"type-product","3":"status-publish","5":"product_cat-edebiyat","6":"product_cat-korku-gerilim","7":"pa_cilt-ciltsiz","8":"pa_tur-kitap","9":"pa_yayinevi-epsilon-yayinlari","10":"pa_yazar-lucy-foley","12":"first","13":"instock","14":"sale","15":"shipping-taxable","16":"purchasable","17":"product-type-simple"},"_links":{"self":[{"href":"https:\/\/roveyayinevi.com.tr\/index.php\/wp-json\/wp\/v2\/product\/729672","targetHints":{"allow":["GET"]}}],"collection":[{"href":"https:\/\/roveyayinevi.com.tr\/index.php\/wp-json\/wp\/v2\/product"}],"about":[{"href":"https:\/\/roveyayinevi.com.tr\/index.php\/wp-json\/wp\/v2\/types\/product"}],"wp:attachment":[{"href":"https:\/\/roveyayinevi.com.tr\/index.php\/wp-json\/wp\/v2\/media?parent=729672"}],"wp:term":[{"taxonomy":"product_brand","embeddable":true,"href":"https:\/\/roveyayinevi.com.tr\/index.php\/wp-json\/wp\/v2\/product_brand?post=729672"},{"taxonomy":"product_cat","embeddable":true,"href":"https:\/\/roveyayinevi.com.tr\/index.php\/wp-json\/wp\/v2\/product_cat?post=729672"},{"taxonomy":"product_tag","embeddable":true,"href":"https:\/\/roveyayinevi.com.tr\/index.php\/wp-json\/wp\/v2\/product_tag?post=729672"}],"curies":[{"name":"wp","href":"https:\/\/api.w.org\/{rel}","templated":true}]}}