{"id":729671,"date":"2025-08-27T21:00:32","date_gmt":"2025-08-27T18:00:32","guid":{"rendered":"https:\/\/roveyayinevi.com.tr\/index.php\/urun\/devlet-dun-bugun-gelecek\/"},"modified":"2026-04-16T02:37:15","modified_gmt":"2026-04-15T23:37:15","slug":"devlet-dun-bugun-gelecek","status":"publish","type":"product","link":"https:\/\/roveyayinevi.com.tr\/index.php\/urun\/devlet-dun-bugun-gelecek\/","title":{"rendered":"Devlet: D\u00fcn Bug\u00fcn Gelecek"},"content":{"rendered":"<p>Devletin do\u011fas\u0131 ve rol\u00fc \u00fczerine tart\u0131\u015fmalar modern siyasetin temelinde yer almaktad\u0131r. Bununla birlikte, k\u00f6t\u00fc bir \u015f\u00f6hrete sahip olan devleti tan\u0131mlamak zor oldu\u011fu gibi, terim olarak devlet bir dizi farkl\u0131 yoruma da tabidir.Devlet kuram\u0131 konusunda \u00f6zg\u00fcn ve \u00f6nemli bir yere sahip olan Bob Jessop, bu kitapta, kavram ve ger\u00e7eklik olarak devlete ili\u015fkin ele\u015ftirel bir giri\u015f sunuyor. Jessop, devlete ili\u015fkin b\u00fct\u00fcn genel de\u011ferlendirmeler \u00fczerinden, okuyucuya olduk\u00e7a berrak bir \u015fekilde k\u0131lavuzluk ederken, devleti di\u011fer toplumsal \u00f6rg\u00fctlenme bi\u00e7imleriyle ili\u015fkilendiren, birbiriyle rekabet halindeki \u00e7abalar\u0131 da inceliyor. Devleti analiz ederken, onun olu\u015fumunu, d\u00f6nemselle\u015ftirilmesini, yeniden \u00f6l\u00e7eklendirilmesini ve gelece\u011fini de i\u00e7eren temel \u00f6zellikleri kapsaml\u0131 olarak ele al\u0131yor. Jessop hegemonya ve zordan, y\u00f6netim ve y\u00f6neti\u015fime kadar devlet konusunda anahtar role sahip terimleri, son derece anla\u015f\u0131l\u0131r bi\u00e7imde, enine boyuna tan\u0131ml\u0131yor. Ayr\u0131ca \u2018normal\u2019 ve \u2018istisnai\u2019 devletler ve \u2018ba\u015far\u0131s\u0131z\u2019 veya \u2018haydut\u2019 devletlerden bahsetti\u011fimizde ne demek istedi\u011fimizi de analiz ediyor.Devletin karma\u015f\u0131kl\u0131\u011f\u0131na odaklanm\u0131\u015f uzman duyarl\u0131l\u0131\u011f\u0131n\u0131 anla\u015f\u0131labilir bir \u00fcslupla birle\u015ftiren bu k\u0131sa giri\u015f, siyaset ve sosyoloji alan\u0131nda \u00e7al\u0131\u015fan akademisyenler ve \u00f6\u011frenciler i\u00e7in oldu\u011fu kadar, devletin g\u00fcn\u00fcm\u00fcz toplumlar\u0131ndaki de\u011fi\u015fen rol\u00fc ile ilgilenen herhangi biri i\u00e7in de temel bir okuma metni olma \u00f6zelli\u011fine sahip.\u201cBob Jessop\u2019un en iyi \u00e7al\u0131\u015fmalar\u0131ndan biri, b\u00fcy\u00fck bir ba\u015far\u0131. Yazar\u0131n \u00f6zg\u00fcn kavray\u0131\u015f, farkl\u0131 a\u00e7\u0131lar\u0131 kapsay\u0131c\u0131l\u0131k ve analiz yeteneklerini anla\u015f\u0131labilirlikle birle\u015ftirip nihayete erdirdi\u011fi, ola\u011fan\u00fcst\u00fc zengin ve \u00f6nemli bir \u00e7al\u0131\u015fma.\u201dColin Hay, Sciences Po<\/p>\n","protected":false},"excerpt":{"rendered":"<p>Devletin do\u011fas\u0131 ve rol\u00fc \u00fczerine tart\u0131\u015fmalar modern siyasetin temelinde yer almaktad\u0131r. Bununla birlikte, k\u00f6t\u00fc bir \u015f\u00f6hrete sahip olan devleti tan\u0131mlamak zor oldu\u011fu gibi, terim olarak devlet<span class=\"excerpt-hellip\"> [\u2026]<\/span><\/p>\n","protected":false},"featured_media":0,"template":"","meta":{"_monsterinsights_skip_tracking":false,"_monsterinsights_sitenote_active":false,"_monsterinsights_sitenote_note":"","_monsterinsights_sitenote_category":0},"product_brand":[],"product_cat":[12337,14706],"product_tag":[],"class_list":{"0":"post-729671","1":"product","2":"type-product","3":"status-publish","5":"product_cat-politika-siyaset","6":"product_cat-siyaset-bilimi","7":"pa_cilt-ciltsiz","8":"pa_tur-kitap","9":"pa_yayinevi-nika-yayinevi","10":"pa_yazar-bob-jessop","12":"first","13":"instock","14":"sale","15":"shipping-taxable","16":"purchasable","17":"product-type-simple"},"_links":{"self":[{"href":"https:\/\/roveyayinevi.com.tr\/index.php\/wp-json\/wp\/v2\/product\/729671","targetHints":{"allow":["GET"]}}],"collection":[{"href":"https:\/\/roveyayinevi.com.tr\/index.php\/wp-json\/wp\/v2\/product"}],"about":[{"href":"https:\/\/roveyayinevi.com.tr\/index.php\/wp-json\/wp\/v2\/types\/product"}],"wp:attachment":[{"href":"https:\/\/roveyayinevi.com.tr\/index.php\/wp-json\/wp\/v2\/media?parent=729671"}],"wp:term":[{"taxonomy":"product_brand","embeddable":true,"href":"https:\/\/roveyayinevi.com.tr\/index.php\/wp-json\/wp\/v2\/product_brand?post=729671"},{"taxonomy":"product_cat","embeddable":true,"href":"https:\/\/roveyayinevi.com.tr\/index.php\/wp-json\/wp\/v2\/product_cat?post=729671"},{"taxonomy":"product_tag","embeddable":true,"href":"https:\/\/roveyayinevi.com.tr\/index.php\/wp-json\/wp\/v2\/product_tag?post=729671"}],"curies":[{"name":"wp","href":"https:\/\/api.w.org\/{rel}","templated":true}]}}