{"id":729670,"date":"2025-08-27T21:00:32","date_gmt":"2025-08-27T18:00:32","guid":{"rendered":"https:\/\/roveyayinevi.com.tr\/index.php\/urun\/magdurlarin-cografyasinda\/"},"modified":"2026-04-16T02:37:15","modified_gmt":"2026-04-15T23:37:15","slug":"magdurlarin-cografyasinda","status":"publish","type":"product","link":"https:\/\/roveyayinevi.com.tr\/index.php\/urun\/magdurlarin-cografyasinda\/","title":{"rendered":"Ma\u011fdurlar\u0131n Co\u011frafyas\u0131nda"},"content":{"rendered":"<p>\u2018Arka bah\u00e7emizdeki\u2019 co\u011frafyada parampar\u00e7a edilmi\u015f, yak\u0131n bir zamanda katliamlara u\u011fram\u0131\u015f, \u00fclkeleri darmada\u011f\u0131n olmu\u015f, vek\u00e2let sava\u015flar\u0131na kurban edilmi\u015f; vaktiyle bu co\u011frafyada ya\u015fanan b\u00fcy\u00fck g\u00f6\u00e7leri y\u00fczy\u0131l sonra tekrar ya\u015famaya mahk\u00fbm ve ma\u011fdur edilmi\u015f halklar kimlerdir?Bizimle ayn\u0131 dili konu\u015fan akraba, dinda\u015f hatta soyda\u015f olan bu halklar\u0131; Araplar\u0131, T\u00fcrkmenleri, K\u00fcrtleri nas\u0131l bir gelecek bekliyor?Ya bug\u00fcn, Irak ve Suriye\u2019nin belli b\u00f6lgelerinde az\u0131nl\u0131k olarak ya\u015fayan ama vaktiyle Osmanl\u0131\u2019da Millet-i S\u00e2d\u0131ka olarak kabul edilen ve M\u00fcsl\u00fcman olmayan halklar?Elinizdeki kitap, bu ve benzeri sorulara cevap ar\u0131yor ve bin y\u0131ld\u0131r i\u00e7 i\u00e7e beraber ya\u015fad\u0131\u011f\u0131m\u0131z arka bah\u00e7emizdeki halklar\u0131\/ ma\u011fdurlar\u0131 son y\u00fczy\u0131l i\u00e7inde birbirlerini yeniden ke\u015ffetmek arzusu i\u00e7inde olan hissiyatlar\u0131 ve halleri \u00fczerinden ele al\u0131yor. Tarihi s\u00fcre\u00e7lerin b\u00fcy\u00fck siyas\u00ee depremler ya\u015fatt\u0131\u011f\u0131 k\u0131r\u0131lma zamanlar\u0131nda, siyas\u00ee tercihleri itibar\u0131yla, d\u00fc\u015fman olmaya meyilli halklara birbirlerini tan\u0131ma ve bilme f\u0131rsat\u0131 sunuyor.Orhan Miro\u011flu ma\u011fruriyetten ma\u011fduriyete d\u00f6n\u00fc\u015fen bir tarihi s\u00fcreci, d\u00fcn\u00fc ve bug\u00fcn\u00fc ile Mezopotamya co\u011frafyas\u0131n\u0131 anlat\u0131yor ve okuru tarih i\u00e7inde bir yolculu\u011fa \u00e7\u0131kar\u0131yor.<\/p>\n","protected":false},"excerpt":{"rendered":"<p>\u2018Arka bah\u00e7emizdeki\u2019 co\u011frafyada parampar\u00e7a edilmi\u015f, yak\u0131n bir zamanda katliamlara u\u011fram\u0131\u015f, \u00fclkeleri darmada\u011f\u0131n olmu\u015f, vek\u00e2let sava\u015flar\u0131na kurban edilmi\u015f; vaktiyle bu co\u011frafyada ya\u015fanan b\u00fcy\u00fck g\u00f6\u00e7leri y\u00fczy\u0131l sonra tekrar<span class=\"excerpt-hellip\"> [\u2026]<\/span><\/p>\n","protected":false},"featured_media":0,"template":"","meta":{"_monsterinsights_skip_tracking":false,"_monsterinsights_sitenote_active":false,"_monsterinsights_sitenote_note":"","_monsterinsights_sitenote_category":0},"product_brand":[],"product_cat":[13590,12337],"product_tag":[],"class_list":{"0":"post-729670","1":"product","2":"type-product","3":"status-publish","5":"product_cat-arastirma-inceleme-politika-siyaset","6":"product_cat-politika-siyaset","7":"pa_cilt-ciltsiz","8":"pa_tur-kitap","9":"pa_yayinevi-kopernik-kitap","10":"pa_yazar-orhan-miroglu","12":"first","13":"instock","14":"sale","15":"shipping-taxable","16":"purchasable","17":"product-type-simple"},"_links":{"self":[{"href":"https:\/\/roveyayinevi.com.tr\/index.php\/wp-json\/wp\/v2\/product\/729670","targetHints":{"allow":["GET"]}}],"collection":[{"href":"https:\/\/roveyayinevi.com.tr\/index.php\/wp-json\/wp\/v2\/product"}],"about":[{"href":"https:\/\/roveyayinevi.com.tr\/index.php\/wp-json\/wp\/v2\/types\/product"}],"wp:attachment":[{"href":"https:\/\/roveyayinevi.com.tr\/index.php\/wp-json\/wp\/v2\/media?parent=729670"}],"wp:term":[{"taxonomy":"product_brand","embeddable":true,"href":"https:\/\/roveyayinevi.com.tr\/index.php\/wp-json\/wp\/v2\/product_brand?post=729670"},{"taxonomy":"product_cat","embeddable":true,"href":"https:\/\/roveyayinevi.com.tr\/index.php\/wp-json\/wp\/v2\/product_cat?post=729670"},{"taxonomy":"product_tag","embeddable":true,"href":"https:\/\/roveyayinevi.com.tr\/index.php\/wp-json\/wp\/v2\/product_tag?post=729670"}],"curies":[{"name":"wp","href":"https:\/\/api.w.org\/{rel}","templated":true}]}}