{"id":729668,"date":"2025-08-27T21:00:29","date_gmt":"2025-08-27T18:00:29","guid":{"rendered":"https:\/\/roveyayinevi.com.tr\/index.php\/urun\/ukiyo-japonyada-ani-yasamak\/"},"modified":"2026-04-16T02:37:15","modified_gmt":"2026-04-15T23:37:15","slug":"ukiyo-japonyada-ani-yasamak","status":"publish","type":"product","link":"https:\/\/roveyayinevi.com.tr\/index.php\/urun\/ukiyo-japonyada-ani-yasamak\/","title":{"rendered":"Ukiyo &#8211; Japonya\u2019da An\u0131 Ya\u015famak"},"content":{"rendered":"<p>Japonya\u2019n\u0131n gizemli d\u00fcnyas\u0131na girmeye, bilinmeyenleri \u00f6\u011frenmeye, Japon hamamlar\u0131n\u0131n kapl\u0131ca sular\u0131nda Fuji Da\u011f\u0131\u2019n\u0131 seyrederek keyifli vakit ge\u00e7irmeye, bir Japon\u2019un g\u00f6z\u00fcnden d\u00fcnyaya, insanlara, hayata bakabilmeye, asl\u0131nda k\u00f6kleri bize \u00e7ok benzeyen ama di\u011fer yandan apayr\u0131 olan bir k\u00fclt\u00fcr\u00fc tan\u0131maya, d\u00fcnyan\u0131n en zor alfabelerinden birini incelemeye, onlara bu kadar ba\u015far\u0131 sa\u011flayan i\u015f hayatlar\u0131n\u0131 anlamaya hem sporlar\u0131nda hem g\u00fcnl\u00fck hayatlar\u0131nda hem sa\u011fl\u0131klar\u0131nda ruhsal geli\u015fimi en \u00f6nde tutan bir toplumun \u015fifrelerini \u00e7\u00f6zebilmeye, kolay Japon yemekleri ile ailenize s\u00fcrprizler yap\u0131p, gece \u00e7ocuklar\u0131n\u0131z\u0131 Japon mistik hik\u00e2yeleri ile uyutmaya ne dersiniz.<\/p>\n","protected":false},"excerpt":{"rendered":"<p>Japonya\u2019n\u0131n gizemli d\u00fcnyas\u0131na girmeye, bilinmeyenleri \u00f6\u011frenmeye, Japon hamamlar\u0131n\u0131n kapl\u0131ca sular\u0131nda Fuji Da\u011f\u0131\u2019n\u0131 seyrederek keyifli vakit ge\u00e7irmeye, bir Japon\u2019un g\u00f6z\u00fcnden d\u00fcnyaya, insanlara, hayata bakabilmeye, asl\u0131nda k\u00f6kleri bize<span class=\"excerpt-hellip\"> [\u2026]<\/span><\/p>\n","protected":false},"featured_media":0,"template":"","meta":{"_monsterinsights_skip_tracking":false,"_monsterinsights_sitenote_active":false,"_monsterinsights_sitenote_note":"","_monsterinsights_sitenote_category":0},"product_brand":[],"product_cat":[13661,12291],"product_tag":[],"class_list":{"0":"post-729668","1":"product","2":"type-product","3":"status-publish","5":"product_cat-diger-ulke-edebiyatlari","6":"product_cat-edebiyat","7":"pa_cilt-ciltsiz","8":"pa_tur-kitap","9":"pa_yayinevi-japon-yayinlari","10":"pa_yazar-petek-kitamura-balim-ipek-gocen","12":"first","13":"instock","14":"sale","15":"shipping-taxable","16":"purchasable","17":"product-type-simple"},"_links":{"self":[{"href":"https:\/\/roveyayinevi.com.tr\/index.php\/wp-json\/wp\/v2\/product\/729668","targetHints":{"allow":["GET"]}}],"collection":[{"href":"https:\/\/roveyayinevi.com.tr\/index.php\/wp-json\/wp\/v2\/product"}],"about":[{"href":"https:\/\/roveyayinevi.com.tr\/index.php\/wp-json\/wp\/v2\/types\/product"}],"wp:attachment":[{"href":"https:\/\/roveyayinevi.com.tr\/index.php\/wp-json\/wp\/v2\/media?parent=729668"}],"wp:term":[{"taxonomy":"product_brand","embeddable":true,"href":"https:\/\/roveyayinevi.com.tr\/index.php\/wp-json\/wp\/v2\/product_brand?post=729668"},{"taxonomy":"product_cat","embeddable":true,"href":"https:\/\/roveyayinevi.com.tr\/index.php\/wp-json\/wp\/v2\/product_cat?post=729668"},{"taxonomy":"product_tag","embeddable":true,"href":"https:\/\/roveyayinevi.com.tr\/index.php\/wp-json\/wp\/v2\/product_tag?post=729668"}],"curies":[{"name":"wp","href":"https:\/\/api.w.org\/{rel}","templated":true}]}}