{"id":729667,"date":"2025-08-27T21:00:28","date_gmt":"2025-08-27T18:00:28","guid":{"rendered":"https:\/\/roveyayinevi.com.tr\/index.php\/urun\/ruhani\/"},"modified":"2026-04-16T02:37:15","modified_gmt":"2026-04-15T23:37:15","slug":"ruhani","status":"publish","type":"product","link":"https:\/\/roveyayinevi.com.tr\/index.php\/urun\/ruhani\/","title":{"rendered":"Ruhani"},"content":{"rendered":"<p>Ad\u0131 Ruhani. Tuhaf bir isim, evet ama se\u00e7me \u015fans\u0131 yoktu. Kendi tabiriyle, yery\u00fcz\u00fcn\u00fcn ilk \u015fafa\u011f\u0131ndan beri burada, aram\u0131zda. Her \u015feyi g\u00f6r\u00fcyor, onun i\u00e7in lineer bir ak\u0131\u015f\u0131 olmayan zamanda diledi\u011fince geziyor; t\u0131pk\u0131 s\u00f6yledi\u011fi gibi, \u201cbir ileri, bir geri, daima sal\u0131n\u0131mda\u201d&#8230; Bir bedeni yok, duvarlar\u0131n i\u00e7inden ge\u00e7ebiliyor, varl\u0131\u011f\u0131na dair en ufak bir a\u00e7\u0131k vermeksizin \u00e7a\u011flar\u0131, uygarl\u0131klar\u0131, yemek masas\u0131n\u0131n ba\u015f\u0131nda toplanm\u0131\u015f aileleri izliyor. Ancak eksik bir seyir bu, \u00e7\u00fcnk\u00fc her \u015fey g\u00f6r\u00fcnt\u00fcden ibaret; garip, mekanik c\u0131z\u0131rt\u0131lardan \u00f6te ne bir ses duyuyor ne de duyurabiliyor kendini. Ta ki bu u\u00e7suz bucaks\u0131z hapishanesine g\u00fcn gibi do\u011fan, onu duyup onunla konu\u015fan \u201ch\u00fccre arkada\u015f\u0131\u201d yan\u0131na gelene dek&#8230; Bu kitab\u0131 tek mek\u00e2nda ge\u00e7en filmlere benzetebiliriz; bilirsiniz, o t\u00fcr filmlerde yap\u0131m\u0131n b\u00fct\u00e7esi \u015fa\u015faal\u0131 kost\u00fcmler ya da g\u00f6z\u00fcn\u00fcz\u00fc alan efektlere gitmez, elde avu\u00e7ta ne varsa oyunculu\u011fa yat\u0131r\u0131lm\u0131\u015ft\u0131r. Bir de sonlar\u0131 me\u015fhurdur; ba\u015f\u0131ndan beri ustal\u0131kla anlatt\u0131\u011f\u0131 ac\u0131-tatl\u0131 masalla sizi sar\u0131p sarmalayan kollar\u0131n birden gev\u015fedi\u011fi o ba\u015f d\u00f6nd\u00fcr\u00fcc\u00fc biti\u015fler&#8230; Salih Se\u00e7kin Sevin\u00e7, ger\u00e7ekle hayali ayn\u0131 havanda d\u00f6verek ikisini de tan\u0131nmaz h\u00e2le getiren yeni roman\u0131nda, beklenmedik bir anlat\u0131ya unutulmaz bir sonla nokta koyuyor! <\/p>\n","protected":false},"excerpt":{"rendered":"<p>Ad\u0131 Ruhani. Tuhaf bir isim, evet ama se\u00e7me \u015fans\u0131 yoktu. Kendi tabiriyle, yery\u00fcz\u00fcn\u00fcn ilk \u015fafa\u011f\u0131ndan beri burada, aram\u0131zda. Her \u015feyi g\u00f6r\u00fcyor, onun i\u00e7in lineer bir ak\u0131\u015f\u0131<span class=\"excerpt-hellip\"> [\u2026]<\/span><\/p>\n","protected":false},"featured_media":0,"template":"","meta":{"_monsterinsights_skip_tracking":false,"_monsterinsights_sitenote_active":false,"_monsterinsights_sitenote_note":"","_monsterinsights_sitenote_category":0},"product_brand":[],"product_cat":[12291,50487],"product_tag":[],"class_list":{"0":"post-729667","1":"product","2":"type-product","3":"status-publish","5":"product_cat-edebiyat","6":"product_cat-kurgu","7":"pa_cilt-ciltsiz","8":"pa_tur-kitap","9":"pa_yayinevi-epsilon-yayinlari","10":"pa_yazar-salih-seckin-sevinc","12":"first","13":"instock","14":"sale","15":"shipping-taxable","16":"purchasable","17":"product-type-simple"},"_links":{"self":[{"href":"https:\/\/roveyayinevi.com.tr\/index.php\/wp-json\/wp\/v2\/product\/729667","targetHints":{"allow":["GET"]}}],"collection":[{"href":"https:\/\/roveyayinevi.com.tr\/index.php\/wp-json\/wp\/v2\/product"}],"about":[{"href":"https:\/\/roveyayinevi.com.tr\/index.php\/wp-json\/wp\/v2\/types\/product"}],"wp:attachment":[{"href":"https:\/\/roveyayinevi.com.tr\/index.php\/wp-json\/wp\/v2\/media?parent=729667"}],"wp:term":[{"taxonomy":"product_brand","embeddable":true,"href":"https:\/\/roveyayinevi.com.tr\/index.php\/wp-json\/wp\/v2\/product_brand?post=729667"},{"taxonomy":"product_cat","embeddable":true,"href":"https:\/\/roveyayinevi.com.tr\/index.php\/wp-json\/wp\/v2\/product_cat?post=729667"},{"taxonomy":"product_tag","embeddable":true,"href":"https:\/\/roveyayinevi.com.tr\/index.php\/wp-json\/wp\/v2\/product_tag?post=729667"}],"curies":[{"name":"wp","href":"https:\/\/api.w.org\/{rel}","templated":true}]}}