{"id":729665,"date":"2025-08-27T21:00:27","date_gmt":"2025-08-27T18:00:27","guid":{"rendered":"https:\/\/roveyayinevi.com.tr\/index.php\/urun\/anne-babayi-istismar\/"},"modified":"2026-04-16T02:37:15","modified_gmt":"2026-04-15T23:37:15","slug":"anne-babayi-istismar","status":"publish","type":"product","link":"https:\/\/roveyayinevi.com.tr\/index.php\/urun\/anne-babayi-istismar\/","title":{"rendered":"Anne-Babay\u0131 \u0130stismar"},"content":{"rendered":"<p>Prof. Dr. \u00dcstu\u0308n D\u00f6kmen, y\u0131llar\u0131n deneyimiyle toplumumuzun \u00e7\u00f6zu\u0308msu\u0308z kalm\u0131\u015f sorunlar\u0131na \u0131\u015f\u0131k tutuyor. Bu \u00e7arp\u0131c\u0131 kitapta aile i\u00e7i ili\u015fkilere ve bunlar\u0131n toplumdaki yans\u0131malar\u0131na yepyeni bir bak\u0131\u015f a\u00e7\u0131s\u0131 bulacaks\u0131n\u0131z: G\u00f6z ard\u0131 edilen ger\u00e7ekleriyle anne-baban\u0131n istismar edilmesi.   Anne-babalar, yeti\u015fkin \u00e7ocu\u011funuz taraf\u0131ndan istismar edildi\u011finizin fark\u0131nda m\u0131s\u0131n\u0131z? Siz her \u015feyinizi onlara verirken \u00e7ocuklar\u0131n\u0131z neden talepk\u00e2r davran\u0131yor? Yeti\u015fkin \u00e7ocuklar\u0131n\u0131z\u0131n \u00f6fkeli olmas\u0131n\u0131n sebebi ne? \u00c7ocuklar\u0131n\u0131za ne zaman s\u0131n\u0131r koymaya ba\u015flamal\u0131s\u0131n\u0131z? \u201cBa\u011fl\u0131\u201d ve \u201cba\u011f\u0131ml\u0131\u201d ki\u015fi aras\u0131nda hangi \u00f6nemli farklar var? \u201c\u00c7\u00f6p Sepeti\u201d, \u201cPaspas\u201d, \u201cAku\u0308\u201d olmak ne demek? \u00c7ocuklar\u0131n \u00f6fke ve taleplerinin hedefi neden s\u0131kl\u0131kla anneleroluyor? Aile i\u00e7indeki ileti\u015fim kopuklu\u011fu nas\u0131l \u00e7\u00f6zu\u0308lebilir? \u00dcstu\u0308n D\u00f6kmen, nesilden nesle aktar\u0131larak neredeyse gelenekselle\u015fmi\u015f a\u00e7mazlar\u0131 bir bir g\u00f6z \u00f6nu\u0308ne serip etkili \u00e7\u00f6zu\u0308m \u00f6nerileri sunuyor ve istismar konusuna bamba\u015fka bir a\u00e7\u0131dan bak\u0131yor. Aile evini bir tu\u0308rlu\u0308 terk edemeyen yeti\u015fkin \u00e7ocuklar\u0131 sorumluluklar\u0131yla yu\u0308zle\u015ftiriyor. <\/p>\n","protected":false},"excerpt":{"rendered":"<p>Prof. Dr. \u00dcstu\u0308n D\u00f6kmen, y\u0131llar\u0131n deneyimiyle toplumumuzun \u00e7\u00f6zu\u0308msu\u0308z kalm\u0131\u015f sorunlar\u0131na \u0131\u015f\u0131k tutuyor. Bu \u00e7arp\u0131c\u0131 kitapta aile i\u00e7i ili\u015fkilere ve bunlar\u0131n toplumdaki yans\u0131malar\u0131na yepyeni bir bak\u0131\u015f a\u00e7\u0131s\u0131<span class=\"excerpt-hellip\"> [\u2026]<\/span><\/p>\n","protected":false},"featured_media":0,"template":"","meta":{"_monsterinsights_skip_tracking":false,"_monsterinsights_sitenote_active":false,"_monsterinsights_sitenote_note":"","_monsterinsights_sitenote_category":0},"product_brand":[],"product_cat":[17996,12364],"product_tag":[],"class_list":{"0":"post-729665","1":"product","2":"type-product","3":"status-publish","5":"product_cat-ebeveyn-kitaplari","6":"product_cat-genel-konular","7":"pa_cilt-ciltsiz","8":"pa_tur-kitap","9":"pa_yayinevi-epsilon-yayinlari","10":"pa_yazar-ustun-dokmen","12":"first","13":"instock","14":"sale","15":"shipping-taxable","16":"purchasable","17":"product-type-simple"},"_links":{"self":[{"href":"https:\/\/roveyayinevi.com.tr\/index.php\/wp-json\/wp\/v2\/product\/729665","targetHints":{"allow":["GET"]}}],"collection":[{"href":"https:\/\/roveyayinevi.com.tr\/index.php\/wp-json\/wp\/v2\/product"}],"about":[{"href":"https:\/\/roveyayinevi.com.tr\/index.php\/wp-json\/wp\/v2\/types\/product"}],"wp:attachment":[{"href":"https:\/\/roveyayinevi.com.tr\/index.php\/wp-json\/wp\/v2\/media?parent=729665"}],"wp:term":[{"taxonomy":"product_brand","embeddable":true,"href":"https:\/\/roveyayinevi.com.tr\/index.php\/wp-json\/wp\/v2\/product_brand?post=729665"},{"taxonomy":"product_cat","embeddable":true,"href":"https:\/\/roveyayinevi.com.tr\/index.php\/wp-json\/wp\/v2\/product_cat?post=729665"},{"taxonomy":"product_tag","embeddable":true,"href":"https:\/\/roveyayinevi.com.tr\/index.php\/wp-json\/wp\/v2\/product_tag?post=729665"}],"curies":[{"name":"wp","href":"https:\/\/api.w.org\/{rel}","templated":true}]}}