{"id":729664,"date":"2025-08-27T21:00:26","date_gmt":"2025-08-27T18:00:26","guid":{"rendered":"https:\/\/roveyayinevi.com.tr\/index.php\/urun\/kirik-ayna-3\/"},"modified":"2026-04-16T02:37:15","modified_gmt":"2026-04-15T23:37:15","slug":"kirik-ayna-3","status":"publish","type":"product","link":"https:\/\/roveyayinevi.com.tr\/index.php\/urun\/kirik-ayna-3\/","title":{"rendered":"K\u0131r\u0131k Ayna"},"content":{"rendered":"<p>&#8220;Sen ka\u00e7 uykusuz gece, ka\u00e7 tabaka t\u00fct\u00fcn, ka\u00e7 dertli t\u00fcrk\u00fc, ka\u00e7 uzun y\u00fcr\u00fcy\u00fc\u015f, ka\u00e7 sitem ve kah\u0131r dolu bak\u0131\u015f, ka\u00e7 zamana \u00e7at\u0131\u015f, ka\u00e7 eksik kalan \u015fiir, ka\u00e7 bitmeyen c\u00fcmle, ka\u00e7 \u00f6l\u00fcm provas\u0131, ka\u00e7 sessiz \u00e7\u0131\u011fl\u0131k, ka\u00e7 Mecnun peri\u015fanl\u0131\u011f\u0131, ka\u00e7 Kerem yan\u0131\u015f\u0131, ka\u00e7 Ferhat da\u011f\u0131 oldun bilmeyeceksin. Ama bana b\u0131rakt\u0131\u011f\u0131n ac\u0131n\u0131n takati a\u015ft\u0131\u011f\u0131n\u0131 bilmeni isterim! Sen bir s\u0131rs\u0131n benim i\u00e7in, \u00f6yle de kalacaks\u0131n&#8221; \u015eair Memduh Atalay&#8217;\u0131n kalemiyle, her sabr\u0131 derin bir duyarl\u0131l\u0131kla \u00f6r\u00fclm\u00fc\u015f bir romana, K\u0131r\u0131k Ayna&#8217;n\u0131n yans\u0131malar\u0131na a\u00e7\u0131lacaks\u0131n\u0131z. K\u0131y\u0131s\u0131z bir deniz sizi kar\u015f\u0131l\u0131yor. Yazar\u0131n yar\u0131m as\u0131rl\u0131k ruh maceras\u0131n\u0131, T\u00fcrk\u00e7enin bin y\u0131ll\u0131k verimini, s\u00fcz\u00fclm\u00fc\u015f bir \u015fekilde her kel i mede hissedeceksiniz. Yazar sizi kah bo zk\u0131r\u0131n ortas\u0131nda bir \u00e7oban\u0131n irfan\u0131na, kah \u015fehrin velvelesi ortas\u0131nda sanc\u0131l\u0131 bir felsefi sorgulamaya ta\u015f\u0131yacak. Roman\u0131n ba\u015fkahraman\u0131 H\u00fcsn\u00fc Cemal Hoyrat&#8217;\u0131n hikayesiyle birlikte bir neslin serencam\u0131na e\u011filiyorsunuz. A\u015fk\u0131n, davan\u0131n, adanm\u0131\u015fl\u0131\u011f\u0131n, merhametin, ruhu t\u00f6rp\u00fcleyen ac\u0131n\u0131n ve tabiat\u0131n y\u00fczleri K\u0131r\u0131k Ayna&#8217;dan kalbinize y\u00f6neliyor, kalbinizi a\u00e7\u0131n!&#8221;                                                                                                                     <\/p>\n","protected":false},"excerpt":{"rendered":"<p>&#8220;Sen ka\u00e7 uykusuz gece, ka\u00e7 tabaka t\u00fct\u00fcn, ka\u00e7 dertli t\u00fcrk\u00fc, ka\u00e7 uzun y\u00fcr\u00fcy\u00fc\u015f, ka\u00e7 sitem ve kah\u0131r dolu bak\u0131\u015f, ka\u00e7 zamana \u00e7at\u0131\u015f, ka\u00e7 eksik kalan \u015fiir,<span class=\"excerpt-hellip\"> [\u2026]<\/span><\/p>\n","protected":false},"featured_media":0,"template":"","meta":{"_monsterinsights_skip_tracking":false,"_monsterinsights_sitenote_active":false,"_monsterinsights_sitenote_note":"","_monsterinsights_sitenote_category":0},"product_brand":[],"product_cat":[12291,12711],"product_tag":[],"class_list":{"0":"post-729664","1":"product","2":"type-product","3":"status-publish","5":"product_cat-edebiyat","6":"product_cat-roman-oyku","7":"pa_cilt-ciltsiz","8":"pa_tur-kitap","9":"pa_yayinevi-bilge-kultur-sanat","10":"pa_yazar-memduh-atalay","12":"first","13":"instock","14":"sale","15":"shipping-taxable","16":"purchasable","17":"product-type-simple"},"_links":{"self":[{"href":"https:\/\/roveyayinevi.com.tr\/index.php\/wp-json\/wp\/v2\/product\/729664","targetHints":{"allow":["GET"]}}],"collection":[{"href":"https:\/\/roveyayinevi.com.tr\/index.php\/wp-json\/wp\/v2\/product"}],"about":[{"href":"https:\/\/roveyayinevi.com.tr\/index.php\/wp-json\/wp\/v2\/types\/product"}],"wp:attachment":[{"href":"https:\/\/roveyayinevi.com.tr\/index.php\/wp-json\/wp\/v2\/media?parent=729664"}],"wp:term":[{"taxonomy":"product_brand","embeddable":true,"href":"https:\/\/roveyayinevi.com.tr\/index.php\/wp-json\/wp\/v2\/product_brand?post=729664"},{"taxonomy":"product_cat","embeddable":true,"href":"https:\/\/roveyayinevi.com.tr\/index.php\/wp-json\/wp\/v2\/product_cat?post=729664"},{"taxonomy":"product_tag","embeddable":true,"href":"https:\/\/roveyayinevi.com.tr\/index.php\/wp-json\/wp\/v2\/product_tag?post=729664"}],"curies":[{"name":"wp","href":"https:\/\/api.w.org\/{rel}","templated":true}]}}