{"id":729663,"date":"2025-08-27T21:00:25","date_gmt":"2025-08-27T18:00:25","guid":{"rendered":"https:\/\/roveyayinevi.com.tr\/index.php\/urun\/postmodern-istihbarat\/"},"modified":"2026-04-16T02:37:15","modified_gmt":"2026-04-15T23:37:15","slug":"postmodern-istihbarat","status":"publish","type":"product","link":"https:\/\/roveyayinevi.com.tr\/index.php\/urun\/postmodern-istihbarat\/","title":{"rendered":"Postmodern \u0130stihbarat"},"content":{"rendered":"<p>\u0130stihbarat bilimi her ge\u00e7en g\u00fcn \u00f6zellikle teknolojideki b\u00fcy\u00fck geli\u015fmelerin sa\u011flad\u0131\u011f\u0131 yeni f\u0131rsatlar ile yeni y\u00fczler ve y\u00f6ntemler ediniyor. \u00d6te yandan, son yirmi y\u0131lda art\u0131k istihbarat, sadece istihbarat\u00e7\u0131lar\u0131n i\u015fi olmaktan \u00e7\u0131kt\u0131. Pek \u00e7ok teknoloji \u015firketi ya da \u00e7e\u015fitli kurumlar kendi istihbarat ihtiya\u00e7lar\u0131n\u0131 kar\u015f\u0131layacak i\u015flevler edindiler. Art\u0131k ekonomik istihbarat, siber istihbarat gibi uzmanl\u0131k alanlar\u0131nda ayr\u0131 te\u015fkillere ya da uzman kurulu\u015flar\u0131n sorumlulu\u011funa ihtiya\u00e7 var. \u00d6te yandan istihbarat te\u015fkillerinin i\u015flerinin \u00f6nemli bir k\u0131sm\u0131 \u00f6zel \u015firketler taraf\u0131ndan s\u00f6zle\u015fmeler ile kar\u015f\u0131lanmaya ba\u015flad\u0131.B\u00fct\u00fcn bunlar s\u00fcrekli yeniliklere intibak eden ve teknolojide \u00fcst\u00fcnl\u00fck sa\u011flamay\u0131 dikte eden yeni yap\u0131lanmalar, s\u00fcre\u00e7ler ve yeni bir istihbarat k\u00fclt\u00fcr\u00fc gerektiriyor. \u0130stihbarat\u00e7\u0131 art\u0131k bilgiyi \u00e7ekmek i\u00e7in \u00e7ok farkl\u0131 y\u00f6ntemler ve hik\u00e2yeler kullanmak zorunda. Ajan odakl\u0131 istihbarat art\u0131k tarihe kar\u0131\u015f\u0131rken, sadece eksik par\u00e7ay\u0131 de\u011fil, \u2018bilinmeyen-bilinmeyeni\u2019 bulacak anlama (knowledge) seviyesinde uzmanlara ihtiyac\u0131m\u0131z var. Elinizdeki kitap istihbarat\u0131n yeni y\u00f6n\u00fc ve istihbarat\u00e7\u0131lar\u0131n de\u011fi\u015fen y\u00fcz\u00fc ile ilgili de\u011ferli bir bilgi hazinesi sunuyor.<\/p>\n","protected":false},"excerpt":{"rendered":"<p>\u0130stihbarat bilimi her ge\u00e7en g\u00fcn \u00f6zellikle teknolojideki b\u00fcy\u00fck geli\u015fmelerin sa\u011flad\u0131\u011f\u0131 yeni f\u0131rsatlar ile yeni y\u00fczler ve y\u00f6ntemler ediniyor. \u00d6te yandan, son yirmi y\u0131lda art\u0131k istihbarat, sadece<span class=\"excerpt-hellip\"> [\u2026]<\/span><\/p>\n","protected":false},"featured_media":0,"template":"","meta":{"_monsterinsights_skip_tracking":false,"_monsterinsights_sitenote_active":false,"_monsterinsights_sitenote_note":"","_monsterinsights_sitenote_category":0},"product_brand":[],"product_cat":[20333,13043],"product_tag":[],"class_list":{"0":"post-729663","1":"product","2":"type-product","3":"status-publish","5":"product_cat-diger-ekonomi","6":"product_cat-ekonomi","7":"pa_cilt-ciltsiz","8":"pa_tur-kitap","9":"pa_yayinevi-ilkim-ozan-yayinlari","10":"pa_yazar-sait-yilmaz","12":"first","13":"instock","14":"sale","15":"shipping-taxable","16":"purchasable","17":"product-type-simple"},"_links":{"self":[{"href":"https:\/\/roveyayinevi.com.tr\/index.php\/wp-json\/wp\/v2\/product\/729663","targetHints":{"allow":["GET"]}}],"collection":[{"href":"https:\/\/roveyayinevi.com.tr\/index.php\/wp-json\/wp\/v2\/product"}],"about":[{"href":"https:\/\/roveyayinevi.com.tr\/index.php\/wp-json\/wp\/v2\/types\/product"}],"wp:attachment":[{"href":"https:\/\/roveyayinevi.com.tr\/index.php\/wp-json\/wp\/v2\/media?parent=729663"}],"wp:term":[{"taxonomy":"product_brand","embeddable":true,"href":"https:\/\/roveyayinevi.com.tr\/index.php\/wp-json\/wp\/v2\/product_brand?post=729663"},{"taxonomy":"product_cat","embeddable":true,"href":"https:\/\/roveyayinevi.com.tr\/index.php\/wp-json\/wp\/v2\/product_cat?post=729663"},{"taxonomy":"product_tag","embeddable":true,"href":"https:\/\/roveyayinevi.com.tr\/index.php\/wp-json\/wp\/v2\/product_tag?post=729663"}],"curies":[{"name":"wp","href":"https:\/\/api.w.org\/{rel}","templated":true}]}}