{"id":729658,"date":"2025-08-27T21:00:20","date_gmt":"2025-08-27T18:00:20","guid":{"rendered":"https:\/\/roveyayinevi.com.tr\/index.php\/urun\/ankarada-bir-alperen-turasan-bey\/"},"modified":"2025-11-21T06:41:09","modified_gmt":"2025-11-21T03:41:09","slug":"ankarada-bir-alperen-turasan-bey","status":"publish","type":"product","link":"https:\/\/roveyayinevi.com.tr\/index.php\/urun\/ankarada-bir-alperen-turasan-bey\/","title":{"rendered":"Ankara&#8217;da Bir Alperen Turasan Bey"},"content":{"rendered":"<p>Anadolu\u2019nun bir vatan haline gelmesinde alperenlerin eme\u011fi olmu\u015ftur\u2026 Bu kapsamda Ankara tarihinde iz b\u0131rakm\u0131\u015f tarihi \u015fahsiyetler vard\u0131r. Sel\u00e7uklu ve Osmanl\u0131 devirlerinde Ankara\u2019da ya\u015fayan K\u0131z\u0131l Bey, Ahi \u015eerafeddin, \u0130skender Bey, Hac\u0131 Bayram-\u0131 Veli, Karaca Bey, Duman A\u011fa, Ye\u011fen Bey ve Turasan Bey gibi isimleri tan\u0131man\u0131n, ya\u015fad\u0131\u011f\u0131m\u0131z co\u011frafyan\u0131n k\u0131ymetini bilmek bak\u0131m\u0131ndan faydal\u0131 olaca\u011f\u0131n\u0131 d\u00fc\u015f\u00fcn\u00fcyoruz.Turasan Bey gibi kahramanlar\u0131n daha iyi tan\u0131t\u0131lmas\u0131na milletimizin ihtiyac\u0131 vard\u0131r. Ankara\u2019da bir alperen Turasan Bey \u00e7al\u0131\u015fmas\u0131 ile Ankara tarihine bir \u0131\u015f\u0131k tutup, \u015fayet bir bo\u015flu\u011fu doldurmu\u015f isek mutlu olaca\u011f\u0131z.<\/p>\n","protected":false},"excerpt":{"rendered":"<p>Anadolu\u2019nun bir vatan haline gelmesinde alperenlerin eme\u011fi olmu\u015ftur\u2026 Bu kapsamda Ankara tarihinde iz b\u0131rakm\u0131\u015f tarihi \u015fahsiyetler vard\u0131r. Sel\u00e7uklu ve Osmanl\u0131 devirlerinde Ankara\u2019da ya\u015fayan K\u0131z\u0131l Bey, Ahi<span class=\"excerpt-hellip\"> [\u2026]<\/span><\/p>\n","protected":false},"featured_media":0,"template":"","meta":{"_monsterinsights_skip_tracking":false,"_monsterinsights_sitenote_active":false,"_monsterinsights_sitenote_note":"","_monsterinsights_sitenote_category":0},"product_brand":[],"product_cat":[12408,14197],"product_tag":[],"class_list":{"0":"post-729658","1":"product","2":"type-product","3":"status-publish","5":"product_cat-sanat","6":"product_cat-sanat-tarihi","7":"pa_cilt-ciltsiz","8":"pa_tur-kitap","9":"pa_yayinevi-biyografi-net-yayincilik","10":"pa_yazar-ali-kilci","12":"first","13":"instock","14":"sale","15":"shipping-taxable","16":"purchasable","17":"product-type-simple"},"_links":{"self":[{"href":"https:\/\/roveyayinevi.com.tr\/index.php\/wp-json\/wp\/v2\/product\/729658","targetHints":{"allow":["GET"]}}],"collection":[{"href":"https:\/\/roveyayinevi.com.tr\/index.php\/wp-json\/wp\/v2\/product"}],"about":[{"href":"https:\/\/roveyayinevi.com.tr\/index.php\/wp-json\/wp\/v2\/types\/product"}],"wp:attachment":[{"href":"https:\/\/roveyayinevi.com.tr\/index.php\/wp-json\/wp\/v2\/media?parent=729658"}],"wp:term":[{"taxonomy":"product_brand","embeddable":true,"href":"https:\/\/roveyayinevi.com.tr\/index.php\/wp-json\/wp\/v2\/product_brand?post=729658"},{"taxonomy":"product_cat","embeddable":true,"href":"https:\/\/roveyayinevi.com.tr\/index.php\/wp-json\/wp\/v2\/product_cat?post=729658"},{"taxonomy":"product_tag","embeddable":true,"href":"https:\/\/roveyayinevi.com.tr\/index.php\/wp-json\/wp\/v2\/product_tag?post=729658"}],"curies":[{"name":"wp","href":"https:\/\/api.w.org\/{rel}","templated":true}]}}