{"id":729654,"date":"2025-08-27T21:00:15","date_gmt":"2025-08-27T18:00:15","guid":{"rendered":"https:\/\/roveyayinevi.com.tr\/index.php\/urun\/visne-suyunda-yuzen-gemi\/"},"modified":"2026-04-16T02:37:15","modified_gmt":"2026-04-15T23:37:15","slug":"visne-suyunda-yuzen-gemi","status":"publish","type":"product","link":"https:\/\/roveyayinevi.com.tr\/index.php\/urun\/visne-suyunda-yuzen-gemi\/","title":{"rendered":"Vi\u015fne Suyunda Y\u00fczen Gemi"},"content":{"rendered":"<p>Vi\u015fne Suyunda Y\u00fczen Gemi on hik\u00e2yeden olu\u015fuyor. Hayata on k\u00fc\u00e7\u00fck pencere a\u00e7an bu kitaptan d\u00fcnyaya bakmaya, her g\u00fcn ge\u00e7ti\u011finiz yollara, g\u00f6rd\u00fc\u011f\u00fcn\u00fcz e\u015fyalara, tan\u0131d\u0131\u011f\u0131n\u0131z insanlara, ba\u015f\u0131n\u0131za gelenlere ya da \u00e7evrenizde olanlara ba\u015fka g\u00f6zlerle bakmaya var m\u0131s\u0131n\u0131z?   Selda Uzunkaya\u2019n\u0131n hik\u00e2yelerine Eren Caner Polat\u2019\u0131n resimleri e\u015flik ediyor. <\/p>\n","protected":false},"excerpt":{"rendered":"<p>Vi\u015fne Suyunda Y\u00fczen Gemi on hik\u00e2yeden olu\u015fuyor. Hayata on k\u00fc\u00e7\u00fck pencere a\u00e7an bu kitaptan d\u00fcnyaya bakmaya, her g\u00fcn ge\u00e7ti\u011finiz yollara, g\u00f6rd\u00fc\u011f\u00fcn\u00fcz e\u015fyalara, tan\u0131d\u0131\u011f\u0131n\u0131z insanlara, ba\u015f\u0131n\u0131za gelenlere<span class=\"excerpt-hellip\"> [\u2026]<\/span><\/p>\n","protected":false},"featured_media":0,"template":"","meta":{"_monsterinsights_skip_tracking":false,"_monsterinsights_sitenote_active":false,"_monsterinsights_sitenote_note":"","_monsterinsights_sitenote_category":0},"product_brand":[],"product_cat":[12275,12274],"product_tag":[],"class_list":{"0":"post-729654","1":"product","2":"type-product","3":"status-publish","5":"product_cat-6-12-yas-kitaplari","6":"product_cat-cocuk-ve-genclik-kitaplari","7":"pa_cilt-ciltsiz","8":"pa_tur-kitap","9":"pa_yayinevi-yapi-kredi-yayinlari","10":"pa_yazar-selda-uzunkaya","12":"first","13":"instock","14":"sale","15":"shipping-taxable","16":"purchasable","17":"product-type-simple"},"_links":{"self":[{"href":"https:\/\/roveyayinevi.com.tr\/index.php\/wp-json\/wp\/v2\/product\/729654","targetHints":{"allow":["GET"]}}],"collection":[{"href":"https:\/\/roveyayinevi.com.tr\/index.php\/wp-json\/wp\/v2\/product"}],"about":[{"href":"https:\/\/roveyayinevi.com.tr\/index.php\/wp-json\/wp\/v2\/types\/product"}],"wp:attachment":[{"href":"https:\/\/roveyayinevi.com.tr\/index.php\/wp-json\/wp\/v2\/media?parent=729654"}],"wp:term":[{"taxonomy":"product_brand","embeddable":true,"href":"https:\/\/roveyayinevi.com.tr\/index.php\/wp-json\/wp\/v2\/product_brand?post=729654"},{"taxonomy":"product_cat","embeddable":true,"href":"https:\/\/roveyayinevi.com.tr\/index.php\/wp-json\/wp\/v2\/product_cat?post=729654"},{"taxonomy":"product_tag","embeddable":true,"href":"https:\/\/roveyayinevi.com.tr\/index.php\/wp-json\/wp\/v2\/product_tag?post=729654"}],"curies":[{"name":"wp","href":"https:\/\/api.w.org\/{rel}","templated":true}]}}