{"id":729653,"date":"2025-08-27T21:00:14","date_gmt":"2025-08-27T18:00:14","guid":{"rendered":"https:\/\/roveyayinevi.com.tr\/index.php\/urun\/buyuk-sualti-arastirmasi\/"},"modified":"2026-04-11T02:45:41","modified_gmt":"2026-04-10T23:45:41","slug":"buyuk-sualti-arastirmasi","status":"publish","type":"product","link":"https:\/\/roveyayinevi.com.tr\/index.php\/urun\/buyuk-sualti-arastirmasi\/","title":{"rendered":"B\u00fcy\u00fck Sualt\u0131 Ara\u015ft\u0131rmas\u0131"},"content":{"rendered":"<p>Dev ahtapotlar ve b\u00fcy\u00fck beyaz k\u00f6pekbal\u0131klar\u0131ndan derin deniz dalg\u0131\u00e7lar\u0131na ve sahipsiz hazinelere, bu kitab\u0131n muhte\u015fem \u00e7izimlerle bezeli sayfalar\u0131nda bulunmay\u0131 bekleyen y\u00fczlerce farkl\u0131 \u015fey var. B\u00fcy\u00fck Sualt\u0131 Ara\u015ft\u0131rmas\u0131, mercan resiflerinin b\u00fcy\u00fcl\u00fc d\u00fcnyas\u0131ndan okyanusun \u00fcrk\u00fct\u00fcc\u00fc derinliklerine, deniz alt\u0131ndaki hayatla ilgili b\u00fcy\u00fcleyici bilgilerle dolu. <\/p>\n","protected":false},"excerpt":{"rendered":"<p>Dev ahtapotlar ve b\u00fcy\u00fck beyaz k\u00f6pekbal\u0131klar\u0131ndan derin deniz dalg\u0131\u00e7lar\u0131na ve sahipsiz hazinelere, bu kitab\u0131n muhte\u015fem \u00e7izimlerle bezeli sayfalar\u0131nda bulunmay\u0131 bekleyen y\u00fczlerce farkl\u0131 \u015fey var. B\u00fcy\u00fck Sualt\u0131<span class=\"excerpt-hellip\"> [\u2026]<\/span><\/p>\n","protected":false},"featured_media":0,"template":"","meta":{"_monsterinsights_skip_tracking":false,"_monsterinsights_sitenote_active":false,"_monsterinsights_sitenote_note":"","_monsterinsights_sitenote_category":0},"product_brand":[],"product_cat":[12275,12274],"product_tag":[],"class_list":{"0":"post-729653","1":"product","2":"type-product","3":"status-publish","5":"product_cat-6-12-yas-kitaplari","6":"product_cat-cocuk-ve-genclik-kitaplari","7":"pa_cilt-ciltsiz","8":"pa_tur-kitap","9":"pa_yayinevi-yapi-kredi-yayinlari","10":"pa_yazar-kate-needham","12":"first","13":"instock","14":"sale","15":"shipping-taxable","16":"purchasable","17":"product-type-simple"},"_links":{"self":[{"href":"https:\/\/roveyayinevi.com.tr\/index.php\/wp-json\/wp\/v2\/product\/729653","targetHints":{"allow":["GET"]}}],"collection":[{"href":"https:\/\/roveyayinevi.com.tr\/index.php\/wp-json\/wp\/v2\/product"}],"about":[{"href":"https:\/\/roveyayinevi.com.tr\/index.php\/wp-json\/wp\/v2\/types\/product"}],"wp:attachment":[{"href":"https:\/\/roveyayinevi.com.tr\/index.php\/wp-json\/wp\/v2\/media?parent=729653"}],"wp:term":[{"taxonomy":"product_brand","embeddable":true,"href":"https:\/\/roveyayinevi.com.tr\/index.php\/wp-json\/wp\/v2\/product_brand?post=729653"},{"taxonomy":"product_cat","embeddable":true,"href":"https:\/\/roveyayinevi.com.tr\/index.php\/wp-json\/wp\/v2\/product_cat?post=729653"},{"taxonomy":"product_tag","embeddable":true,"href":"https:\/\/roveyayinevi.com.tr\/index.php\/wp-json\/wp\/v2\/product_tag?post=729653"}],"curies":[{"name":"wp","href":"https:\/\/api.w.org\/{rel}","templated":true}]}}