{"id":729652,"date":"2025-08-27T21:00:13","date_gmt":"2025-08-27T18:00:13","guid":{"rendered":"https:\/\/roveyayinevi.com.tr\/index.php\/urun\/gunebakan-cicekleri\/"},"modified":"2026-04-16T02:37:15","modified_gmt":"2026-04-15T23:37:15","slug":"gunebakan-cicekleri","status":"publish","type":"product","link":"https:\/\/roveyayinevi.com.tr\/index.php\/urun\/gunebakan-cicekleri\/","title":{"rendered":"G\u00fcnebakan \u00c7i\u00e7ekleri"},"content":{"rendered":"<p>Ya sand\u0131\u011f\u0131n gibi de\u011filse\u2026   Kar\u0131nca \u00e7ok \u00fczg\u00fcnm\u00fc\u015f. En iyi arkada\u015f\u0131 fil art\u0131k b\u00fcy\u00fcd\u00fc\u011f\u00fc i\u00e7in onu hi\u00e7 g\u00f6rm\u00fcyormu\u015f. Kar\u0131nca, arkada\u015f\u0131na kendini g\u00f6stermek i\u00e7in neler yapm\u0131\u015f neler! Ama fil onu bir t\u00fcrl\u00fc fark etmiyormu\u015f. Me\u011fer hi\u00e7 de kar\u0131ncan\u0131n sand\u0131\u011f\u0131 gibi de\u011filmi\u015f, filin b\u00fcy\u00fck bir derdi varm\u0131\u015f ve bu y\u00fczden g\u00f6z\u00fc d\u00fcnyay\u0131 g\u00f6rm\u00fcyormu\u015f.   Bazen hi\u00e7bir \u015fey sand\u0131\u011f\u0131m\u0131z gibi olmayabilir. Al\u0131nganl\u0131k bizi yan\u0131ltabilir. \u00c7i\u011fdem Odaba\u015f\u0131\u2019n\u0131n yazd\u0131\u011f\u0131 G\u00fcnebakan \u00c7i\u00e7ekleri\u2019ne Esra Uygun resimleriyle hayat veriyor. <\/p>\n","protected":false},"excerpt":{"rendered":"<p>Ya sand\u0131\u011f\u0131n gibi de\u011filse\u2026 Kar\u0131nca \u00e7ok \u00fczg\u00fcnm\u00fc\u015f. En iyi arkada\u015f\u0131 fil art\u0131k b\u00fcy\u00fcd\u00fc\u011f\u00fc i\u00e7in onu hi\u00e7 g\u00f6rm\u00fcyormu\u015f. Kar\u0131nca, arkada\u015f\u0131na kendini g\u00f6stermek i\u00e7in neler yapm\u0131\u015f neler! Ama<span class=\"excerpt-hellip\"> [\u2026]<\/span><\/p>\n","protected":false},"featured_media":0,"template":"","meta":{"_monsterinsights_skip_tracking":false,"_monsterinsights_sitenote_active":false,"_monsterinsights_sitenote_note":"","_monsterinsights_sitenote_category":0},"product_brand":[],"product_cat":[12275,12274],"product_tag":[],"class_list":{"0":"post-729652","1":"product","2":"type-product","3":"status-publish","5":"product_cat-6-12-yas-kitaplari","6":"product_cat-cocuk-ve-genclik-kitaplari","7":"pa_cilt-ciltsiz","8":"pa_tur-kitap","9":"pa_yayinevi-yapi-kredi-yayinlari","10":"pa_yazar-cigdem-odabasi","12":"first","13":"instock","14":"sale","15":"shipping-taxable","16":"purchasable","17":"product-type-simple"},"_links":{"self":[{"href":"https:\/\/roveyayinevi.com.tr\/index.php\/wp-json\/wp\/v2\/product\/729652","targetHints":{"allow":["GET"]}}],"collection":[{"href":"https:\/\/roveyayinevi.com.tr\/index.php\/wp-json\/wp\/v2\/product"}],"about":[{"href":"https:\/\/roveyayinevi.com.tr\/index.php\/wp-json\/wp\/v2\/types\/product"}],"wp:attachment":[{"href":"https:\/\/roveyayinevi.com.tr\/index.php\/wp-json\/wp\/v2\/media?parent=729652"}],"wp:term":[{"taxonomy":"product_brand","embeddable":true,"href":"https:\/\/roveyayinevi.com.tr\/index.php\/wp-json\/wp\/v2\/product_brand?post=729652"},{"taxonomy":"product_cat","embeddable":true,"href":"https:\/\/roveyayinevi.com.tr\/index.php\/wp-json\/wp\/v2\/product_cat?post=729652"},{"taxonomy":"product_tag","embeddable":true,"href":"https:\/\/roveyayinevi.com.tr\/index.php\/wp-json\/wp\/v2\/product_tag?post=729652"}],"curies":[{"name":"wp","href":"https:\/\/api.w.org\/{rel}","templated":true}]}}