{"id":729651,"date":"2025-08-27T21:00:12","date_gmt":"2025-08-27T18:00:12","guid":{"rendered":"https:\/\/roveyayinevi.com.tr\/index.php\/urun\/marsa-bir-bilet-lutfen\/"},"modified":"2026-04-16T02:37:14","modified_gmt":"2026-04-15T23:37:14","slug":"marsa-bir-bilet-lutfen","status":"publish","type":"product","link":"https:\/\/roveyayinevi.com.tr\/index.php\/urun\/marsa-bir-bilet-lutfen\/","title":{"rendered":"Mars&#8217;a Bir Bilet L\u00fctfen"},"content":{"rendered":"<p>Nilg\u00fcn Ilgaz, 1969 y\u0131l\u0131nda hen\u00fcz 12 ya\u015f\u0131ndayken Ay\u2019a ilk ayak basan astronotlarla tan\u0131\u015fmak ve Ay\u2019a gitmek i\u00e7in NASA\u2019ya mektup yazar. Y\u0131llar sonra bu olaydan esinlenerek kaleme ald\u0131\u011f\u0131 hik\u00e2yede ise bir babaanne ve torun ayn\u0131 merak duygusunda etkileyici bir \u015fekilde bulu\u015fuyor.<\/p>\n","protected":false},"excerpt":{"rendered":"<p>Nilg\u00fcn Ilgaz, 1969 y\u0131l\u0131nda hen\u00fcz 12 ya\u015f\u0131ndayken Ay\u2019a ilk ayak basan astronotlarla tan\u0131\u015fmak ve Ay\u2019a gitmek i\u00e7in NASA\u2019ya mektup yazar. Y\u0131llar sonra bu olaydan esinlenerek kaleme<span class=\"excerpt-hellip\"> [\u2026]<\/span><\/p>\n","protected":false},"featured_media":0,"template":"","meta":{"_monsterinsights_skip_tracking":false,"_monsterinsights_sitenote_active":false,"_monsterinsights_sitenote_note":"","_monsterinsights_sitenote_category":0},"product_brand":[],"product_cat":[12275,12274],"product_tag":[],"class_list":{"0":"post-729651","1":"product","2":"type-product","3":"status-publish","5":"product_cat-6-12-yas-kitaplari","6":"product_cat-cocuk-ve-genclik-kitaplari","7":"pa_cilt-ciltsiz","8":"pa_tur-kitap","9":"pa_yayinevi-cinar-yayinlari","10":"pa_yazar-nilgun-ilgaz","12":"first","13":"instock","14":"sale","15":"shipping-taxable","16":"purchasable","17":"product-type-simple"},"_links":{"self":[{"href":"https:\/\/roveyayinevi.com.tr\/index.php\/wp-json\/wp\/v2\/product\/729651","targetHints":{"allow":["GET"]}}],"collection":[{"href":"https:\/\/roveyayinevi.com.tr\/index.php\/wp-json\/wp\/v2\/product"}],"about":[{"href":"https:\/\/roveyayinevi.com.tr\/index.php\/wp-json\/wp\/v2\/types\/product"}],"wp:attachment":[{"href":"https:\/\/roveyayinevi.com.tr\/index.php\/wp-json\/wp\/v2\/media?parent=729651"}],"wp:term":[{"taxonomy":"product_brand","embeddable":true,"href":"https:\/\/roveyayinevi.com.tr\/index.php\/wp-json\/wp\/v2\/product_brand?post=729651"},{"taxonomy":"product_cat","embeddable":true,"href":"https:\/\/roveyayinevi.com.tr\/index.php\/wp-json\/wp\/v2\/product_cat?post=729651"},{"taxonomy":"product_tag","embeddable":true,"href":"https:\/\/roveyayinevi.com.tr\/index.php\/wp-json\/wp\/v2\/product_tag?post=729651"}],"curies":[{"name":"wp","href":"https:\/\/api.w.org\/{rel}","templated":true}]}}