{"id":729650,"date":"2025-08-27T21:00:11","date_gmt":"2025-08-27T18:00:11","guid":{"rendered":"https:\/\/roveyayinevi.com.tr\/index.php\/urun\/klasik-polisiye-oykuler\/"},"modified":"2026-04-16T02:37:14","modified_gmt":"2026-04-15T23:37:14","slug":"klasik-polisiye-oykuler","status":"publish","type":"product","link":"https:\/\/roveyayinevi.com.tr\/index.php\/urun\/klasik-polisiye-oykuler\/","title":{"rendered":"Klasik Polisiye \u00d6yk\u00fcler"},"content":{"rendered":"<p>\u201c\u015eimdi her \u015fey hi\u00e7 olmad\u0131\u011f\u0131 kadar b\u00fcy\u00fck bir gizemle dolu.\u201d Klasik Polisiye \u00d6yk\u00fcler, su\u00e7 ve gizem edebiyat\u0131n\u0131n \u00f6nemli kahramanlar\u0131n\u0131n ilk kez ortaya \u00e7\u0131kt\u0131\u011f\u0131 ser\u00fcvenler ile \u00f6nc\u00fc yazarlar\u0131n unutulmaz eserlerini bir araya getiriyor. Ok\u00fclt dedektif Carnacki, k\u00f6r dedektif Max Carrados ve avukat dedektif Martin Hewitt\u2019in do\u011fdu\u011fu \u00f6yk\u00fclere ev sahipli\u011fi yapan bu derlemede, bazen bir cinayetin, bazen bir soygunun, bazen adaletin, kimi zaman da bir hayaletin pe\u015finde, esrar perdesi aralanmaya ba\u015fl\u0131yor. \u00c7a\u011fda\u015f \u0130ngiliz polisiyesinin yarat\u0131c\u0131s\u0131 Wilkie Collins\u2019ten \u201cPolis Memuru ve A\u015f\u00e7\u0131\u201d, Arthur Conan Doyle\u2019un en g\u00fc\u00e7l\u00fc edebi rakibi Arthur Morrison\u2019dan \u201cLenton \u00c7iftli\u011fi Soygunlar\u0131\u201d, \u201cpolisiyenin anas\u0131\u201d olarak kabul edilen Anna Katharine Green\u2019den \u201cYakut ve Kazan\u201d, William Hope Hodgson\u2019\u0131n do\u011fa\u00fcst\u00fc ile gizemi harmanlayan \u00f6yk\u00fcs\u00fc \u201cCanavar\u0131n Ge\u00e7idi\u201d, Ernest Bramah\u2019\u0131n eyleme de\u011fil fikre odaklanan polisiyesi \u201cDiyonisos Sikkesi\u201d ve Pulitzer \u00d6d\u00fcll\u00fc feminist yazar Susan Glaspell imzal\u0131 \u201cEmsallerinden Olu\u015fan Bir J\u00fcri\u201d, bu derlemede yan yana geliyor. \u201cPolisiye \u00f6yk\u00fc, i\u00e7 i\u00e7e ge\u00e7mi\u015f iki \u00f6yk\u00fcden olu\u015fur: olup bitenin \u00f6yk\u00fcs\u00fc ve g\u00f6r\u00fcn\u00fcrde olup bitenin \u00f6yk\u00fcs\u00fc.\u201d MARY ROBERTS RINEHART<\/p>\n","protected":false},"excerpt":{"rendered":"<p>\u201c\u015eimdi her \u015fey hi\u00e7 olmad\u0131\u011f\u0131 kadar b\u00fcy\u00fck bir gizemle dolu.\u201d Klasik Polisiye \u00d6yk\u00fcler, su\u00e7 ve gizem edebiyat\u0131n\u0131n \u00f6nemli kahramanlar\u0131n\u0131n ilk kez ortaya \u00e7\u0131kt\u0131\u011f\u0131 ser\u00fcvenler ile \u00f6nc\u00fc<span class=\"excerpt-hellip\"> [\u2026]<\/span><\/p>\n","protected":false},"featured_media":0,"template":"","meta":{"_monsterinsights_skip_tracking":false,"_monsterinsights_sitenote_active":false,"_monsterinsights_sitenote_note":"","_monsterinsights_sitenote_category":0},"product_brand":[],"product_cat":[12291,12711],"product_tag":[],"class_list":{"0":"post-729650","1":"product","2":"type-product","3":"status-publish","5":"product_cat-edebiyat","6":"product_cat-roman-oyku","7":"pa_cilt-ciltsiz","8":"pa_tur-kitap","9":"pa_yayinevi-cinar-yayinlari","10":"pa_yazar-cinar-yayinlari-kolektif","12":"first","13":"instock","14":"sale","15":"shipping-taxable","16":"purchasable","17":"product-type-simple"},"_links":{"self":[{"href":"https:\/\/roveyayinevi.com.tr\/index.php\/wp-json\/wp\/v2\/product\/729650","targetHints":{"allow":["GET"]}}],"collection":[{"href":"https:\/\/roveyayinevi.com.tr\/index.php\/wp-json\/wp\/v2\/product"}],"about":[{"href":"https:\/\/roveyayinevi.com.tr\/index.php\/wp-json\/wp\/v2\/types\/product"}],"wp:attachment":[{"href":"https:\/\/roveyayinevi.com.tr\/index.php\/wp-json\/wp\/v2\/media?parent=729650"}],"wp:term":[{"taxonomy":"product_brand","embeddable":true,"href":"https:\/\/roveyayinevi.com.tr\/index.php\/wp-json\/wp\/v2\/product_brand?post=729650"},{"taxonomy":"product_cat","embeddable":true,"href":"https:\/\/roveyayinevi.com.tr\/index.php\/wp-json\/wp\/v2\/product_cat?post=729650"},{"taxonomy":"product_tag","embeddable":true,"href":"https:\/\/roveyayinevi.com.tr\/index.php\/wp-json\/wp\/v2\/product_tag?post=729650"}],"curies":[{"name":"wp","href":"https:\/\/api.w.org\/{rel}","templated":true}]}}