{"id":729648,"date":"2025-08-27T21:00:09","date_gmt":"2025-08-27T18:00:09","guid":{"rendered":"https:\/\/roveyayinevi.com.tr\/index.php\/urun\/kiraz-cekirdegi\/"},"modified":"2026-04-16T02:37:14","modified_gmt":"2026-04-15T23:37:14","slug":"kiraz-cekirdegi","status":"publish","type":"product","link":"https:\/\/roveyayinevi.com.tr\/index.php\/urun\/kiraz-cekirdegi\/","title":{"rendered":"Kiraz \u00c7ekirde\u011fi"},"content":{"rendered":"<p>Her \u015fey Ay\u015fe\u2019nin yedi\u011fi kirazlardan birinin \u00e7ekirde\u011fini sahiplenmesiyle ba\u015flad\u0131. Ay\u015fe, \u00c7ekirdekLili koydu ismini. Kiraz \u00e7ekirde\u011fi Lili ad\u0131n\u0131 al\u0131nca \u00e7ok sevindi ve \u00f6zel hissetti kendini. Art\u0131kherkes ona Lili diyecek, her yerde bu isimle bilinecekti.Ay\u015fe her g\u00fcn \u00f6pt\u00fc, sevdi \u00e7ekirde\u011fini ve vakti geldi\u011finde de emanet etti topra\u011f\u0131n koynuna\u2026\u00c7ekirdek Lili, bir a\u011faca d\u00f6n\u00fc\u015fmek i\u00e7in halden hale girerken sevmek, bakmak, ilgilenmek vesabretmek gerekliydi.M\u00fcmine Y\u0131ld\u0131z\u2019\u0131n ve k\u00fc\u00e7\u00fck k\u0131z\u0131 Ay\u015fe\u2019nin bu harika hik\u00e2yesi, k\u0131pk\u0131rm\u0131z\u0131 kirazlarla dolduruyory\u00fcrekleri\u2026 Emek, sab\u0131r, sevgi, dostluk, vefa ve do\u011fa sevgisi \u00fczerine harika bir ke\u015fif yolculu\u011funadavet ediyor bizleri\u2026<\/p>\n","protected":false},"excerpt":{"rendered":"<p>Her \u015fey Ay\u015fe\u2019nin yedi\u011fi kirazlardan birinin \u00e7ekirde\u011fini sahiplenmesiyle ba\u015flad\u0131. Ay\u015fe, \u00c7ekirdekLili koydu ismini. Kiraz \u00e7ekirde\u011fi Lili ad\u0131n\u0131 al\u0131nca \u00e7ok sevindi ve \u00f6zel hissetti kendini. Art\u0131kherkes ona<span class=\"excerpt-hellip\"> [\u2026]<\/span><\/p>\n","protected":false},"featured_media":0,"template":"","meta":{"_monsterinsights_skip_tracking":false,"_monsterinsights_sitenote_active":false,"_monsterinsights_sitenote_note":"","_monsterinsights_sitenote_category":0},"product_brand":[],"product_cat":[12274,12518],"product_tag":[],"class_list":{"0":"post-729648","1":"product","2":"type-product","3":"status-publish","5":"product_cat-cocuk-ve-genclik-kitaplari","6":"product_cat-okul-oncesi-kitaplar","7":"pa_cilt-ciltsiz","8":"pa_tur-kitap","9":"pa_yayinevi-tuti-kitap","10":"pa_yazar-mumine-yildiz","12":"first","13":"instock","14":"sale","15":"shipping-taxable","16":"purchasable","17":"product-type-simple"},"_links":{"self":[{"href":"https:\/\/roveyayinevi.com.tr\/index.php\/wp-json\/wp\/v2\/product\/729648","targetHints":{"allow":["GET"]}}],"collection":[{"href":"https:\/\/roveyayinevi.com.tr\/index.php\/wp-json\/wp\/v2\/product"}],"about":[{"href":"https:\/\/roveyayinevi.com.tr\/index.php\/wp-json\/wp\/v2\/types\/product"}],"wp:attachment":[{"href":"https:\/\/roveyayinevi.com.tr\/index.php\/wp-json\/wp\/v2\/media?parent=729648"}],"wp:term":[{"taxonomy":"product_brand","embeddable":true,"href":"https:\/\/roveyayinevi.com.tr\/index.php\/wp-json\/wp\/v2\/product_brand?post=729648"},{"taxonomy":"product_cat","embeddable":true,"href":"https:\/\/roveyayinevi.com.tr\/index.php\/wp-json\/wp\/v2\/product_cat?post=729648"},{"taxonomy":"product_tag","embeddable":true,"href":"https:\/\/roveyayinevi.com.tr\/index.php\/wp-json\/wp\/v2\/product_tag?post=729648"}],"curies":[{"name":"wp","href":"https:\/\/api.w.org\/{rel}","templated":true}]}}