{"id":729644,"date":"2025-08-27T21:00:05","date_gmt":"2025-08-27T18:00:05","guid":{"rendered":"https:\/\/roveyayinevi.com.tr\/index.php\/urun\/sen-cok-ozelsin\/"},"modified":"2026-04-16T02:37:14","modified_gmt":"2026-04-15T23:37:14","slug":"sen-cok-ozelsin","status":"publish","type":"product","link":"https:\/\/roveyayinevi.com.tr\/index.php\/urun\/sen-cok-ozelsin\/","title":{"rendered":"Sen \u00c7ok \u00d6zelsin"},"content":{"rendered":"<p>\u201cBana sevgi dolu bir y\u00fcrek g\u00f6sterin. Size, \u2018Cennet i\u015fte orada!\u2019 diyeyim.\u201dDuygular\u0131n dibe vurdu\u011funda sak\u0131n d\u00f6k\u00fclme k\u0131ymetsiz bir y\u00fcre\u011fin merhametine.Hem seni anlamaz hem dalgas\u0131n\u0131 ge\u00e7er hem de dedikodu yapar.Limana demirlemi\u015f bir gemi gibi sus ve i\u00e7ine at ya\u015fad\u0131klar\u0131n\u0131, sonra da Allah&#8217;\u0131n makam\u0131na s\u0131\u011f\u0131n.\u0130nsanlar vicdans\u0131z bir \u015fekilde tarumar ederken y\u00fcre\u011fini, seni Yaratan, bin kez yanl\u0131\u015f yapsan da hem gizleyecek hem de kabul edecek seni.Hadi bir yerlerden ba\u015fla ve aya\u011fa kalk yoksa kaybolup gideceksin. F\u0131rt\u0131nalar bana ne yapar diye d\u00fc\u015f\u00fcnme, denemeden bunu bilemeyeceksin. Moralini y\u00fcksek tutar, kendini yenileyerek ad\u0131m ad\u0131m ilerlersen kesinlikle zafere ula\u015facaks\u0131n. \u00c7\u00fcnk\u00fc her zafer, sefere niyet edenleri a\u015fk ile beklemektedir.Kendinle y\u00fczle\u015ferek ba\u015flayabilirsin. Hatalar\u0131n, yanl\u0131\u015flar\u0131n, \u00f6z\u00fcr bekleyen ki\u015filer, affedemediklerin, ihmal etti\u011fin sevdiklerin\u2026 Son defa onlarla y\u00fczle\u015f, onlara te\u015fekk\u00fcr et, onlardan \u00f6z\u00fcr dile sonra da kollar\u0131n\u0131 s\u0131va ve sava\u015fmaya ba\u015fla.Kendine inanmazsan kimse sana inanmayacak. E\u011fer y\u00fcre\u011finin g\u00fcc\u00fcn\u00fcn fark\u0131na varmazsan kimse sana sevginin g\u00fcc\u00fcn\u00fcn t\u00fcm d\u00fcnyay\u0131 ku\u015fatt\u0131\u011f\u0131n\u0131 anlatmayacak. Hayatta bir \u015feye sahip olmak i\u00e7in de\u011fil, ait oldu\u011fun \u015feylere ruhundan bir \u015feyler katmak i\u00e7in ya\u015fa.Unutma! Sen \u00e7ok \u00f6zelsin\u2026 Allah\u2019\u0131n yaratt\u0131\u011f\u0131 en g\u00fczel varl\u0131ks\u0131n. Kendinin fark\u0131nda ol ve hayat denilen sahneden rol\u00fcn\u00fc hakk\u0131yla yaparak ayr\u0131l.<\/p>\n","protected":false},"excerpt":{"rendered":"<p>\u201cBana sevgi dolu bir y\u00fcrek g\u00f6sterin. Size, \u2018Cennet i\u015fte orada!\u2019 diyeyim.\u201dDuygular\u0131n dibe vurdu\u011funda sak\u0131n d\u00f6k\u00fclme k\u0131ymetsiz bir y\u00fcre\u011fin merhametine.Hem seni anlamaz hem dalgas\u0131n\u0131 ge\u00e7er hem de<span class=\"excerpt-hellip\"> [\u2026]<\/span><\/p>\n","protected":false},"featured_media":0,"template":"","meta":{"_monsterinsights_skip_tracking":false,"_monsterinsights_sitenote_active":false,"_monsterinsights_sitenote_note":"","_monsterinsights_sitenote_category":0},"product_brand":[],"product_cat":[12364,12376],"product_tag":[],"class_list":{"0":"post-729644","1":"product","2":"type-product","3":"status-publish","5":"product_cat-genel-konular","6":"product_cat-kisisel-gelisim","7":"pa_cilt-ciltsiz","8":"pa_tur-kitap","9":"pa_yayinevi-hayat-yayinlari","10":"pa_yazar-zekeriya-efiloglu","12":"first","13":"instock","14":"sale","15":"shipping-taxable","16":"purchasable","17":"product-type-simple"},"_links":{"self":[{"href":"https:\/\/roveyayinevi.com.tr\/index.php\/wp-json\/wp\/v2\/product\/729644","targetHints":{"allow":["GET"]}}],"collection":[{"href":"https:\/\/roveyayinevi.com.tr\/index.php\/wp-json\/wp\/v2\/product"}],"about":[{"href":"https:\/\/roveyayinevi.com.tr\/index.php\/wp-json\/wp\/v2\/types\/product"}],"wp:attachment":[{"href":"https:\/\/roveyayinevi.com.tr\/index.php\/wp-json\/wp\/v2\/media?parent=729644"}],"wp:term":[{"taxonomy":"product_brand","embeddable":true,"href":"https:\/\/roveyayinevi.com.tr\/index.php\/wp-json\/wp\/v2\/product_brand?post=729644"},{"taxonomy":"product_cat","embeddable":true,"href":"https:\/\/roveyayinevi.com.tr\/index.php\/wp-json\/wp\/v2\/product_cat?post=729644"},{"taxonomy":"product_tag","embeddable":true,"href":"https:\/\/roveyayinevi.com.tr\/index.php\/wp-json\/wp\/v2\/product_tag?post=729644"}],"curies":[{"name":"wp","href":"https:\/\/api.w.org\/{rel}","templated":true}]}}