{"id":729640,"date":"2025-08-27T21:00:01","date_gmt":"2025-08-27T18:00:01","guid":{"rendered":"https:\/\/roveyayinevi.com.tr\/index.php\/urun\/keske\/"},"modified":"2026-02-03T02:53:28","modified_gmt":"2026-02-02T23:53:28","slug":"keske","status":"publish","type":"product","link":"https:\/\/roveyayinevi.com.tr\/index.php\/urun\/keske\/","title":{"rendered":"Ke\u015fke"},"content":{"rendered":"<p>Bozk\u0131r\u0131 ye\u015fertmek ne kadar s\u00fcrer&#8230; Bir mevsim mi?Gen\u00e7lik, E\u011fitim, Ayd\u0131nlanma, \u00d6zg\u00fcrl\u00fck ne kadar s\u00fcrer&#8230;  On y\u0131l m\u0131?Pi\u015fmanl\u0131k ne kadar s\u00fcrer&#8230; \u00c7eyrek as\u0131r m\u0131?A\u015fk ne kadar s\u00fcrer&#8230;&#8230; Bir \u00f6m\u00fcr m\u00fc?Ke\u015fke&#8230; Hatalar\u0131m\u0131z, fedak\u00e2rl\u0131klar\u0131m\u0131z, kay\u0131plar\u0131m\u0131z,sevgimizin a\u011f\u0131rl\u0131\u011f\u0131yla, ge\u00e7mi\u015fi, bug\u00fcn\u00fc ve gelece\u011fi ku\u015fatanbir &#8220;ke\u015fke&#8221; ne kadar s\u00fcrer?Sema Soykan&#8217;\u0131n \u00f6\u011fretici kalemi ve ak\u0131c\u0131 \u00fcslubuyla KE\u015eKE-Bir K\u00f6y Enstit\u00fcs\u00fc Roman\u0131, s\u0131rlar ile \u00f6zlemler, ma\u011flubiyetler ile galibiyetler, imk\u00e2ns\u0131z ile m\u00fcmk\u00fcn aras\u0131nda savrulan alt\u0131 hayat\u0131n perdesini aral\u0131yor.Ya\u015fanm\u0131\u015f olaylardan esinlenerek titiz bir ara\u015ft\u0131rmayla yaz\u0131lan KE\u015eKE, T\u00fcrkiye\u2019nin ayd\u0131nlanma s\u00fcrecinde yeti\u015fmi\u015f iki \u00f6\u011fretmenin \u2013Sabia (Nedret) ve Fikret\u2019in\u2013  ya\u015fam\u00f6yk\u00fcleri, vatan sevgileri, \u00f6l\u00fcms\u00fcz a\u015fklar\u0131 ve fedak\u00e2rl\u0131klar\u0131n\u0131 anlat\u0131rken, K\u00f6y Enstit\u00fclerinin a\u00e7\u0131l\u0131\u015f\u0131ndan kapan\u0131\u015f\u0131na, i\u015fleyi\u015finden benzersiz e\u011fitimine ve T\u00fcrkiye\u2019nin 1940-1980 y\u0131llar\u0131 aras\u0131nda ya\u015fad\u0131\u011f\u0131 siyasi s\u00fcre\u00e7ler ile emperyalizmin e\u011fitimimiz ve de toplumumuz \u00fczerindeki etkilerine de mercek tutuyor.Sadece ki\u015filerin de\u011fil, toplumlar\u0131n da ke\u015fkeleri ne kadar \u00e7oksa, hatalar\u0131, mutsuzluklar\u0131 ve pi\u015fmanl\u0131klar\u0131n\u0131n o kadar derin ve deyak\u0131c\u0131 oldu\u011funun hat\u0131rlanmas\u0131 umuduyla&#8230;<\/p>\n","protected":false},"excerpt":{"rendered":"<p>Bozk\u0131r\u0131 ye\u015fertmek ne kadar s\u00fcrer&#8230; Bir mevsim mi?Gen\u00e7lik, E\u011fitim, Ayd\u0131nlanma, \u00d6zg\u00fcrl\u00fck ne kadar s\u00fcrer&#8230; On y\u0131l m\u0131?Pi\u015fmanl\u0131k ne kadar s\u00fcrer&#8230; \u00c7eyrek as\u0131r m\u0131?A\u015fk ne kadar s\u00fcrer&#8230;&#8230;<span class=\"excerpt-hellip\"> [\u2026]<\/span><\/p>\n","protected":false},"featured_media":0,"template":"","meta":{"_monsterinsights_skip_tracking":false,"_monsterinsights_sitenote_active":false,"_monsterinsights_sitenote_note":"","_monsterinsights_sitenote_category":0},"product_brand":[],"product_cat":[12291,12711],"product_tag":[],"class_list":{"0":"post-729640","1":"product","2":"type-product","3":"status-publish","5":"product_cat-edebiyat","6":"product_cat-roman-oyku","7":"pa_cilt-ciltsiz","8":"pa_tur-kitap","9":"pa_yayinevi-alfa-yayinlari","10":"pa_yazar-sema-soykan","12":"first","13":"instock","14":"sale","15":"shipping-taxable","16":"purchasable","17":"product-type-simple"},"_links":{"self":[{"href":"https:\/\/roveyayinevi.com.tr\/index.php\/wp-json\/wp\/v2\/product\/729640","targetHints":{"allow":["GET"]}}],"collection":[{"href":"https:\/\/roveyayinevi.com.tr\/index.php\/wp-json\/wp\/v2\/product"}],"about":[{"href":"https:\/\/roveyayinevi.com.tr\/index.php\/wp-json\/wp\/v2\/types\/product"}],"wp:attachment":[{"href":"https:\/\/roveyayinevi.com.tr\/index.php\/wp-json\/wp\/v2\/media?parent=729640"}],"wp:term":[{"taxonomy":"product_brand","embeddable":true,"href":"https:\/\/roveyayinevi.com.tr\/index.php\/wp-json\/wp\/v2\/product_brand?post=729640"},{"taxonomy":"product_cat","embeddable":true,"href":"https:\/\/roveyayinevi.com.tr\/index.php\/wp-json\/wp\/v2\/product_cat?post=729640"},{"taxonomy":"product_tag","embeddable":true,"href":"https:\/\/roveyayinevi.com.tr\/index.php\/wp-json\/wp\/v2\/product_tag?post=729640"}],"curies":[{"name":"wp","href":"https:\/\/api.w.org\/{rel}","templated":true}]}}