{"id":729639,"date":"2025-08-27T21:00:00","date_gmt":"2025-08-27T18:00:00","guid":{"rendered":"https:\/\/roveyayinevi.com.tr\/index.php\/urun\/gorunmez-adam-6\/"},"modified":"2026-04-16T02:37:14","modified_gmt":"2026-04-15T23:37:14","slug":"gorunmez-adam-6","status":"publish","type":"product","link":"https:\/\/roveyayinevi.com.tr\/index.php\/urun\/gorunmez-adam-6\/","title":{"rendered":"G\u00f6r\u00fcnmez Adam"},"content":{"rendered":"<p>\u201cOrada g\u00f6r\u00fcnemedikten sonra oldu\u011fun yerle gurur duyman\u0131n ne anlam\u0131 vard\u0131 ki?\u201d   Bilimkurgu edebiyat\u0131n\u0131n \u00f6nde gelen ismi H. G. Wells, 1897 y\u0131l\u0131nda G\u00f6r\u00fcnmez Adam adl\u0131 eserini yay\u0131mlar. G\u00f6r\u00fcnmezli\u011fin s\u0131rr\u0131n\u0131 bulan bir bilim insan\u0131n\u0131n h\u0131rslar\u0131yla m\u00fccadelesini anlatan romanda toplumun bu farkl\u0131l\u0131\u011fa bak\u0131\u015f a\u00e7\u0131s\u0131n\u0131 da g\u00f6r\u00fcr\u00fcz. Gen\u00e7 bir insan\u0131n g\u00f6r\u00fcnmezlik tutkusunu ve bu tutkuya ula\u015fma yolunda ba\u015f\u0131ndan ge\u00e7enleri okuyucuya trajik bir bi\u00e7imde sunan Wells di\u011fer eserlerinde oldu\u011fu gibi burada da bilime ve edebiyata \u00f6nc\u00fcl\u00fck ediyor. G\u00f6r\u00fcnmez Adam H. G. Wells\u2019in en ak\u0131lda kal\u0131c\u0131 eserlerinden biri olarak okurlar\u0131n ilgisini her zaman \u00e7ekmeyi ba\u015farm\u0131\u015ft\u0131r.  <\/p>\n","protected":false},"excerpt":{"rendered":"<p>\u201cOrada g\u00f6r\u00fcnemedikten sonra oldu\u011fun yerle gurur duyman\u0131n ne anlam\u0131 vard\u0131 ki?\u201d Bilimkurgu edebiyat\u0131n\u0131n \u00f6nde gelen ismi H. G. Wells, 1897 y\u0131l\u0131nda G\u00f6r\u00fcnmez Adam adl\u0131 eserini yay\u0131mlar.<span class=\"excerpt-hellip\"> [\u2026]<\/span><\/p>\n","protected":false},"featured_media":0,"template":"","meta":{"_monsterinsights_skip_tracking":false,"_monsterinsights_sitenote_active":false,"_monsterinsights_sitenote_note":"","_monsterinsights_sitenote_category":0},"product_brand":[],"product_cat":[12540,12291],"product_tag":[],"class_list":{"0":"post-729639","1":"product","2":"type-product","3":"status-publish","5":"product_cat-bilim-kurgu","6":"product_cat-edebiyat","7":"pa_cilt-ciltsiz","8":"pa_tur-kitap","9":"pa_yayinevi-ren-kitap","10":"pa_yazar-h-g-wells","12":"first","13":"instock","14":"sale","15":"shipping-taxable","16":"purchasable","17":"product-type-simple"},"_links":{"self":[{"href":"https:\/\/roveyayinevi.com.tr\/index.php\/wp-json\/wp\/v2\/product\/729639","targetHints":{"allow":["GET"]}}],"collection":[{"href":"https:\/\/roveyayinevi.com.tr\/index.php\/wp-json\/wp\/v2\/product"}],"about":[{"href":"https:\/\/roveyayinevi.com.tr\/index.php\/wp-json\/wp\/v2\/types\/product"}],"wp:attachment":[{"href":"https:\/\/roveyayinevi.com.tr\/index.php\/wp-json\/wp\/v2\/media?parent=729639"}],"wp:term":[{"taxonomy":"product_brand","embeddable":true,"href":"https:\/\/roveyayinevi.com.tr\/index.php\/wp-json\/wp\/v2\/product_brand?post=729639"},{"taxonomy":"product_cat","embeddable":true,"href":"https:\/\/roveyayinevi.com.tr\/index.php\/wp-json\/wp\/v2\/product_cat?post=729639"},{"taxonomy":"product_tag","embeddable":true,"href":"https:\/\/roveyayinevi.com.tr\/index.php\/wp-json\/wp\/v2\/product_tag?post=729639"}],"curies":[{"name":"wp","href":"https:\/\/api.w.org\/{rel}","templated":true}]}}